{"id":8930,"date":"2023-03-24T10:19:12","date_gmt":"2023-03-24T09:19:12","guid":{"rendered":"https:\/\/solomoto.be\/fr\/?page_id=8930"},"modified":"2023-06-28T14:58:03","modified_gmt":"2023-06-28T13:58:03","slug":"poste","status":"publish","type":"page","link":"https:\/\/solomoto.be\/fr\/poste\/","title":{"rendered":"Poste"},"content":{"rendered":"\n<p><strong>Consulter vos documents<\/strong><\/p>\n\n\n\n<p>Vous trouverez ci-dessous votre code unique pour vous connecter \u00e0 l\u2019environnement s\u00e9curis\u00e9 de Postex.<\/p>\n\n\n\n<div id=\"postex-code\" data-lang=\"fr\"><\/div>\n<script src=\"https:\/\/www.postex.com\/apps\/common\/plugins\/postex-code\/2.0\/postex-code.js\"><\/script>\n\n\n\n<p>Une fois connect\u00e9, vous pourrez:<\/p>\n\n\n\n<ul class=\"wp-block-list\">\n<li>consulter et t\u00e9l\u00e9charger vos documents;<\/li>\n\n\n\n<li>choisir vous-m\u00eame si vous souhaitez recevoir vos documents par courrier postal ou par email;<\/li>\n\n\n\n<li>consulter et t\u00e9l\u00e9charger les documents envoy\u00e9s par email pendant un an.<\/li>\n<\/ul>\n\n\n\n<p><strong>Envoi de courrier via Postex<\/strong><\/p>\n\n\n\n<p><a href=\"https:\/\/solomoto.be\/fr\/\">Solo Moto assurance<\/a>\u00a0\u00e9volue avec son temps, c\u2019est pourquoi il nous est d\u00e9sormais possible de proposer toute la communication en rapport avec votre assurance de mani\u00e8re digitale. Nous voulons cependant vous laisser libre de choisir de recevoir vos documents par courrier postal. Nous utilisons \u00e0 cet effet le syst\u00e8me de Postex. C\u2019est un outil qui permet de visualiser clairement les documents relatifs \u00e0 votre police d\u2019assurance. Vous pouvez indiquer vos pr\u00e9f\u00e9rences gr\u00e2ce au code unique que vous avez re\u00e7u.<\/p>\n\n\n\n<p><strong>Des questions?<\/strong><\/p>\n\n\n\n<p>Si vous avez des questions, n\u2019h\u00e9sitez pas \u00e0 nous appeler au 03 808 58 95 ou \u00e0 envoyer un mail \u00e0 <a href=\"mailto:info@solomoto.be\">info@solomoto.be<\/a>. Vous trouverez les questions les plus fr\u00e9quentes et leurs r\u00e9ponses ci-dessous.<\/p>\n\n\n\n<p><strong><em>Qu\u2019est-ce qui change?<\/em><\/strong><strong><\/strong><\/p>\n\n\n\n<p>Si vous avez souscrit votre assurance de mani\u00e8re digitale ou communiqu\u00e9 votre adresse mail \u00e0 votre conseiller, votre correspondance sera par d\u00e9faut envoy\u00e9e de fa\u00e7on digitale. Vos documents se trouveront de mani\u00e8re claire et s\u00e9curis\u00e9e sur un site web. En plus de faire du bien \u00e0 la plan\u00e8te en r\u00e9alisant des \u00e9conomies de papier, cela vous permettra de trouver vos documents facilement.<\/p>\n\n\n\n<p>Si nous ne disposons pas de votre adresse mail, rien ne changera pour vous, \u00e0 moins que vous ne le demandiez. Vous continuerez \u00e0 recevoir toute la correspondance, comme vos contrats, lettres et factures. En outre, vous recevrez \u00e9galement une page de garde avec un code unique (temporaire) qui vous permettra de consulter les courriers sous forme num\u00e9rique.<\/p>\n\n\n\n<p><strong><em>Qu\u2019est-ce que Postex?<\/em><\/strong><strong><\/strong><\/p>\n\n\n\n<p>Postex est une entreprise qui exp\u00e9die du courrier avec le logo de votre conseiller en assurances. Le courrier postal et le courrier num\u00e9rique sont tous deux possibles. Pour plus d&rsquo;informations, consultez le site <a href=\"http:\/\/www.postex.com\">www.postex.com<\/a>.<\/p>\n\n\n\n<p><strong><em>Puis-je toujours recevoir mon courrier par voie digitale ?<\/em><\/strong><\/p>\n\n\n\n<p>Le changement dans la m\u00e9thode d\u2019envoi offre de nouvelles possibilit\u00e9s. Comme vous avez pu le lire ci-dessus, il est \u00e9galement possible d&rsquo;indiquer si vous souhaitez d\u00e9sormais recevoir le courrier de votre conseiller en assurances par email. Vous pouvez choisir votre mode de r\u00e9ception pr\u00e9f\u00e9r\u00e9, par courrier ou par email. A l&rsquo;aide du code unique figurant sur la page de garde, vous pouvez vous connecter et indiquer votre choix.<\/p>\n\n\n\n<p>Postex respecte des conditions strictes en mati\u00e8re de confidentialit\u00e9 et de s\u00e9curit\u00e9 et traite vos donn\u00e9es avec soin. Postex ne demande jamais d&rsquo;informations de connexion ou de mots de passe. Ne les communiquez jamais \u00e0 des tiers ! Vous souhaitez en savoir plus sur Postex ? Rendez-vous sur le site : <a href=\"http:\/\/www.postex.com\">www.postex.com<\/a><\/p>\n","protected":false},"excerpt":{"rendered":"<p>Consulter vos documents Vous trouverez ci-dessous votre code unique pour vous connecter \u00e0 l\u2019environnement s\u00e9curis\u00e9 de Postex. Une fois connect\u00e9,&#8230;<\/p>\n","protected":false},"author":2,"featured_media":0,"parent":0,"menu_order":0,"comment_status":"closed","ping_status":"closed","template":"","meta":{"_acf_changed":false,"footnotes":""},"class_list":["post-8930","page","type-page","status-publish","hentry"],"acf":[],"_links":{"self":[{"href":"https:\/\/solomoto.be\/fr\/wp-json\/wp\/v2\/pages\/8930","targetHints":{"allow":["GET"]}}],"collection":[{"href":"https:\/\/solomoto.be\/fr\/wp-json\/wp\/v2\/pages"}],"about":[{"href":"https:\/\/solomoto.be\/fr\/wp-json\/wp\/v2\/types\/page"}],"author":[{"embeddable":true,"href":"https:\/\/solomoto.be\/fr\/wp-json\/wp\/v2\/users\/2"}],"replies":[{"embeddable":true,"href":"https:\/\/solomoto.be\/fr\/wp-json\/wp\/v2\/comments?post=8930"}],"version-history":[{"count":5,"href":"https:\/\/solomoto.be\/fr\/wp-json\/wp\/v2\/pages\/8930\/revisions"}],"predecessor-version":[{"id":8971,"href":"https:\/\/solomoto.be\/fr\/wp-json\/wp\/v2\/pages\/8930\/revisions\/8971"}],"wp:attachment":[{"href":"https:\/\/solomoto.be\/fr\/wp-json\/wp\/v2\/media?parent=8930"}],"curies":[{"name":"wp","href":"https:\/\/api.w.org\/{rel}","templated":true}]}}