{"id":8814,"date":"2022-09-30T16:20:03","date_gmt":"2022-09-30T15:20:03","guid":{"rendered":"https:\/\/solomoto.be\/fr\/?page_id=8814"},"modified":"2023-06-28T14:54:13","modified_gmt":"2023-06-28T13:54:13","slug":"omnium-moto","status":"publish","type":"page","link":"https:\/\/solomoto.be\/fr\/omnium-moto\/","title":{"rendered":"Omnium Moto"},"content":{"rendered":"\n<h2 class=\"wp-block-heading\">Assurer votre moto en Omnium<\/h2>\n\n\n\n<p>Chez Solo Moto, vous pouvez souscrire diff\u00e9rentes formules d&rsquo;assurance moto. Les primes et les indemnisations d\u00e9pendent du type d&rsquo;assurance moto. Nous allons vous expliquer ce que comprend une assurance Omnium pour faciliter votre choix. Tous les risques ne sont pas assur\u00e9s en Omnium.<\/p>\n\n\n\n<figure class=\"wp-block-image size-full is-resized\"><img loading=\"lazy\" decoding=\"async\" src=\"https:\/\/solomoto.be\/fr\/wp-content\/uploads\/2022\/09\/image-7.gif\" alt=\"\" class=\"wp-image-8815\" width=\"840\" height=\"560\"\/><\/figure>\n\n\n\n<h2 class=\"wp-block-heading\">Qu&rsquo;est-ce qu&rsquo;une assurance moto Omnium?<\/h2>\n\n\n\n<p>En Omnium, vous \u00eates assur\u00e9(e) pour les dommages qui vous sont imputables. Le co\u00fbt d&rsquo;une Omnium est plus \u00e9lev\u00e9 que celui d&rsquo;une assurance avec moins de couvertures, comme par exemple la RC ou la RC+ Mini Omnium. Vous d\u00e9terminez vous-m\u00eame s&rsquo;il est n\u00e9cessaire d&rsquo;assurer votre moto en Omnium. Si vous choisissez la formule la moins ch\u00e8re et que vous avez un sinistre, cela peut finalement s&rsquo;av\u00e9rer plus cher.<\/p>\n\n\n\n<p>En tant qu&rsquo;amateurs de motos, nous comprenons parfaitement que vous \u00eates prudent(e) au guidon de la v\u00f4tre. Pourtant, une assurance Omnium peut \u00eatre une meilleure option \u00e0 long terme. Vous pouvez ainsi parcourir en toute tranquillit\u00e9 de nombreux kilom\u00e8tres sur votre magnifique engin.<\/p>\n\n\n\n<h2 class=\"wp-block-heading\">Assurance moto Omnium<\/h2>\n\n\n\n<p>L&rsquo;assurance l\u00e9galement obligatoire en Belgique est la responsabilit\u00e9 civile (RC). C&rsquo;est le minium pour lequel vous devez \u00eatre assur\u00e9, sans lequel vous ne pouvez pas circuler sur la voie publique. Une assurance Omnium est une garantie suppl\u00e9mentaire par rapport \u00e0 la RC. En RC, vous n&rsquo;\u00eates couvert(e) que pour les d\u00e9g\u00e2ts caus\u00e9s aux tiers. L&rsquo;Omnium couvre \u00e9galement les d\u00e9g\u00e2ts \u00e0 votre propre moto.<\/p>\n\n\n\n<h2 class=\"wp-block-heading\">Exemples de primes Omnium pour diverses motos<\/h2>\n\n\n\n<figure class=\"wp-block-table\"><table><tbody><tr><td><strong>Mod\u00e8le<\/strong><\/td><td><strong>Prime<\/strong> <strong>Full Omnium<\/strong><\/td><\/tr><tr><td><a href=\"https:\/\/solomoto.be\/fr\/assurance-ducati\/\">Ducati <\/a>Diavel 1260 (2022)<\/td><td>\u00e0 partir de \u20ac135,63 par mois<\/td><\/tr><tr><td><a href=\"https:\/\/solomoto.be\/fr\/assurer-honda\/\">Honda <\/a>CRF1100L Africa Twin (2022)<\/td><td>\u00e0 partir de \u20ac123,93 par mois<\/td><\/tr><tr><td><a href=\"https:\/\/solomoto.be\/fr\/assurer-kawasaki\/\">Kawasaki <\/a>Versys 1000 S (2022)<\/td><td>\u00e0 partir de \u20ac100,38 par mois<\/td><\/tr><tr><td><a href=\"https:\/\/solomoto.be\/fr\/assurance-triumph\/\">Triumph<\/a> Scrambler 1200 XC (2022)<\/td><td>\u00e0 partir de \u20ac98,60 par mois<\/td><\/tr><\/tbody><\/table><\/figure>\n\n\n\n<p>Les primes ci-dessus sont bas\u00e9es sur le profil suivant: 45 ans, pas d&rsquo;accident en tort dans les 5 derni\u00e8res ann\u00e9es, permis depuis 5 ans ou plus, disposant d&rsquo;un garage ferm\u00e9, moto \u00e9quip\u00e9e d&rsquo;un syst\u00e8me anti-d\u00e9marrage et\/ou d&rsquo;une alarme<\/p>\n\n\n\n<h2 class=\"wp-block-heading\">L&rsquo;assurance omnium est-elle faire pour moi?<\/h2>\n\n\n\n<p>Cela peut \u00eatre un choix difficile: dois-je assurer ma moto en omnium ou non? Chez Solo Moto, nos vous aidons \u00e0 faire le bon choix. Quand vous achetez une moto neuve ou tr\u00e8s r\u00e9cente, l&rsquo;assurance Omnium est certainement \u00e0 consid\u00e9rer. N&rsquo;oubliez pas que l&rsquo;assureur se base par d\u00e9faut sur la valeur r\u00e9elle de la moto. Il est aussi possible d&rsquo;envisager d&rsquo;assurer la moto en valeur d&rsquo;achat, afin que vous puissiez \u00eatre indemnis\u00e9(e) \u00e0 hauteur de celle-ci en cas de sinistre, au lieu de la valeur r\u00e9elle. Pour une moto moins r\u00e9cente, une simple RC peut suffire dans certains cas.<\/p>\n\n\n\n<p> <\/p>\n\n\n\n<p>Tout d\u00e9pend finalement de votre profil. Sur base de ceui-ci, vous pouvez choisir l&rsquo;assurance qui vous convient le mieux. Solo Moto vous aidera avec plaisir \u00e0 <a href=\"https:\/\/premie.solomoto.be\/offertes\/nieuw\/1ad2cf00-fadc-4dfd-a2ae-8b030d565a87?label=solomoto&amp;lang=fr\">comparer les diff\u00e9rentes formules<\/a> possibles et \u00e0 les mettre en ad\u00e9quation avec vos souhaits. Vous pouvez le faire facilement via notre outil de simulation d&rsquo;assurance moto.<\/p>\n\n\n\n<h2 class=\"wp-block-heading\">Du mal \u00e0 faire votre choix?<\/h2>\n\n\n\n<p>Vous pouvez toujours nous contacter si vous avez besoin de conseils pour faire le bon choix. Nous sommes l\u00e0 pour vous du lundi au vendredi, de 9h \u00e0 17h. Vous pouvez nous appeler pour toute question au 03\/808.58.95, nous adresser un mail \u00e0 info@solomoto.be ou <a href=\"https:\/\/solomoto.be\/fr\/demande-de-rappel\/\" data-type=\"URL\" data-id=\"https:\/\/solomoto.be\/fr\/demande-de-rappel\/\">compl\u00e9ter le formulaire de contact<\/a>. Nous souscrivons pour vous la meilleure assurance moto!                <\/p>\n\n\n\n<p>        <\/p>\n","protected":false},"excerpt":{"rendered":"<p>Assurer votre moto en Omnium Chez Solo Moto, vous pouvez souscrire diff\u00e9rentes formules d&rsquo;assurance moto. Les primes et les indemnisations&#8230;<\/p>\n","protected":false},"author":4,"featured_media":0,"parent":0,"menu_order":0,"comment_status":"closed","ping_status":"closed","template":"","meta":{"_acf_changed":false,"footnotes":""},"class_list":["post-8814","page","type-page","status-publish","hentry"],"acf":[],"_links":{"self":[{"href":"https:\/\/solomoto.be\/fr\/wp-json\/wp\/v2\/pages\/8814","targetHints":{"allow":["GET"]}}],"collection":[{"href":"https:\/\/solomoto.be\/fr\/wp-json\/wp\/v2\/pages"}],"about":[{"href":"https:\/\/solomoto.be\/fr\/wp-json\/wp\/v2\/types\/page"}],"author":[{"embeddable":true,"href":"https:\/\/solomoto.be\/fr\/wp-json\/wp\/v2\/users\/4"}],"replies":[{"embeddable":true,"href":"https:\/\/solomoto.be\/fr\/wp-json\/wp\/v2\/comments?post=8814"}],"version-history":[{"count":8,"href":"https:\/\/solomoto.be\/fr\/wp-json\/wp\/v2\/pages\/8814\/revisions"}],"predecessor-version":[{"id":8970,"href":"https:\/\/solomoto.be\/fr\/wp-json\/wp\/v2\/pages\/8814\/revisions\/8970"}],"wp:attachment":[{"href":"https:\/\/solomoto.be\/fr\/wp-json\/wp\/v2\/media?parent=8814"}],"curies":[{"name":"wp","href":"https:\/\/api.w.org\/{rel}","templated":true}]}}