{"id":8809,"date":"2022-09-30T15:45:16","date_gmt":"2022-09-30T14:45:16","guid":{"rendered":"https:\/\/solomoto.be\/fr\/?page_id=8809"},"modified":"2023-06-28T14:51:03","modified_gmt":"2023-06-28T13:51:03","slug":"simulation-assurance-moto","status":"publish","type":"page","link":"https:\/\/solomoto.be\/fr\/simulation-assurance-moto\/","title":{"rendered":"Simulation de prime assurance moto"},"content":{"rendered":"\n<p>Dans <a href=\"https:\/\/premie.solomoto.be\/offertes\/nieuw\/1ad2cf00-fadc-4dfd-a2ae-8b030d565a87?label=solomoto&amp;lang=fr\">la simulation de prime de Solo Moto<\/a>, on ne regarde pas uniquement la cylindr\u00e9e et la puissance. On tient \u00e9galement compte du rapport entre la puissance et le poids, la marque, le mod\u00e8le, l&rsquo;ann\u00e9e de mise en circulation et le prix de la moto. Dans le calcul sont aussi pris en compte la date d&rsquo;obtention de votre permis, le nombre de kilom\u00e8tres parcourus annuellement et si vous disposez ou non d&rsquo;un garage.<\/p>\n\n\n\n<p>A chaque simulation de prime d&rsquo;assurance moto, nous vous proposons une assurance avantageuse et compl\u00e8te. Des motos plus lourdes avec moins de puissance ont une prime plus basse que des motos l\u00e9g\u00e8res avec beaucoup de puissance.<\/p>\n\n\n\n<figure class=\"wp-block-image size-full\"><img loading=\"lazy\" decoding=\"async\" width=\"1000\" height=\"667\" src=\"https:\/\/solomoto.be\/fr\/wp-content\/uploads\/2022\/09\/image-6.gif\" alt=\"\" class=\"wp-image-8810\"\/><\/figure>\n\n\n\n<h2 class=\"wp-block-heading\">L&rsquo;assurance moto la moins ch\u00e8re<\/h2>\n\n\n\n<p>Une assurance moto moins ch\u00e8re n&rsquo;est pas toujours la bonne option, m\u00eame s&rsquo;il est tentant de ne consid\u00e9rer que le prix. Une prime d&rsquo;assurance moto moins \u00e9lev\u00e9e peut signifier in fine avoir plus de frais qu&rsquo;avec une assurance un peu plus ch\u00e8re comportant plus de garanties. Les frais suppl\u00e9mentaires \u00e0 votre charge d\u00e9pendent de vos garanties. Il y a beaucoup de choix entre les diff\u00e9rentes assurances moto, c&rsquo;est pourquoi il est judicieux de calculer les primes de diff\u00e9rentes formules avant de souscrire une assurance. Chez Solo Moto, vous pouvez choisir une de nos quatre formules, incluses dans notre outil de simulation d&rsquo;assurance moto.<\/p>\n\n\n\n<h2 class=\"wp-block-heading\">RC (responsabilit\u00e9 civile)<\/h2>\n\n\n\n<p>La responsabilit\u00e9 civile couvre les dommages que vous causez \u00e0 des tiers. Vous \u00eates l\u00e9galement tenu(e) d&rsquo;\u00eatre assur\u00e9(e) en responsabilit\u00e9 civile pour pouvoir circuler sur la voie publique. <\/p>\n\n\n\n<h2 class=\"wp-block-heading\">RC + Mini Omnium<\/h2>\n\n\n\n<p>Vous \u00eates assur\u00e9(e) contre le vol ou la tentative de vol, l&rsquo;incendie, les d\u00e9g\u00e2ts dus aux forces de la nature (inondations, temp\u00eates, \u00e9boulements,&#8230;) et heurts avec des animaux.<\/p>\n\n\n\n<h2 class=\"wp-block-heading\">RC + Full Omnium<\/h2>\n\n\n\n<p>Outre les couvertures qui tombent sous la Mini Omnium, sont \u00e9galement assur\u00e9s en Full Omnium les d\u00e9g\u00e2ts \u00e0 votre moto dus \u00e0 un sinistre en tort, \u00e0 du vandalisme ou \u00e0 une chute.<\/p>\n\n\n\n<h2 class=\"wp-block-heading\">RC + Full Omnium TOP<\/h2>\n\n\n\n<p>Pour 100% de tranquillit\u00e9 d&rsquo;esprit, votre choix se portera sur la formule RC + Full Omnium TOP. Vous serez ainsi certain(e) d&rsquo;\u00eatre assur\u00e9 en valeur d&rsquo;achat pendant 3 ans. Il n&rsquo;est donc pas question de d\u00e9gressivit\u00e9: en cas de sinistre total pendant les 36 premiers mois, vous serez indemnis\u00e9(e) \u00e0 hauteur de 100% de la valeur assur\u00e9e. Cette formule assure \u00e9galement l&rsquo;\u00e9quipement moto tels que v\u00eatements, casque, gants de protection,&#8230; jusqu&rsquo;\u00e0 \u20ac1.500. Enfin, vos bagages sont eux aussi bien couverts en cas de sinistre jusqu&rsquo;\u00e0 \u20ac2.500. Tous ces \u00e9l\u00e9ments font que cette couverture est souvent celle recommand\u00e9e au terme de la simulation. <\/p>\n\n\n\n<h2 class=\"wp-block-heading\">L&rsquo;assurance conducteur en compl\u00e9ment<\/h2>\n\n\n\n<p>En cas d&rsquo;invalidit\u00e9 permanente ou de d\u00e9c\u00e8s, une indemnisation est pr\u00e9vue pour les ayants-droit. Les frais m\u00e9dicaux sont pris en charge \u00e0 concurrence de \u20ac2.500. <\/p>\n\n\n\n<h2 class=\"wp-block-heading\">Simulation de prix pour votre assurance moto<\/h2>\n\n\n\n<p>Le calcul de la prime prend en compte l&rsquo;historique sinistre des 5 derni\u00e8res ann\u00e9es. Ne pas avoir de sinistre en tort se traduit par une remise sur la prime. La remise vous sera accord\u00e9e sur base d&rsquo;une attestation sinistre \u00e9mise par une compagnie d&rsquo;assurances.<\/p>\n\n\n\n<div class=\" cta-button\">\n\n\t \n<a id=\"cta-buttonblock_0c4e8e0fc37203febc1e8bb8fd6d0b4d\" class=\"button block large\" href=\"https:\/\/solomoto.be\/fr\/calcul-de-la-prime\/\" target=\"_blank\">\n\t \n\n\t\n\t<span class=\"large\">Simulation de prime en ligne<\/span>\n\t\n\t<span class=\"small\"><\/span>\n\t\n<\/a>\n\n<\/div>\n\t\t\n<style type=\"text\/css\">\n\t#cta-buttonblock_0c4e8e0fc37203febc1e8bb8fd6d0b4d {\n\t\tbackground: #81d742;\n\t}\n\t\n\t#cta-buttonblock_0c4e8e0fc37203febc1e8bb8fd6d0b4d:hover {\n\t\tbackground: #000000;\n\t}\n\t\n\t\n<\/style>\n\n\n\n\n<p>Vous pr\u00e9f\u00e9rez calculer votre prime avec l\u2019un de nos conseillers? Appelez-nous au 03\/808.58.95 du lundi au vendredi entre 9h et 17h.<\/p>\n\n\n\n<p>Vous souhaitez que nous vous rappelions&nbsp;? <a href=\"https:\/\/solomoto.be\/fr\/demande-de-rappel\/\">Cliquez ici pour compl\u00e9ter vos donn\u00e9es<\/a> et nous vous rappellerons.<\/p>\n","protected":false},"excerpt":{"rendered":"<p>Dans la simulation de prime de Solo Moto, on ne regarde pas uniquement la cylindr\u00e9e et la puissance. On tient&#8230;<\/p>\n","protected":false},"author":4,"featured_media":0,"parent":0,"menu_order":0,"comment_status":"closed","ping_status":"closed","template":"","meta":{"_acf_changed":false,"footnotes":""},"class_list":["post-8809","page","type-page","status-publish","hentry"],"acf":[],"_links":{"self":[{"href":"https:\/\/solomoto.be\/fr\/wp-json\/wp\/v2\/pages\/8809","targetHints":{"allow":["GET"]}}],"collection":[{"href":"https:\/\/solomoto.be\/fr\/wp-json\/wp\/v2\/pages"}],"about":[{"href":"https:\/\/solomoto.be\/fr\/wp-json\/wp\/v2\/types\/page"}],"author":[{"embeddable":true,"href":"https:\/\/solomoto.be\/fr\/wp-json\/wp\/v2\/users\/4"}],"replies":[{"embeddable":true,"href":"https:\/\/solomoto.be\/fr\/wp-json\/wp\/v2\/comments?post=8809"}],"version-history":[{"count":7,"href":"https:\/\/solomoto.be\/fr\/wp-json\/wp\/v2\/pages\/8809\/revisions"}],"predecessor-version":[{"id":8968,"href":"https:\/\/solomoto.be\/fr\/wp-json\/wp\/v2\/pages\/8809\/revisions\/8968"}],"wp:attachment":[{"href":"https:\/\/solomoto.be\/fr\/wp-json\/wp\/v2\/media?parent=8809"}],"curies":[{"name":"wp","href":"https:\/\/api.w.org\/{rel}","templated":true}]}}