{"id":8509,"date":"2022-07-27T13:33:20","date_gmt":"2022-07-27T12:33:20","guid":{"rendered":"https:\/\/solomoto.be\/fr\/?page_id=8509"},"modified":"2024-08-27T10:59:33","modified_gmt":"2024-08-27T09:59:33","slug":"tout-ce-que-vous-devez-savoir-sur-lassurance-moto","status":"publish","type":"page","link":"https:\/\/solomoto.be\/fr\/tout-ce-que-vous-devez-savoir-sur-lassurance-moto\/","title":{"rendered":"Tout ce que vous devez savoir sur l&rsquo;assurance moto!"},"content":{"rendered":"\n<p>En Belgique, il est obligatoire d&rsquo;assurer vos v\u00e9hicules automoteurs en responsabilit\u00e9 civile, c&rsquo;est pourquoi il est important de r\u00e9gler votre assurance moto avec soin. C&rsquo;est comme cela que vous serez couvert pour les dommages caus\u00e9s ou subis. Une assurance moto peut diff\u00e9rer d&rsquo;une personne \u00e0 l&rsquo;autre, vous pouvez d\u00e9terminer vous-m\u00eame quelles garanties optionnelles vous prenez pour votre assurance moto. Il exsite beaucoup de possibilit\u00e9s pour assurer votre moto, il est d\u00e8s lors judicieux de vous plonger dans les diff\u00e9rentes formules possibles. Solo Moto est l\u00e0 pour vous aider \u00e0 assurer votre moto!<\/p>\n\n\n\n<h2 class=\"wp-block-heading\">Comparer facilement une assurance moto avec Solo Moto<\/h2>\n\n\n\n<p>Pour prendre la route le plus rapidement possible avec votre nouvelle moto ou votre moto d&rsquo;occasion, vous devez d&rsquo;abord l&rsquo;assurer. Il existe 3 grandes cat\u00e9gories d&rsquo;assurances moto parmi lesquelles pouvez faire un choix: la responsabilit\u00e9 civile (RC), la responsabilit\u00e9 civile avec Mini Omnium et la responsabilit\u00e9 civile avec Full Omnium. Les primes exactes diff\u00e8rent d&rsquo;une moto \u00e0 l&rsquo;autre. Solo Moto vous aide \u00e0 assurer facilement votre moto en comparant diff\u00e9rentes formules possibles. Gr\u00e2ce \u00e0 notre passion pour la moto, nous comprenons votre envie de prendre la route au plus vite!<\/p>\n\n\n\n<figure class=\"wp-block-image size-full is-resized\"><img loading=\"lazy\" decoding=\"async\" src=\"https:\/\/solomoto.be\/fr\/wp-content\/uploads\/2022\/07\/image-3.gif\" alt=\"\" class=\"wp-image-8511\" width=\"840\" height=\"560\"\/><\/figure>\n\n\n\n<h2 class=\"wp-block-heading\">Des conseils sans engagement pour assurer votre moto<\/h2>\n\n\n\n<p>En quelques minutes, Solo Moto compare pour vous les diff\u00e9rentes formules possibles via son simulateur d&rsquo;assurance moto! Tout ce que vous avez \u00e0 faire est de remplir quelques donn\u00e9es. Solo Moto analyse votre profil en tant que motard, tient compte de la valeur et des caract\u00e9ristiques de votre moto pour vous proposer l&rsquo;assurance moto la plus adapt\u00e9e. Solo Moto r\u00e9pond \u00e0 toutes vos questions afin de vous permettre de faire le bon choix pour votre assurance moto. Chez Solo Moto, il est possible de choisir une assurance moto et de la souscrire directement ou de simplement demander une offre sans engagement. <\/p>\n\n\n\n<h2 class=\"wp-block-heading\">La meilleure mani\u00e8re d&rsquo;assurer votre moto<\/h2>\n\n\n\n<p>Du trike \u00e0 la moto anc\u00eatre, on trouve chez Solo Moto une assurance pour chaque type de moto. Nous comparons diverses garanties pour vous. Solo Moto se charge de vous fournir un avis honn\u00eate et professionnel. On nous pose par exemple souvent la question de savoir si une Full Omnium ou une protection juridique sont r\u00e9ellement indispensables, ou encore \u00e0 quoi sert une assurance conducteur, ou s&rsquo;il est obligatoire d&rsquo;avoir une alarme pour \u00eatre assur\u00e9 contre le vol. Gr\u00e2ce \u00e0 une longue exp\u00e9rience et une connaissance approfondie en mati\u00e8re d&rsquo;assurance moto, Solo Moto vous aidera volontiers \u00e0 faire le bon choix.<\/p>\n\n\n\n<h2 class=\"wp-block-heading\">Assurer une moto en usage professionnel<\/h2>\n\n\n\n<p>Assurer votre moto en usage professionnel est tr\u00e8s facile. Chez Solo Moto il n&rsquo;y a pas de suppl\u00e9ment de prime li\u00e9 \u00e0 l&rsquo;usage professionnel. Si vous r\u00e9cup\u00e9rez la TVA, m\u00eame partiellement, cela donne souvent lieu \u00e0 une prime m\u00eame l\u00e9g\u00e8rement inf\u00e9rieure. Gr\u00e2ce \u00e0 Solo Moto, vous assurez rapidement et facilement votre moto \u00e0 usage professionnel. <\/p>\n\n\n\n<div class=\" cta-button\">\n\n\t \n<a id=\"cta-buttonblock_7a8c1822f127d87df56ec2fc3df4d354\" class=\"button block large\" href=\"https:\/\/solomoto.be\/fr\/calcul-de-la-prime\/\" target=\"_blank\">\n\t \n\n\t\n\t<span class=\"large\">Simulation de prime en ligne<\/span>\n\t\n\t<span class=\"small\"><\/span>\n\t\n<\/a>\n\n<\/div>\n\t\t\n<style type=\"text\/css\">\n\t#cta-buttonblock_7a8c1822f127d87df56ec2fc3df4d354 {\n\t\tbackground: #81d742;\n\t}\n\t\n\t#cta-buttonblock_7a8c1822f127d87df56ec2fc3df4d354:hover {\n\t\tbackground: #000000;\n\t}\n\t\n\t\n<\/style>\n\n\n\n\n<p>Vous pr\u00e9f\u00e9rez calculer votre prime avec l\u2019un de nos conseillers? Appelez-nous au 03\/808.58.95 du lundi au vendredi entre 9h et 17h.<\/p>\n\n\n\n<p>Vous souhaitez que nous vous rappelions&nbsp;? <a href=\"https:\/\/solomoto.be\/fr\/demande-de-rappel\/\">Cliquez ici pour compl\u00e9ter vos donn\u00e9es<\/a> et nous vous rappellerons.<\/p>\n\n\n\n<h2 class=\"wp-block-heading\"> <\/h2>\n","protected":false},"excerpt":{"rendered":"<p>En Belgique, il est obligatoire d&rsquo;assurer vos v\u00e9hicules automoteurs en responsabilit\u00e9 civile, c&rsquo;est pourquoi il est important de r\u00e9gler votre&#8230;<\/p>\n","protected":false},"author":4,"featured_media":8500,"parent":0,"menu_order":0,"comment_status":"closed","ping_status":"closed","template":"","meta":{"_acf_changed":false,"footnotes":""},"class_list":["post-8509","page","type-page","status-publish","has-post-thumbnail","hentry"],"acf":[],"_links":{"self":[{"href":"https:\/\/solomoto.be\/fr\/wp-json\/wp\/v2\/pages\/8509","targetHints":{"allow":["GET"]}}],"collection":[{"href":"https:\/\/solomoto.be\/fr\/wp-json\/wp\/v2\/pages"}],"about":[{"href":"https:\/\/solomoto.be\/fr\/wp-json\/wp\/v2\/types\/page"}],"author":[{"embeddable":true,"href":"https:\/\/solomoto.be\/fr\/wp-json\/wp\/v2\/users\/4"}],"replies":[{"embeddable":true,"href":"https:\/\/solomoto.be\/fr\/wp-json\/wp\/v2\/comments?post=8509"}],"version-history":[{"count":8,"href":"https:\/\/solomoto.be\/fr\/wp-json\/wp\/v2\/pages\/8509\/revisions"}],"predecessor-version":[{"id":8827,"href":"https:\/\/solomoto.be\/fr\/wp-json\/wp\/v2\/pages\/8509\/revisions\/8827"}],"wp:featuredmedia":[{"embeddable":true,"href":"https:\/\/solomoto.be\/fr\/wp-json\/wp\/v2\/media\/8500"}],"wp:attachment":[{"href":"https:\/\/solomoto.be\/fr\/wp-json\/wp\/v2\/media?parent=8509"}],"curies":[{"name":"wp","href":"https:\/\/api.w.org\/{rel}","templated":true}]}}