{"id":8502,"date":"2022-07-27T12:19:12","date_gmt":"2022-07-27T11:19:12","guid":{"rendered":"https:\/\/solomoto.be\/fr\/?page_id=8502"},"modified":"2022-10-11T08:30:17","modified_gmt":"2022-10-11T07:30:17","slug":"assurez-facilement-votre-moto-en-ligne","status":"publish","type":"page","link":"https:\/\/solomoto.be\/fr\/assurez-facilement-votre-moto-en-ligne\/","title":{"rendered":"Assurez facilement votre moto en ligne"},"content":{"rendered":"\n<p>Le simulateur de Solo Moto permet de calculer rapidement et facilement une offre sans engagement pour votre assurance moto. Il compare pour vous plusieurs garanties. Vous avez \u00e9galement la possibilit\u00e9 de souscrire imm\u00e9diatement en ligne via Itsme si vous le souhaitez.&nbsp;<\/p>\n\n\n\n<h2 class=\"wp-block-heading\">Souscrivez rapidement une assurance moto en ligne<\/h2>\n\n\n\n<p>Vous voulez profiter rapidement de votre (nouvelle) moto&nbsp;? Bonne nouvelle&nbsp;! Solo Moto s\u2019engage \u00e0 vous assurer dans les d\u00e9lais les plus courts, sans perte de temps.  Il est possible de souscrire une assurance en ligne avec l\u2019application Itsme, facilement, rapidement et de mani\u00e8re s\u00e9curis\u00e9e.<\/p>\n\n\n\n<figure class=\"wp-block-image size-full\"><img loading=\"lazy\" decoding=\"async\" width=\"1000\" height=\"667\" src=\"https:\/\/solomoto.be\/fr\/wp-content\/uploads\/2022\/07\/image-1.gif\" alt=\"\" class=\"wp-image-8503\"\/><\/figure>\n\n\n\n<h2 class=\"wp-block-heading\">Les diff\u00e9rents avantages de la souscription en ligne<\/h2>\n\n\n\n<p>L\u2019assurance Solo Moto offre plusieurs avantages:<\/p>\n\n\n\n<ul class=\"wp-block-list\"><li>Facile \u00e0 souscrire<\/li><li>Un avis correct et objectif<\/li><li>Fiabilit\u00e9<\/li><li>De bonnes garanties et la meilleure prime<\/li><\/ul>\n\n\n\n<h2 class=\"wp-block-heading\">Souscrire votre assurance moto en ligne<\/h2>\n\n\n\n<p>Solo Moto vous donne la possibilit\u00e9 de souscrire rapidement une police&nbsp;d&rsquo;assurance moto. Il existe diff\u00e9rentes formules, allant de la simple responsabilit\u00e9 civile (RC) \u00e0 la Full Omnium Top. En fonction du motard que vous \u00eates, vous pourrez donc assurer de fa\u00e7on optimale votre petit bijou. La Full Omnium couvre int\u00e9gralement votre moto. La RC+ Petite Omnium prot\u00e8ge votre v\u00e9hicule contre le risque de vol, d\u2019incendie et de d\u00e9g\u00e2ts dus aux forces de la nature (temp\u00eate, gr\u00eale\u2026)<\/p>\n\n\n\n<p>Solo Moto est pr\u00e9sent pour vous aider dans vos d\u00e9marches vers l&rsquo;assurance qui conviendra \u00e0 vos attentes.<\/p>\n\n\n\n<p>Compl\u00e9tez les donn\u00e9es de la moto, votre date de naissance et votre code postal pour calculer les primes des diff\u00e9rentes formules possibles. En ce qui concerne l&rsquo;usage de la moto, indiquez quelques donn\u00e9es compl\u00e9mentaires, comme le nombre de kilom\u00e8tres que vous parcourez par an, si vous utilisez la moto \u00e0 titre priv\u00e9 ou professionnel, &#8230; Vous verrez ensuite les primes correspondant aux diverses couvertures. Vous pouvez souscrire directement online ou demander simplement une offre. Pour la souscription en ligne, nous vous demanderons de compl\u00e9ter vos nom, adresse, date de naissance,&#8230; Nous vous poserons \u00e9galement quelques questions pour d\u00e9terminer votre profil de conducteur. Vous pourrez ensuite signer directement la demande d&rsquo;assurance. Vous voil\u00e0 assur\u00e9 et pr\u00eat \u00e0 prendre la route!<\/p>\n\n\n\n<h2 class=\"wp-block-heading\">Quelle assurance moto vous convient? <\/h2>\n\n\n\n<p>L&rsquo;assurance moto faite pour vous d\u00e9pend de votre situation et de vos pr\u00e9f\u00e9rences. Une formule omnium est un choix raisonnable pour une moto neuve ou d&rsquo;un certain prix. L&rsquo;assurance en responsabilit\u00e9 civile est obligatoire en Belgique pour tous les v\u00e9hicules automoteurs.<\/p>\n\n\n\n<h2 class=\"wp-block-heading\">O\u00f9 et comment souscrire votre assurance moto?<\/h2>\n\n\n\n<p>Souscrire en ligne est simple, rapide et s\u00e9curis\u00e9. Solo Moto vous propose des primes concurrentielles m\u00eame si vous n&rsquo;assurez que votre moto. Il n&rsquo;y a pas d&rsquo;obligation d&rsquo;assurer votre voiture pour en b\u00e9n\u00e9ficier. Vous pouvez demander une offre en ligne, la confirmer et la signer!<\/p>\n\n\n\n<p>Des questions? Besoin de conseils? Nous sommes l\u00e0 pour vous et vous aiderons avec plaisir. Nous sommes joignables au 03 808 58 95 du lundi au vendredi, de 9h \u00e0 17h. Vous pouvez aussi nous envoyer un mail \u00e0 info@solomoto.be  <\/p>\n\n\n\n<div class=\" cta-button\">\n\n\t \n<a id=\"cta-buttonblock_376046ee0b853bf91fe6752c8fbc48e2\" class=\"button block large\" href=\"https:\/\/solomoto.be\/fr\/calcul-de-la-prime\/\" target=\"_blank\">\n\t \n\n\t\n\t<span class=\"large\">Simulation de prime en ligne<\/span>\n\t\n\t<span class=\"small\"><\/span>\n\t\n<\/a>\n\n<\/div>\n\t\t\n<style type=\"text\/css\">\n\t#cta-buttonblock_376046ee0b853bf91fe6752c8fbc48e2 {\n\t\tbackground: #81d742;\n\t}\n\t\n\t#cta-buttonblock_376046ee0b853bf91fe6752c8fbc48e2:hover {\n\t\tbackground: #000000;\n\t}\n\t\n\t\n<\/style>\n\n\n\n\n<p>Vous pr\u00e9f\u00e9rez calculer votre prime avec l\u2019un de nos conseillers? Appelez-nous au 03\/808.58.95 du lundi au vendredi entre 9h et 17h.<\/p>\n\n\n\n<p>Vous souhaitez que nous vous rappelions&nbsp;? <a href=\"https:\/\/solomoto.be\/fr\/demande-de-rappel\/\">Cliquez ici pour compl\u00e9ter vos donn\u00e9es<\/a> et nous vous rappellerons.<\/p>\n\n\n\n<figure class=\"wp-block-image size-full\"><img loading=\"lazy\" decoding=\"async\" width=\"1000\" height=\"667\" src=\"https:\/\/solomoto.be\/fr\/wp-content\/uploads\/2022\/07\/image-2.gif\" alt=\"\" class=\"wp-image-8506\"\/><\/figure>\n","protected":false},"excerpt":{"rendered":"<p>Le simulateur de Solo Moto permet de calculer rapidement et facilement une offre sans engagement pour votre assurance moto. Il&#8230;<\/p>\n","protected":false},"author":4,"featured_media":8489,"parent":0,"menu_order":0,"comment_status":"closed","ping_status":"closed","template":"","meta":{"_acf_changed":false,"footnotes":""},"class_list":["post-8502","page","type-page","status-publish","has-post-thumbnail","hentry"],"acf":[],"_links":{"self":[{"href":"https:\/\/solomoto.be\/fr\/wp-json\/wp\/v2\/pages\/8502","targetHints":{"allow":["GET"]}}],"collection":[{"href":"https:\/\/solomoto.be\/fr\/wp-json\/wp\/v2\/pages"}],"about":[{"href":"https:\/\/solomoto.be\/fr\/wp-json\/wp\/v2\/types\/page"}],"author":[{"embeddable":true,"href":"https:\/\/solomoto.be\/fr\/wp-json\/wp\/v2\/users\/4"}],"replies":[{"embeddable":true,"href":"https:\/\/solomoto.be\/fr\/wp-json\/wp\/v2\/comments?post=8502"}],"version-history":[{"count":10,"href":"https:\/\/solomoto.be\/fr\/wp-json\/wp\/v2\/pages\/8502\/revisions"}],"predecessor-version":[{"id":8830,"href":"https:\/\/solomoto.be\/fr\/wp-json\/wp\/v2\/pages\/8502\/revisions\/8830"}],"wp:featuredmedia":[{"embeddable":true,"href":"https:\/\/solomoto.be\/fr\/wp-json\/wp\/v2\/media\/8489"}],"wp:attachment":[{"href":"https:\/\/solomoto.be\/fr\/wp-json\/wp\/v2\/media?parent=8502"}],"curies":[{"name":"wp","href":"https:\/\/api.w.org\/{rel}","templated":true}]}}