{"id":7320,"date":"2022-02-09T15:47:35","date_gmt":"2022-02-09T14:47:35","guid":{"rendered":"https:\/\/solomoto.be\/?page_id=7320"},"modified":"2023-06-28T13:50:59","modified_gmt":"2023-06-28T12:50:59","slug":"marques","status":"publish","type":"page","link":"https:\/\/solomoto.be\/fr\/marques\/","title":{"rendered":"Marques"},"content":{"rendered":"\n<h2 class=\"wp-block-heading\" id=\"alle-merken-motoren\">Toutes les marques de motos<\/h2>\n\n\n\n<p>Solo Moto est l\u2019assureur optimal pour assurer votre moto.&nbsp; Nous vous proposons les meilleures garanties pour toutes les marques de motos. Allez-vous acheter une nouvelle moto? Et vous aimeriez savoir votre prime d\u2019assurance? Solo Moto trouve en quelques minutes la garantie id\u00e9ale pour votre moto. Nous vous conseillerons ensuite sur la garantie qui convient le mieux \u00e0 votre marque de moto. Avec Solo Moto, vous pouvez \u00eatre s\u00fbr que vous serez en s\u00e9curit\u00e9 sur la route. Vous souhaitiez assurer une moto classique ou une moto neuve?&nbsp; Chez Solot Moto c\u2019est possible ! Solo Moto est compos\u00e9 d\u2019amateurs de moto et de motards. C\u2019est pourquoi nous sommes experts dans l\u2019assurance de toutes les marques de motos.<\/p>\n\n\n\n<h2 class=\"wp-block-heading\" id=\"nieuwe-motor-kopen-en-verzekeren\">Achat et assurance d&rsquo;une nouvelle moto<\/h2>\n\n\n\n<p>Apr\u00e8s avoir achet\u00e9 une nouvelle moto, vous devez bien s\u00fbr assurer le v\u00e9hicule avant de rouler sur la voie publique. Actuellement il est tr\u00e8s facile de comparer et de souscrire une assurance moto en ligne, et cela pour toutes les marques de motos, bien s\u00fbr. Chez Solo Moto, vous pouvez consulter les assurances moto en ligne et les souscrire imm\u00e9diatement via Itsme. Il&nbsp; suffit de nous fournir les donn\u00e9es n\u00e9c\u00e9ssaires et de r\u00e9pondre \u00e0 quelques questions suppl\u00e9mentaires. Souscrire une assurance est si simple que \u00e7a! Vous ne savez pas choisir la garantie id\u00e9ale ? Dans ce cas, nous sommes toujours pr\u00eats \u00e0 vous aider et donner des conseils suppl\u00e9mentaires . N\u2019h\u00e9sitez pas \u00e0 nous contacter !<\/p>\n\n\n\n<h2 class=\"wp-block-heading\" id=\"tweedehands-of-klassieke-motor-verzekeren\">Assurance des motos d&rsquo;occasion ou classiques<\/h2>\n\n\n\n<p>Vous avez peut-\u00eatre achet\u00e9 une belle moto classique ou une belle&nbsp; occasion? Toutes les marques de motos sont les bienvenues chez Solo Moto! En tant que passionn\u00e9s de moto, nous comprenons mieux \u00e0 quel point une moto classique peut \u00eatre cool. C\u2019est pourquoi nous sommes heureux de vous aider \u00e0 trouver la meilleure garantie d\u2019assurance pour votre moto d\u2019occasion ou classique. Que vous poss\u00e9diez une Harley Davidson, une BMW ou une Ducati, Solo Moto est l\u00e0 pour vous calculer les primes pour toutes les marques et de souscrire l\u2019assurance imm\u00e9diatement!<\/p>\n\n\n\n<h2 class=\"wp-block-heading\" id=\"wat-kost-een-motor-per-maand\">Combien co\u00fbte la prime mensuelle?<\/h2>\n\n\n\n<p>Si vous \u00eates sur le point de souscrire une assurance moto, vous voulez \u00e9videmment savoir la prime mensuelle.&nbsp; Le co\u00fbt exact de l\u2019assurance moto d\u00e9pend de plusieurs param\u00e8tres. Il y a une diff\u00e9rence de prix entre l\u2019assurance de diff\u00e9rentes marques de motos. Certaines marques de motos ont tout simplement plus de valeur. Cela signifie que l\u2019assurance de ces marques sera plus \u00e9lev\u00e9e. La prime mensuelle d\u2019une Harley Davidson ou une BMW co\u00fbte plus cher qu\u2019une Piaggio ou une Honda bon march\u00e9. Vous \u00eates curieux de savoir ce votre assurance co\u00fbte mensuellement? Solo Moto compare les garanties d\u2019assurances pour votre moto de mani\u00e8re rapide et professionnelle. Pour toutes les marques de motos, nous pouvons facilement trouver une excellente assurance moto, que vous pouvez souscrire imm\u00e9diatement !<\/p>\n","protected":false},"excerpt":{"rendered":"<p>Toutes les marques de motos Solo Moto est l\u2019assureur optimal pour assurer votre moto.&nbsp; Nous vous proposons les meilleures garanties&#8230;<\/p>\n","protected":false},"author":2,"featured_media":0,"parent":0,"menu_order":0,"comment_status":"closed","ping_status":"closed","template":"","meta":{"_acf_changed":false,"footnotes":""},"class_list":["post-7320","page","type-page","status-publish","hentry"],"acf":[],"_links":{"self":[{"href":"https:\/\/solomoto.be\/fr\/wp-json\/wp\/v2\/pages\/7320","targetHints":{"allow":["GET"]}}],"collection":[{"href":"https:\/\/solomoto.be\/fr\/wp-json\/wp\/v2\/pages"}],"about":[{"href":"https:\/\/solomoto.be\/fr\/wp-json\/wp\/v2\/types\/page"}],"author":[{"embeddable":true,"href":"https:\/\/solomoto.be\/fr\/wp-json\/wp\/v2\/users\/2"}],"replies":[{"embeddable":true,"href":"https:\/\/solomoto.be\/fr\/wp-json\/wp\/v2\/comments?post=7320"}],"version-history":[{"count":14,"href":"https:\/\/solomoto.be\/fr\/wp-json\/wp\/v2\/pages\/7320\/revisions"}],"predecessor-version":[{"id":8957,"href":"https:\/\/solomoto.be\/fr\/wp-json\/wp\/v2\/pages\/7320\/revisions\/8957"}],"wp:attachment":[{"href":"https:\/\/solomoto.be\/fr\/wp-json\/wp\/v2\/media?parent=7320"}],"curies":[{"name":"wp","href":"https:\/\/api.w.org\/{rel}","templated":true}]}}