{"id":6886,"date":"2022-02-04T14:19:02","date_gmt":"2022-02-04T13:19:02","guid":{"rendered":"https:\/\/solomoto.be\/?page_id=6886"},"modified":"2022-12-06T14:31:57","modified_gmt":"2022-12-06T13:31:57","slug":"carte-dassurance","status":"publish","type":"page","link":"https:\/\/solomoto.be\/fr\/carte-dassurance\/","title":{"rendered":"Carte d&rsquo;assurance"},"content":{"rendered":"\n<p>La carte d&rsquo;assurance de Solo Moto Insurance peut \u00eatre consult\u00e9e via le lien ci-dessous. Vous y trouverez toutes les informations sur les assurances propos\u00e9es par Solo Moto Insurance.<\/p>\n\n\n\n<div class=\"wp-block-file\"><a id=\"wp-block-file--media-2427af46-0d54-4da0-8368-a7af2b249c1f\" href=\"https:\/\/solomoto.be\/fr\/wp-content\/uploads\/2022\/03\/2126140-IPID-Solo-Moto-insurance-03-22.pdf\">2126140-IPID-Solo-Moto-insurance-03-22<\/a><a href=\"https:\/\/solomoto.be\/fr\/wp-content\/uploads\/2022\/03\/2126140-IPID-Solo-Moto-insurance-03-22.pdf\" class=\"wp-block-file__button wp-element-button\" download aria-describedby=\"wp-block-file--media-2427af46-0d54-4da0-8368-a7af2b249c1f\">Downloaden<\/a><\/div>\n","protected":false},"excerpt":{"rendered":"<p>La carte d&rsquo;assurance de Solo Moto Insurance peut \u00eatre consult\u00e9e via le lien ci-dessous. Vous y trouverez toutes les informations&#8230;<\/p>\n","protected":false},"author":2,"featured_media":8499,"parent":0,"menu_order":0,"comment_status":"closed","ping_status":"closed","template":"","meta":{"_acf_changed":false,"footnotes":""},"class_list":["post-6886","page","type-page","status-publish","has-post-thumbnail","hentry"],"acf":[],"_links":{"self":[{"href":"https:\/\/solomoto.be\/fr\/wp-json\/wp\/v2\/pages\/6886","targetHints":{"allow":["GET"]}}],"collection":[{"href":"https:\/\/solomoto.be\/fr\/wp-json\/wp\/v2\/pages"}],"about":[{"href":"https:\/\/solomoto.be\/fr\/wp-json\/wp\/v2\/types\/page"}],"author":[{"embeddable":true,"href":"https:\/\/solomoto.be\/fr\/wp-json\/wp\/v2\/users\/2"}],"replies":[{"embeddable":true,"href":"https:\/\/solomoto.be\/fr\/wp-json\/wp\/v2\/comments?post=6886"}],"version-history":[{"count":9,"href":"https:\/\/solomoto.be\/fr\/wp-json\/wp\/v2\/pages\/6886\/revisions"}],"predecessor-version":[{"id":8856,"href":"https:\/\/solomoto.be\/fr\/wp-json\/wp\/v2\/pages\/6886\/revisions\/8856"}],"wp:featuredmedia":[{"embeddable":true,"href":"https:\/\/solomoto.be\/fr\/wp-json\/wp\/v2\/media\/8499"}],"wp:attachment":[{"href":"https:\/\/solomoto.be\/fr\/wp-json\/wp\/v2\/media?parent=6886"}],"curies":[{"name":"wp","href":"https:\/\/api.w.org\/{rel}","templated":true}]}}