{"id":6882,"date":"2022-02-04T14:18:33","date_gmt":"2022-02-04T13:18:33","guid":{"rendered":"https:\/\/solomoto.be\/?page_id=6882"},"modified":"2022-12-06T14:31:30","modified_gmt":"2022-12-06T13:31:30","slug":"attestion-sinistre","status":"publish","type":"page","link":"https:\/\/solomoto.be\/fr\/attestion-sinistre\/","title":{"rendered":"Attestation sinistre"},"content":{"rendered":"\n<p>Quand vous avez calcul\u00e9 votre prime via notre site ou avec un de nos conseillers, vous nous avez indiqu\u00e9 combien de temps vous avez \u00e9t\u00e9 assur\u00e9 pendant les 5 derni\u00e8res ann\u00e9es et si vous avez eu des sinistres pendant cette p\u00e9riode.  Le montant de votre prime d&rsquo;assurance est bas\u00e9e sur vos r\u00e9ponses. A la conclusion de votre assurance Solo Moto, nous vous demanderons de prouver cet historique sinistre \u00e0 l&rsquo;aide d&rsquo;une attestation de sinistralit\u00e9. Il s&rsquo;agit d&rsquo;un document officiel \u00e9mis par une compagnie d&rsquo;assurances attestant de la dur\u00e9e pendant laquelle vous avez \u00e9t\u00e9 assur\u00e9 ou depuis laquelle vous \u00eates assur\u00e9 et s&rsquo;il y a eu des sinistres en droit ou en tort. Votre assureur vous fournit automatiquement une attestation quand un contrat d&rsquo;assurance prend fin ou sur simple demande pour un contrat en cours.<\/p>\n\n\n\n<p>Pour un certain nombre de compagnies d&rsquo;assurances, vous pouvez consulter et imprimer vous-m\u00eame une attestation de sinistralit\u00e9 via le site www.carattest.be. Vous aurez besoin pour cela d&rsquo;un lecteur de carte d&rsquo;identit\u00e9, de votre carte d&rsquo;identit\u00e9 et de son code pin.<\/p>\n\n\n\n<p>Le lien ci-apr\u00e8s vous permet de consulter la liste des entreprises d&rsquo;assurances adh\u00e9rentes: <a href=\"https:\/\/www.carattest.be\/carattest.pdf\">https:\/\/www.carattest.be\/carattest.pdf<\/a><\/p>\n\n\n\n<p>Avez-vous des questions? Dans ce cas, posez-les nous par mail \u00e0 info@solomoto.be ou appelez-nous au 03 808 58 95.<\/p>\n","protected":false},"excerpt":{"rendered":"<p>Quand vous avez calcul\u00e9 votre prime via notre site ou avec un de nos conseillers, vous nous avez indiqu\u00e9 combien&#8230;<\/p>\n","protected":false},"author":2,"featured_media":8492,"parent":0,"menu_order":0,"comment_status":"closed","ping_status":"closed","template":"","meta":{"_acf_changed":false,"footnotes":""},"class_list":["post-6882","page","type-page","status-publish","has-post-thumbnail","hentry"],"acf":[],"_links":{"self":[{"href":"https:\/\/solomoto.be\/fr\/wp-json\/wp\/v2\/pages\/6882","targetHints":{"allow":["GET"]}}],"collection":[{"href":"https:\/\/solomoto.be\/fr\/wp-json\/wp\/v2\/pages"}],"about":[{"href":"https:\/\/solomoto.be\/fr\/wp-json\/wp\/v2\/types\/page"}],"author":[{"embeddable":true,"href":"https:\/\/solomoto.be\/fr\/wp-json\/wp\/v2\/users\/2"}],"replies":[{"embeddable":true,"href":"https:\/\/solomoto.be\/fr\/wp-json\/wp\/v2\/comments?post=6882"}],"version-history":[{"count":8,"href":"https:\/\/solomoto.be\/fr\/wp-json\/wp\/v2\/pages\/6882\/revisions"}],"predecessor-version":[{"id":8850,"href":"https:\/\/solomoto.be\/fr\/wp-json\/wp\/v2\/pages\/6882\/revisions\/8850"}],"wp:featuredmedia":[{"embeddable":true,"href":"https:\/\/solomoto.be\/fr\/wp-json\/wp\/v2\/media\/8492"}],"wp:attachment":[{"href":"https:\/\/solomoto.be\/fr\/wp-json\/wp\/v2\/media?parent=6882"}],"curies":[{"name":"wp","href":"https:\/\/api.w.org\/{rel}","templated":true}]}}