{"id":4917,"date":"2020-11-30T15:38:11","date_gmt":"2020-11-30T15:38:11","guid":{"rendered":"https:\/\/combimotors.nl\/?page_id=4917"},"modified":"2024-08-27T11:04:40","modified_gmt":"2024-08-27T10:04:40","slug":"assurer-benelli","status":"publish","type":"page","link":"https:\/\/solomoto.be\/fr\/assurer-benelli\/","title":{"rendered":"Assurer Benelli"},"content":{"rendered":"\n<div class=\"wp-block-columns is-layout-flex wp-container-core-columns-is-layout-9d6595d7 wp-block-columns-is-layout-flex\">\n<div class=\"wp-block-column is-layout-flow wp-block-column-is-layout-flow\" style=\"flex-basis:33.33%\"><div class=\"wp-block-image\">\n<figure class=\"alignright size-large\"><img decoding=\"async\" src=\"https:\/\/solomoto.be\/wp-content\/uploads\/2022\/01\/benelli-logo-mobile-1.png\" alt=\"\" class=\"wp-image-4920\"\/><\/figure>\n<\/div><\/div>\n\n\n\n<div class=\"wp-block-column is-layout-flow wp-block-column-is-layout-flow\" style=\"flex-basis:66.66%\"><div class=\"wp-block-image\">\n<figure class=\"alignleft size-large is-resized\"><img decoding=\"async\" src=\"https:\/\/solomoto.be\/wp-content\/uploads\/2022\/01\/benelli-logo-desktop2.png\" alt=\"\" class=\"wp-image-4921\" style=\"width:276px;height:121px\"\/><\/figure>\n<\/div><\/div>\n<\/div>\n\n\n\n<p>Vous venez d\u2019acheter une belle moto Benelli ou vous envisagez d\u2019acheter une dans l\u2019avenir proche ? En Belgique, il est obligatoire d\u2019assurer votre moto avant de circuler sur la voie publique. Chez Solo Moto, vous avez la garantie de trouver la meilleure garantie d\u2019assurance pour chaque marque de moto. Alors, poss\u00e9dez-vous, ou allez-vous acheter une moto Benelli ? Chez Solo Moto, vous pouvez facilement et rapidement assurer votre Benelli en ligne ! Il suffit de quelques minutes pour trouver la meilleure solution pour l\u2019assurance votre moto Benelli. D\u00e9couvrez-le vous-m\u00eame ! Cliquez sur le bouton ci-dessous pour remplir vos coordonn\u00e9es.<\/p>\n\n\n\n<div class=\" cta-button\">\n\n\n<a id=\"cta-buttonblock_2837eac89d472f40b5788a4a5a89928a\" class=\"button block large\" href=\"https:\/\/premie.solomoto.be\/offertes\/nieuw\/1ad2cf00-fadc-4dfd-a2ae-8b030d565a87?label=solomoto&#038;lang=fr%20\">\n\t\n\t\n\t<span class=\"large\">Cliquez ici pour calculer votre prime rapidement et facilement<\/span>\n\t\n\t<span class=\"small\">Souscrire une assurance en une minute<\/span>\n\t\n<\/a>\n\n<\/div>\n\t\t\n<style type=\"text\/css\">\n\t#cta-buttonblock_2837eac89d472f40b5788a4a5a89928a {\n\t\tbackground: #81d742;\n\t}\n\t\n\t#cta-buttonblock_2837eac89d472f40b5788a4a5a89928a:hover {\n\t\tbackground: #000000;\n\t}\n\t\n\t\n<\/style>\n\n\n\n\n<h2 class=\"wp-block-heading\" id=\"een-chinese-italiaanse-motorfietsfabrikant\">Un fabricant chinois de motos italiennes<\/h2>\n\n\n\n<p>Le fabricant de motos Benelli a \u00e9t\u00e9 fond\u00e9 en 1911 \u00e0 Pesaro, en Italie. Cela fait de Benelli l\u2019un des plus anciens fabricants italiens de motos toujours actif. Bien que dans les premi\u00e8res ann\u00e9es, l\u2019entreprise se consacre principalement \u00e0 la r\u00e9paration de bicyclettes et de motos, en 1920, la premi\u00e8re moto Benelli compl\u00e8te est construite : un mod\u00e8le monocylindre \u00e0 deux temps de 75 cm3. Aujourd\u2019hui, l\u2019entreprise est enti\u00e8rement aux mains des Chinois, mais la conception des motos est encore partiellement r\u00e9alis\u00e9e en Italie.<\/p>\n\n\n\n<p>Aujourd\u2019hui, Benelli se concentre sur la cr\u00e9ation de motos, de cyclomoteurs et de scooters de taille moyenne qui sont principalement utilis\u00e9s en Asie. Mais ce n\u2019est pas tout. Vous pouvez \u00e9galement encore trouver des motos Benelli sur le march\u00e9 europ\u00e9en de haut gamme. Pour la conception de ces mod\u00e8les destin\u00e9s au march\u00e9 europ\u00e9en, la marque a regard\u00e9 de pr\u00e8s des concurrents tels que Ducati et cette inspiration est clairement reconnaissable. La Benelli TRK 502 a le \u201cbec\u201d caract\u00e9ristique de la Ducati Multistrada. Il existe \u00e9galement une similitude entre la Benelli 502c et la Ducati Diavel. En raison de ces racines chinoises, Benelli a beaucoup de mod\u00e8les de faible puissance dans sa gamme. Benelli est donc la marque id\u00e9ale pour les motocyclistes ayant un permis A2 et ces motos sont parfaites pour r\u00e9duire la puissance \u00e0 35kw.<\/p>\n\n\n\n\n\n<h2 class=\"wp-block-heading\" id=\"uw-opties-om-de-benelli-te-verzekeren\">Vos options pour assurer votre Benelli<\/h2>\n\n\n\n<p>Lorsque vous souhaitez rouler avec votre moto Benelli, vous devez d\u2019abord assurer le v\u00e9hicule. Il peut s\u2019agir d\u2019une t\u00e2che d\u00e9courageante, qui consiste \u00e0 examiner toutes les possibilit\u00e9s de garanties Vous pouvez assurer votre Benelli de diff\u00e9rentes mani\u00e8res. C\u2019est bien, car tous les motocyclistes ne sont pas les m\u00eames. Chez Solo Moto, nous proposons toujours une assurance moto qui vous convient parfaitement \u00e0 vos besoins. &nbsp;Vous pouvez assurer votre Benelli seulement en Responsabilit\u00e9 Civile (RC), l\u2019assurance de base obligatoire. Vous pr\u00e9f\u00e9rez avoir une couverture \u00e9tendue pour votre moto ? Envisagez ensuite la RC + Mini Omnium, une RC + Full Omnium ou une RC + Full Omnium Top. Avec cette couverture, votre moto Benelli est assur\u00e9e avec une franchise de 0 euro. Nous avons \u00e9galement des couvertures suppl\u00e9mentaires pour votre assurance moto Benelli, comme l\u2019assistance juridique et le conducteur.<\/p>\n\n\n\n<h2 class=\"wp-block-heading\" id=\"direct-online-uw-benelli-verzekeren\">Assurez votre Benelli directement en ligne<\/h2>\n\n\n\n<p>Choisir la meilleure assurance pour votre moto, votre style de conduite et votre situation peut \u00eatre une t\u00e2che \u00e9puisante en raison de toutes les options d\u2019assurance disponibles. Trouvez-vous difficile de choisir votre propre assurance Benelli ? Pas de probl\u00e8me, Solo Moto vient \u00e0 la rescousse ! Assurer un Benelli peut se faire en quelques minutes. La seule choise que vous devez faire est de fournir des donn\u00e9es suppl\u00e9mentaires et r\u00e9pondre \u00e0 quelques questions. Puis nous envoyons une demande d\u2019assurance et ensuite, vous d\u00e9cidez si vous voulez souscrire une assurance moto directement en ligne. De cette fa\u00e7on, vous pouvez assurer votre Benelli en quelques minutes et vous pouvez directement rouler sans soucis!<\/p>\n\n\n\n<p>Vous n\u2019avez aucune id\u00e9e de l\u2019assurance moto qui vous conviendrait le mieux ou vous avez besoin d\u2019aide pour assurer votre Benelli ? Appelez-nous au 03 808 58 95 ou envoyer un courriel \u00e0 info@solomoto.be.<\/p>\n\n\n\n<p>Quelques-uns des mod\u00e8les de Benelli :<\/p>\n\n\n\n<div class=\"wp-block-columns is-layout-flex wp-container-core-columns-is-layout-9d6595d7 wp-block-columns-is-layout-flex\">\n<div class=\"wp-block-column is-layout-flow wp-block-column-is-layout-flow\">\n<figure class=\"wp-block-image size-large\"><img decoding=\"async\" src=\"https:\/\/solomoto.be\/wp-content\/uploads\/2022\/01\/Tornado-naked-t-1024x710.jpg\" alt=\"Benelli Tornado Naked T\" class=\"wp-image-4928\"\/><figcaption class=\"wp-element-caption\">Benelli Tornado Naked T<\/figcaption><\/figure>\n\n\n\n<figure class=\"wp-block-image size-large\"><img decoding=\"async\" src=\"https:\/\/solomoto.be\/wp-content\/uploads\/2022\/01\/502C-1024x710.jpg\" alt=\"Benelli 502C\" class=\"wp-image-4922\"\/><figcaption class=\"wp-element-caption\">Benelli 502C<\/figcaption><\/figure>\n\n\n\n<figure class=\"wp-block-image size-large\"><img decoding=\"async\" src=\"https:\/\/solomoto.be\/wp-content\/uploads\/2022\/01\/TRK-502-1024x710.jpg\" alt=\"Benelli TRK 502\" class=\"wp-image-4930\"\/><figcaption class=\"wp-element-caption\">Benelli TRK 502<\/figcaption><\/figure>\n\n\n\n<figure class=\"wp-block-image size-large\"><img decoding=\"async\" src=\"https:\/\/solomoto.be\/wp-content\/uploads\/2022\/01\/Leoncino-1024x710.jpg\" alt=\"Benelli Leoncino\" class=\"wp-image-4927\"\/><figcaption class=\"wp-element-caption\">Benelli Leoncino<\/figcaption><\/figure>\n\n\n\n<figure class=\"wp-block-image size-large\"><img decoding=\"async\" src=\"https:\/\/solomoto.be\/wp-content\/uploads\/2022\/01\/Imperiale-400-1024x683.jpg\" alt=\"Benelli Imperiale 400\" class=\"wp-image-4925\"\/><figcaption class=\"wp-element-caption\">Benelli Imperiale 400<\/figcaption><\/figure>\n<\/div>\n\n\n\n<div class=\"wp-block-column is-layout-flow wp-block-column-is-layout-flow\">\n<figure class=\"wp-block-image size-large\"><img decoding=\"async\" src=\"https:\/\/solomoto.be\/wp-content\/uploads\/2022\/01\/BN-125-1024x710.jpg\" alt=\"Benelli BN 125\" class=\"wp-image-4924\"\/><figcaption class=\"wp-element-caption\">Benelli BN 125<\/figcaption><\/figure>\n\n\n\n<figure class=\"wp-block-image size-large\"><img decoding=\"async\" src=\"https:\/\/solomoto.be\/wp-content\/uploads\/2022\/01\/752S-1024x710.jpg\" alt=\"Benelli 752S\" class=\"wp-image-4923\"\/><figcaption class=\"wp-element-caption\">Benelli 752S<\/figcaption><\/figure>\n\n\n\n<figure class=\"wp-block-image size-large\"><img decoding=\"async\" src=\"https:\/\/solomoto.be\/wp-content\/uploads\/2022\/01\/TRK-502-X-1024x710.jpg\" alt=\"Benelli TRK 502 X\" class=\"wp-image-4929\"\/><figcaption class=\"wp-element-caption\">Benelli TRK 502 X<\/figcaption><\/figure>\n\n\n\n<figure class=\"wp-block-image size-large\"><img decoding=\"async\" src=\"https:\/\/solomoto.be\/wp-content\/uploads\/2022\/01\/Leoncino-Trail-1024x710.jpg\" alt=\"Benelli Leoncino Trail\" class=\"wp-image-4926\"\/><figcaption class=\"wp-element-caption\">Benelli Leoncino Trail<\/figcaption><\/figure>\n<\/div>\n<\/div>\n","protected":false},"excerpt":{"rendered":"<p>Vous venez d\u2019acheter une belle moto Benelli ou vous envisagez d\u2019acheter une dans l\u2019avenir proche ? En Belgique, il est&#8230;<\/p>\n","protected":false},"author":1,"featured_media":8528,"parent":0,"menu_order":0,"comment_status":"closed","ping_status":"closed","template":"","meta":{"_acf_changed":false,"footnotes":""},"class_list":["post-4917","page","type-page","status-publish","has-post-thumbnail","hentry"],"acf":[],"_links":{"self":[{"href":"https:\/\/solomoto.be\/fr\/wp-json\/wp\/v2\/pages\/4917","targetHints":{"allow":["GET"]}}],"collection":[{"href":"https:\/\/solomoto.be\/fr\/wp-json\/wp\/v2\/pages"}],"about":[{"href":"https:\/\/solomoto.be\/fr\/wp-json\/wp\/v2\/types\/page"}],"author":[{"embeddable":true,"href":"https:\/\/solomoto.be\/fr\/wp-json\/wp\/v2\/users\/1"}],"replies":[{"embeddable":true,"href":"https:\/\/solomoto.be\/fr\/wp-json\/wp\/v2\/comments?post=4917"}],"version-history":[{"count":29,"href":"https:\/\/solomoto.be\/fr\/wp-json\/wp\/v2\/pages\/4917\/revisions"}],"predecessor-version":[{"id":9202,"href":"https:\/\/solomoto.be\/fr\/wp-json\/wp\/v2\/pages\/4917\/revisions\/9202"}],"wp:featuredmedia":[{"embeddable":true,"href":"https:\/\/solomoto.be\/fr\/wp-json\/wp\/v2\/media\/8528"}],"wp:attachment":[{"href":"https:\/\/solomoto.be\/fr\/wp-json\/wp\/v2\/media?parent=4917"}],"curies":[{"name":"wp","href":"https:\/\/api.w.org\/{rel}","templated":true}]}}