{"id":3335,"date":"2020-03-23T07:57:44","date_gmt":"2020-03-23T07:57:44","guid":{"rendered":"https:\/\/combimotors.nl\/?page_id=3335"},"modified":"2023-06-28T14:07:15","modified_gmt":"2023-06-28T13:07:15","slug":"assurer-kawasaki-versys","status":"publish","type":"page","link":"https:\/\/solomoto.be\/fr\/assurer-kawasaki\/assurer-kawasaki-versys\/","title":{"rendered":"Assurer Kawasaki Versys"},"content":{"rendered":"<h2>Assurez votre Kawasaki Versys avec Solo Moto<\/h2>\n\n\n<p>Si vous envisagez d&rsquo;acheter une moto tout-terrain, la Kawasaki Versys est probablement sur votre liste de pr\u00e9s\u00e9lection. Que vous recherchiez une moto tout-terrain de plus de 1000 cc ou d&rsquo;environ 600 cc, Kawasaki propose une offre adapt\u00e9e dans les deux cat\u00e9gories. Avec la Kawasaki Versys 650 et la Kawasaki Versys 1000, il y en a vraiment pour tous les go\u00fbts. Bien que la Versys ait \u00e9t\u00e9 lanc\u00e9e en 2007, le mod\u00e8le a subi une importante m\u00e9tamorphose depuis. Le mod\u00e8le qui a \u00e9t\u00e9 lanc\u00e9 \u00e0 l&rsquo;\u00e9poque ne ressemble pas du tout au mod\u00e8le actuel. Par exemple, le mod\u00e8le actuel est \u00e9quip\u00e9 d&rsquo;un moteur en ligne \u00e0 2 et 4 cylindres respectivement. Les deux offrent une puissance suffisante pour une excursion d\u00e9tendue sur la route et sur les chemins non goudronn\u00e9s. Poss\u00e9dez-vous l&rsquo;une de ces toutes nouvelles Kawasaki Versys ? N&rsquo;oubliez pas non plus de souscrire une assurance. Heureusement, chez Solo Moto, cela ne doit pas prendre des heures. Avec seulement quelques d\u00e9tails sur votre moto et quelques informations suppl\u00e9mentaires, nous avons plusieurs assurances moto pour vous tout de suite.<\/p>\n\n\n\n<div class=\" cta-button\">\n\n\n<a id=\"cta-buttonblock_c4299fcdf4cffcb7c6b454d9cd7e5ae0\" class=\"button block large\" href=\"https:\/\/solomoto.be\/fr\/assurer-kawasaki\/\">\n\t\n\t\n\t<span class=\"large\">Calculez la prime pour votre Kawasaki Versys en 1 minute<\/span>\n\t\n\t<span class=\"small\"><\/span>\n\t\n<\/a>\n\n<\/div>\n\t\t\n<style type=\"text\/css\">\n\t#cta-buttonblock_c4299fcdf4cffcb7c6b454d9cd7e5ae0 {\n\t\tbackground: #81d742;\n\t}\n\t\n\t#cta-buttonblock_c4299fcdf4cffcb7c6b454d9cd7e5ae0:hover {\n\t\tbackground: #000000;\n\t}\n\t\n\t\n<\/style>\n\n\n\n\n<p>Pour vous donner une id\u00e9e du co\u00fbt de l&rsquo;assurance d&rsquo;une Kawasaki Versys, nous avons calcul\u00e9 un certain nombre de primes pour vous.<\/p>\n\n\n\n<figure class=\"wp-block-table\"><table><tbody><tr><td><strong>Kawasaki Versys 1000 S ABS  (2020)<\/strong>   Allroad<\/td><td><strong>1 an de permis de conduire<\/strong><\/td><td><strong>6 an de permis de conduire<\/strong><\/td><\/tr><tr><td>RC<\/td><td>\u00e0 partir de \u20ac19,95 par mois<\/td><td>\u00e0 partir de \u20ac16,63 par mois<\/td><\/tr><tr><td>RC+ Full Omnium<\/td><td>\u00e0 partir de \u20ac121,80 par mois<\/td><td>\u00e0 partir de \u20ac94,51 par mois<\/td><\/tr><\/tbody><\/table><\/figure>\n\n\n\n<figure class=\"wp-block-table\"><table><tbody><tr><td><strong>Kawasaki Versys 650 ABS (2020)<\/strong>    Allroad<\/td><td><strong>1 <strong>an de permis de conduire<\/strong><\/strong><\/td><td><strong>6 <strong>an de permis de conduire<\/strong><\/strong><\/td><\/tr><tr><td>RC<\/td><td>\u00e0 partir de \u20ac19,95 par mois<\/td><td>\u00e0 partir de \u20ac16,63 par mois<\/td><\/tr><tr><td>RC+ Full Omnium<\/td><td>\u00e0 partir de \u20ac79,66 par mois<\/td><td>\u00e0 partir de \u20ac62,29 par mois<\/td><\/tr><\/tbody><\/table><figcaption class=\"wp-element-caption\">Pour le calcul de cette prime, nous avons pris en compte les facteurs suivants : 45 ans, 6 ans de permis moto, 0 accident, garage ferm\u00e9, serrure m\u00e9canique et aucune assurance suppl\u00e9mentaire. (derni\u00e8re mise \u00e0 jour le 08-02-2022)<\/figcaption><\/figure>\n\n\n\n<h2 class=\"wp-block-heading\" id=\"ook-geschikt-voor-het-a2-rijbewijs\">Convient \u00e9galement pour le permis A2<\/h2>\n\n\n\n<p>Saviez-vous que la Kawasaki Versys 650 est \u00e9galement disponible en version 35kW ? Il convient donc parfaitement aux motocyclistes titulaires du permis A2. &nbsp;En outre, la Kawasaki Versys 650 peut \u00eatre command\u00e9e \u00e0 partir de 8 699 \u20ac. De plus, cette moto Kawasaki est \u00e9quip\u00e9e d&rsquo;un moteur de 51kW. Il est ainsi possible de r\u00e9duire ce mod\u00e8le \u00e0 35kW, ce qui convient pour un permis A2. Kawasaki livre \u00e9galement ce mod\u00e8le en version sp\u00e9ciale A2.<\/p>\n\n\n\n<p>De Kawasaki Versys is al nieuw te bestellen vanaf \u20ac14.999,-. Daarmee krijgt u een in de basis al zeer compleet uitgevoerde motorfiets. Echter voor de liefhebber is er de Kawasaki Versys SE, uitgerust met een voorbereiding voor koffers, andere vering en een hogere kuipruit.&nbsp; Heeft u uw keuze al gemaakt en bent u in het bezit van een La Kawasaki Versys peut \u00eatre command\u00e9e neuve \u00e0 partir de 14 999 \u20ac. Il s&rsquo;agit d&rsquo;une moto qui est d\u00e9j\u00e0 tr\u00e8s bien \u00e9quip\u00e9e. Mais pour les passionn\u00e9s, il y a la Kawasaki Versys SE, \u00e9quip\u00e9e d&rsquo;une pr\u00e9paration pour les valises, d&rsquo;une suspension diff\u00e9rente et d&rsquo;un \u00e9cran plus haut.&nbsp; Avez-vous d\u00e9j\u00e0 fait votre choix et poss\u00e9dez-vous une excellente Kawasaki Versys ? Ensuite, assurez-vous d&rsquo;\u00eatre bien assur\u00e9 pour la route. Gr\u00e2ce \u00e0 Solo Moto, vous pouvez assurer votre Kawasaki Versys comme vous l&rsquo;entendez.Kawasaki Versys? Zorg er dan voor dat u goed verzekerd de weg op gaat. Via Solo Moto kunt u de Kawasaki Versys verzekeren zoals u dit het liefst zou willen.<\/p>\n\n\n\n<figure class=\"wp-block-image size-large\"><img decoding=\"async\" src=\"https:\/\/solomoto.be\/wp-content\/uploads\/2022\/01\/Kawasaki-Versys-683x1024.jpg\" alt=\" kawasaki versys \" class=\"wp-image-3343\"\/><\/figure>\n\n\n\n<h2 class=\"wp-block-heading\" id=\"kawasaki-versys-motorverzekering\">Assurance moto Kawasaki Versys<\/h2>\n\n\n\n<p>Chez Solo Moto, nous sommes nous-m\u00eames des motocyclistes passionn\u00e9s, certains d&rsquo;entre nous conduisent m\u00eame une Kawasaki. Nous comprenons donc que vous souhaitiez obtenir votre assurance moto Kawasaki Versys rapidement et facilement. C&rsquo;est pourquoi nous avons fait en sorte que vous puissiez voir directement les possibilit\u00e9s d&rsquo;assurance. En indiquant votre num\u00e9ro d&rsquo;immatriculation, votre code postal et votre date de naissance, vous pouvez d\u00e9j\u00e0 comparer les assurances moto. Nous vous fournirons alors une recommandation sans obligation. Assurer une Kawasaki est tr\u00e8s facile !<\/p>\n\n\n\n<p>En Belgique, la loi rend obligatoire la souscription d&rsquo;une assurance pour votre Kawasaki Versys. Si l&rsquo;assurance de base suffit pour votre moto, l&rsquo;assurance RCest faite pour vous. Si vous souhaitez inclure l&rsquo;assurance incendie, temp\u00eate et vol, la RC+ Mini Omnium est faite pour vous. Si vous souhaitez \u00e9galement couvrir les dommages caus\u00e9s par vos propres actes, l&rsquo;assurance RC + Full Omnium est faite pour vous.<\/p>\n\n\n\n<p>Vous voulez savoir ce que Solo Moto peut faire pour votre assurance moto Kawasaki ? Calculez votre prime rapidement et facilement ou appelez-nous pour obtenir des conseils.<\/p>\n\n\n\n<figure class=\"wp-block-image size-large\"><img decoding=\"async\" src=\"https:\/\/solomoto.be\/wp-content\/uploads\/2022\/01\/Kawasaki-Versys-2-683x1024.jpg\" alt=\" kawasaki versys \" class=\"wp-image-3342\"\/><\/figure>\n","protected":false},"excerpt":{"rendered":"<p>Assurez votre Kawasaki Versys avec Solo Moto Si vous envisagez d&rsquo;acheter une moto tout-terrain, la Kawasaki Versys est probablement sur&#8230;<\/p>\n","protected":false},"author":1,"featured_media":8591,"parent":1718,"menu_order":0,"comment_status":"closed","ping_status":"closed","template":"","meta":{"_acf_changed":false,"footnotes":""},"class_list":["post-3335","page","type-page","status-publish","has-post-thumbnail","hentry"],"acf":[],"_links":{"self":[{"href":"https:\/\/solomoto.be\/fr\/wp-json\/wp\/v2\/pages\/3335","targetHints":{"allow":["GET"]}}],"collection":[{"href":"https:\/\/solomoto.be\/fr\/wp-json\/wp\/v2\/pages"}],"about":[{"href":"https:\/\/solomoto.be\/fr\/wp-json\/wp\/v2\/types\/page"}],"author":[{"embeddable":true,"href":"https:\/\/solomoto.be\/fr\/wp-json\/wp\/v2\/users\/1"}],"replies":[{"embeddable":true,"href":"https:\/\/solomoto.be\/fr\/wp-json\/wp\/v2\/comments?post=3335"}],"version-history":[{"count":17,"href":"https:\/\/solomoto.be\/fr\/wp-json\/wp\/v2\/pages\/3335\/revisions"}],"predecessor-version":[{"id":8966,"href":"https:\/\/solomoto.be\/fr\/wp-json\/wp\/v2\/pages\/3335\/revisions\/8966"}],"up":[{"embeddable":true,"href":"https:\/\/solomoto.be\/fr\/wp-json\/wp\/v2\/pages\/1718"}],"wp:featuredmedia":[{"embeddable":true,"href":"https:\/\/solomoto.be\/fr\/wp-json\/wp\/v2\/media\/8591"}],"wp:attachment":[{"href":"https:\/\/solomoto.be\/fr\/wp-json\/wp\/v2\/media?parent=3335"}],"curies":[{"name":"wp","href":"https:\/\/api.w.org\/{rel}","templated":true}]}}