{"id":3307,"date":"2020-03-19T14:36:29","date_gmt":"2020-03-19T14:36:29","guid":{"rendered":"https:\/\/combimotors.nl\/?page_id=3307"},"modified":"2024-08-27T11:21:59","modified_gmt":"2024-08-27T10:21:59","slug":"assurer-la-yamaha-mt-07","status":"publish","type":"page","link":"https:\/\/solomoto.be\/fr\/assurer-la-yamaha-mt-07\/","title":{"rendered":"Assurer la Yamaha MT-07"},"content":{"rendered":"\n<h2 class=\"wp-block-heading\" id=\"yamaha-mt-07-verzekeren-via-solo-moto\">Assurer une Yamaha MT-07 par Solo Moto<\/h2>\n\n\n\n<p>La Yamaha MT-07 est le mod\u00e8le le plus vendu de Yamaha. Depuis 2015, environ 450 nouvelles motos ont \u00e9t\u00e9 enregistr\u00e9es chaque ann\u00e9e. Ce n&rsquo;est pas surprenant quand on regarde les sp\u00e9cifications de la Yamaha MT-07. Le 4 temps \u00e0 deux cylindres est tr\u00e8s convivial, tant pour le d\u00e9butant que pour le pilote exp\u00e9riment\u00e9. Si l&rsquo;on ajoute \u00e0 cela l&rsquo;allure robuste de la Yamaha MT-07, on comprend tr\u00e8s bien pourquoi cette moto est si populaire. La Yamaha MT-07 est vendue en deux versions de moteur diff\u00e9rentes : la version standard a 55kW et une version de 35kW, qui est particuli\u00e8rement adapt\u00e9e aux motocyclistes ayant un permis A2. La version standard peut \u00e9galement \u00eatre reconvertie \u00e0 35kW avec un kit. Cela permet d&rsquo;ouvrir la moto plus tard, si vous avez un permis A complet.<\/p>\n\n\n<div class=\"wp-block-image\">\n<figure class=\"aligncenter size-large is-resized\"><img loading=\"lazy\" decoding=\"async\" src=\"https:\/\/solomoto.be\/wp-content\/uploads\/2022\/01\/2021_YAM_MT07_EU_PGD_STA_010_03_preview-1024x576.jpg\" alt=\"Yamaha MT-07\" class=\"wp-image-5419\" width=\"512\" height=\"288\"\/><\/figure>\n<\/div>\n\n\n<p>Lorsque vous \u00eates l&rsquo;heureux propri\u00e9taire d&rsquo;une excellente Yamaha MT-07, vous voulez vous assurer que vous \u00eates bien assur\u00e9. Dans ce cas, Solo Moto est le bon endroit. Gr\u00e2ce \u00e0 nous, l&rsquo;assurance de votre Yamaha MT-07 est organis\u00e9e en un rien de temps !<\/p>\n\n\n\n<div class=\" cta-button\">\n\n\n<a id=\"cta-buttonblock_3a0a5a391130cdd216de7243242ddef1\" class=\"button block large\" href=\"https:\/\/solomoto.be\/yamaha-verzekeren\/\">\n\t\n\t\n\t<span class=\"large\">Assurer votre Yamaha MT-07 est simple et rapide<\/span>\n\t\n\t<span class=\"small\">Calculer votre prime en 1 minute<\/span>\n\t\n<\/a>\n\n<\/div>\n\t\t\n<style type=\"text\/css\">\n\t#cta-buttonblock_3a0a5a391130cdd216de7243242ddef1 {\n\t\tbackground: #81d742;\n\t}\n\t\n\t#cta-buttonblock_3a0a5a391130cdd216de7243242ddef1:hover {\n\t\tbackground: #000000;\n\t}\n\t\n\t\n<\/style>\n\n\n\n\n<figure class=\"wp-block-image size-large\"><img decoding=\"async\" src=\"https:\/\/solomoto.be\/wp-content\/uploads\/2022\/01\/Yamaha-mt-07-2.jpg\" alt=\"Yamaha MT-07\" class=\"wp-image-3308\"\/><\/figure>\n\n\n\n<h2 class=\"wp-block-heading\" id=\"ideale-motor-voor-beginnende-bestuurders\">Une moto id\u00e9ale pour les conducteurs novices<\/h2>\n\n\n\n<p>Comme nous venons de le d\u00e9crire, la Yamaha MT-07 est la moto id\u00e9ale pour les conducteurs ayant un permis A2 ou un permis complet mais peu d&rsquo;exp\u00e9rience de conduite. La Yamaha MT-07 offre une position assise tr\u00e8s agr\u00e9able. Cela donne \u00e0 la moto beaucoup de confiance et c&rsquo;est agr\u00e9able si vous n&rsquo;\u00eates pas tr\u00e8s exp\u00e9riment\u00e9. Vous pouvez acheter une Yamaha MT-07 \u00e0 partir de 7.199,- euros ou m\u00eame \u00e0 partir de 5.000 euros d&rsquo;occasion. La Yamaha n&rsquo;est peut-\u00eatre pas la moto la plus puissante que l&rsquo;on puisse imaginer, mais elle ne p\u00e8se que 182 kilos avec un permis de circulation. Vous avez h\u00e2te de tester votre nouvelle moto ? Assurez-vous que vous et la moto \u00eates bien assur\u00e9s pour la route. Chez Solo Moto, vous pouvez assurer la Yamaha MT-07 comme vous le souhaitez !<\/p>\n\n\n<div class=\"wp-block-image\">\n<figure class=\"aligncenter\"><img decoding=\"async\" src=\"https:\/\/solomoto.be\/wp-content\/uploads\/2022\/01\/Yamaha-mt-07-300x200.jpg\" alt=\"Yamaha MT-07\" class=\"wp-image-3309\"\/><\/figure>\n<\/div>\n\n\n<h2 class=\"wp-block-heading\" id=\"yamaha-mt-07-motorverzekering\">Assurance moto Yamaha MT-07<\/h2>\n\n\n\n<p>Chez Solo Moto, nous sommes des motocyclistes enthousiastes et surtout des amoureux de la moto. C&rsquo;est pourquoi nous comprenons tr\u00e8s bien que vous voulez organiser votre assurance moto Yamaha MT-07 de mani\u00e8re optimale et rapide. C&rsquo;est pourquoi vous pouvez souscrire l&rsquo;assurance directement en ligne. En remplissant votre num\u00e9ro d&rsquo;immatriculation, votre code postal et votre date de naissance, nous pouvons trouver l&rsquo;assurance parfaite pour vous et votre moto. Nous vous donnerons un conseil gratuit. Assurer votre toute nouvelle Yamaha n&rsquo;a jamais \u00e9t\u00e9 aussi facile !<\/p>\n\n\n\n<h3 class=\"wp-block-heading\" id=\"diverse-verzekeringsmogelijkheden\">Diverses possibilit\u00e9s d&rsquo;assurance<\/h3>\n\n\n\n<p>En outre, il est obligatoire en Belgique d&rsquo;assurer une moto. La couverture minimale que vous pouvez souscrire est la couverture BA. Il s&rsquo;agit de la responsabilit\u00e9 civile. Cette assurance vous couvre pour les dommages que vous causez \u00e0 autrui. Avec cette couverture, vous ne recevez rien vous-m\u00eame. Il va sans dire qu&rsquo;il s&rsquo;agit \u00e9galement de la couverture la moins ch\u00e8re.<\/p>\n\n\n\n<p>Vous voulez un peu plus de s\u00e9curit\u00e9 et vous voulez inclure une assurance incendie, temp\u00eate et vol ? Alors le BA + Mini Omnium pourrait \u00eatre une meilleure option pour vous. Vous pr\u00e9f\u00e9rez ne rien laisser au hasard et pr\u00e9f\u00e9rez une assurance BA + Full Omnium ? Alors Solo Moto est l&rsquo;endroit id\u00e9al pour vous. Vous \u00eates curieux de conna\u00eetre votre prime ? Calculez directement la prime de votre moto !<\/p>\n","protected":false},"excerpt":{"rendered":"<p>Assurer une Yamaha MT-07 par Solo Moto La Yamaha MT-07 est le mod\u00e8le le plus vendu de Yamaha. Depuis 2015,&#8230;<\/p>\n","protected":false},"author":1,"featured_media":8619,"parent":0,"menu_order":0,"comment_status":"closed","ping_status":"closed","template":"","meta":{"_acf_changed":false,"footnotes":""},"class_list":["post-3307","page","type-page","status-publish","has-post-thumbnail","hentry"],"acf":[],"_links":{"self":[{"href":"https:\/\/solomoto.be\/fr\/wp-json\/wp\/v2\/pages\/3307","targetHints":{"allow":["GET"]}}],"collection":[{"href":"https:\/\/solomoto.be\/fr\/wp-json\/wp\/v2\/pages"}],"about":[{"href":"https:\/\/solomoto.be\/fr\/wp-json\/wp\/v2\/types\/page"}],"author":[{"embeddable":true,"href":"https:\/\/solomoto.be\/fr\/wp-json\/wp\/v2\/users\/1"}],"replies":[{"embeddable":true,"href":"https:\/\/solomoto.be\/fr\/wp-json\/wp\/v2\/comments?post=3307"}],"version-history":[{"count":20,"href":"https:\/\/solomoto.be\/fr\/wp-json\/wp\/v2\/pages\/3307\/revisions"}],"predecessor-version":[{"id":8926,"href":"https:\/\/solomoto.be\/fr\/wp-json\/wp\/v2\/pages\/3307\/revisions\/8926"}],"wp:featuredmedia":[{"embeddable":true,"href":"https:\/\/solomoto.be\/fr\/wp-json\/wp\/v2\/media\/8619"}],"wp:attachment":[{"href":"https:\/\/solomoto.be\/fr\/wp-json\/wp\/v2\/media?parent=3307"}],"curies":[{"name":"wp","href":"https:\/\/api.w.org\/{rel}","templated":true}]}}