{"id":3302,"date":"2020-03-19T14:11:28","date_gmt":"2020-03-19T14:11:28","guid":{"rendered":"https:\/\/combimotors.nl\/?page_id=3302"},"modified":"2022-08-02T07:52:49","modified_gmt":"2022-08-02T06:52:49","slug":"assurer-la-bmw-f900xr","status":"publish","type":"page","link":"https:\/\/solomoto.be\/fr\/assurance-bmw\/assurer-la-bmw-f900xr\/","title":{"rendered":"Assurer la BMW F900XR"},"content":{"rendered":"\n<h2 class=\"wp-block-heading\" id=\"bmw-f900xr-verzekeren-bij-solo-moto\">Assurez la BMW F900XR avec Solo Moto<\/h2>\n\n\n<p>La BMW F900XR a mis longtemps \u00e0 voir le jour, apr\u00e8s un premier prototype de BMW Concept 9cento. Maintenant, il est r\u00e9ellement disponible. Le petit fr\u00e8re de la BMW S1000XR, qui a su r\u00e9unir deux mondes : un look de superbike dans une moto allroad. Par exemple, la BMW F900XR dispose d&rsquo;un moteur 2 cylindres en ligne qui a \u00e9t\u00e9 introduit pour la premi\u00e8re fois dans la F850 GS en 2018. En outre, le bloc de 895 cm3 d\u00e9livre 105 ch (77 kW). En outre, le bloc a une pelote de t\u00eate de 92 Nm \u00e0 6 500 tr\/min. Cela ne fait peut-\u00eatre pas de lui le moteur le plus puissant du segment, mais vous pouvez tout de m\u00eame prendre plaisir \u00e0 le conduire. Lorsque vous poss\u00e9dez une si belle BMW F900XR, vous voulez bien s\u00fbr vous assurer que vous ne courez aucun risque en cas de dommage et que votre moto est bien assur\u00e9e. Assurer une BMW F900XR chez Solo Moto est vraiment un jeu d&rsquo;enfant !&nbsp;<\/p>\n\n\n<div class=\" cta-button\">\n\n\n<a id=\"cta-buttonblock_5e904cd0ca314\" class=\"button block large\" href=\"https:\/\/solomoto.be\/fr\/calcul-de-la-prime\/\">\n\t\n\t\n\t<span class=\"large\">Vous voulez assurer votre BMW F900XR ?<\/span>\n\t\n\t<span class=\"small\">Calculer la prime en 1 minute<\/span>\n\t\n<\/a>\n\n<\/div>\n\t\t\n<style type=\"text\/css\">\n\t#cta-buttonblock_5e904cd0ca314 {\n\t\tbackground: #81d742;\n\t}\n\t\n\t#cta-buttonblock_5e904cd0ca314:hover {\n\t\tbackground: #000000;\n\t}\n\t\n\t\n<\/style>\n\n\n\n\n<p>Pour vous donner une id\u00e9e de ce que co\u00fbte l&rsquo;assurance d&rsquo;une BMW F900XR, nous avons fait un exemple pour vous :<\/p>\n\n\n\n<div class=\"wp-block-columns is-layout-flex wp-container-core-columns-is-layout-9d6595d7 wp-block-columns-is-layout-flex\">\n<div class=\"wp-block-column is-layout-flow wp-block-column-is-layout-flow\" style=\"flex-basis:100%\">\n<div class=\"wp-block-columns is-layout-flex wp-container-core-columns-is-layout-9d6595d7 wp-block-columns-is-layout-flex\">\n<div class=\"wp-block-column is-layout-flow wp-block-column-is-layout-flow\" style=\"flex-basis:100%\">\n<figure class=\"wp-block-table\"><table><tbody><tr><td><strong>BMW F900XR (2020)<\/strong> <strong>Tour<\/strong><\/td><td><strong>1 an de permis de conduire<\/strong><\/td><td><strong>6 an de permis de conduire<\/strong><\/td><\/tr><tr><td>RC<\/td><td>\u00e0 partir de 19,95 \u20ac par mois<\/td><td>\u00e0 partir de 16,63 \u20ac par mois<\/td><\/tr><tr><td>RC+ Mini Omnium<\/td><td>\u00e0 partir de 68,76 \u20ac par mois<\/td><td>\u00e0 partir de 53,95 \u20ac par mois<\/td><\/tr><tr><td>RC+ Full Omnium<\/td><td>\u00e0 partir de 111,58 \u20ac par mois<\/td><td>\u00e0 partir de 86,69 \u20ac par mois<\/td><\/tr><tr><td>RC+ Full Omnium TOP<\/td><td>\u00e0 partir de 141,01 \u20ac par mois<\/td><td>\u00e0 partir de 109,20 \u20ac par mois<\/td><\/tr><\/tbody><\/table><figcaption>Pour le calcul de cette prime, nous avons pris en compte les facteurs suivants : 45 ans, 6 ans de permis moto, 0 accident, garage ferm\u00e9, serrure m\u00e9canique et aucune assurance suppl\u00e9mentaire. (derni\u00e8re mise \u00e0 jour le 08-02-2022)<\/figcaption><\/figure>\n<\/div>\n<\/div>\n<\/div>\n<\/div>\n\n\n\n<figure class=\"wp-block-image size-large\"><img decoding=\"async\" src=\"https:\/\/solomoto.be\/wp-content\/uploads\/2022\/01\/BMW-F900XR-2.jpg\" alt=\"BMW F900XR\" class=\"wp-image-3303\"\/><\/figure>\n\n\n\n<h2 class=\"wp-block-heading\" id=\"allroad-segment-van-bmw\">Le segment Allroad de BMW<\/h2>\n\n\n\n<p>BMW a consid\u00e9rablement \u00e9largi le segment des v\u00e9hicules tout-terrain. En lan\u00e7ant la F900XR et, en m\u00eame temps, la BMW F900R, BMW dispose de plusieurs points forts sur le march\u00e9 du tout-terrain avec une puissance l\u00e9g\u00e8rement inf\u00e9rieure. La BMW R1250 GS est, bien s\u00fbr, d\u00e9j\u00e0 un succ\u00e8s de vente dans le segment de la plus grosse cylindr\u00e9e. Bien s\u00fbr, en tant que passionn\u00e9s de moto, nous sommes curieux, chez Solo Moto, de voir ce que la BMW F900XR va nous apporter. Les sp\u00e9cifications de cette moto indiquent que vous serez en mesure de bien vous d\u00e9brouiller sur les routes comportant de nombreux virages et entre les routes. Pendant ces voyages, vous devez vous assurer que votre BMW F900XR est bien assur\u00e9e. Chez Solo Moto, c&rsquo;est tr\u00e8s facile \u00e0 organiser. Par notre interm\u00e9diaire, vous pouvez assurer la moto directement en ligne.<\/p>\n\n\n<div class=\"wp-block-image\">\n<figure class=\"aligncenter size-large\"><img decoding=\"async\" src=\"https:\/\/solomoto.be\/wp-content\/uploads\/2022\/01\/BMW-F900XR.jpg\" alt=\"BMW F900XR\" class=\"wp-image-3304\"\/><\/figure>\n<\/div>\n\n\n<h2 class=\"wp-block-heading\" id=\"bmw-f900xr-motorverzekering\">Assurance moto BMW F900XR<\/h2>\n\n\n\n<p>En tant que sp\u00e9cialiste de l&rsquo;assurance moto, nous comprenons que vous souhaitiez souscrire votre assurance moto BMW F900XR rapidement et facilement. C&rsquo;est pourquoi vous pouvez le faire avec nous \u00e0 la fois en ligne et par t\u00e9l\u00e9phone. En ligne, vous pouvez voir les possibilit\u00e9s d&rsquo;assurance d&rsquo;un seul coup d&rsquo;\u0153il. En saisissant seulement quelques donn\u00e9es personnelles et le num\u00e9ro d&rsquo;immatriculation de votre moto, nous calculons sans effort la prime la moins ch\u00e8re. Assurer votre BMW est donc tr\u00e8s facile.<\/p>\n\n\n\n<h3 class=\"wp-block-heading\" id=\"verzekeringsmogelijkheden\">Possibilit\u00e9s d&rsquo;assurance<\/h3>\n\n\n\n<p>Pour vous donner une id\u00e9e, nous vous expliquons un certain nombre de possibilit\u00e9s d&rsquo;assurance pour cette excellente moto BMW. Par exemple, une assurance RC pour votre moto BMW F900XR est possible \u00e0 partir de 16,63 \u20ac par mois chez Solo Moto.<\/p>\n\n\n\n<p>Vous souhaitez souscrire une couverture plus compl\u00e8te qui inclut \u00e9galement l&rsquo;incendie et le vol ? Envisagez alors une assurance RC+ Mini Omnium.<\/p>\n\n\n\n<p>En troisi\u00e8me option, vous pouvez \u00e9galement vous assurer contre le risque de dommages caus\u00e9s par votre propre faute. Pour cela, l&rsquo;assurance RC+ Full Omnium est le bon choix. Vous \u00eates curieux de savoir quelle est la prime qui vous convient le mieux ? Calculez et visualisez la prime pour votre BMW ici.<\/p>\n","protected":false},"excerpt":{"rendered":"<p>Assurez la BMW F900XR avec Solo Moto La BMW F900XR a mis longtemps \u00e0 voir le jour, apr\u00e8s un premier&#8230;<\/p>\n","protected":false},"author":1,"featured_media":8537,"parent":1621,"menu_order":0,"comment_status":"closed","ping_status":"closed","template":"","meta":{"_acf_changed":false,"footnotes":""},"class_list":["post-3302","page","type-page","status-publish","has-post-thumbnail","hentry"],"acf":[],"_links":{"self":[{"href":"https:\/\/solomoto.be\/fr\/wp-json\/wp\/v2\/pages\/3302","targetHints":{"allow":["GET"]}}],"collection":[{"href":"https:\/\/solomoto.be\/fr\/wp-json\/wp\/v2\/pages"}],"about":[{"href":"https:\/\/solomoto.be\/fr\/wp-json\/wp\/v2\/types\/page"}],"author":[{"embeddable":true,"href":"https:\/\/solomoto.be\/fr\/wp-json\/wp\/v2\/users\/1"}],"replies":[{"embeddable":true,"href":"https:\/\/solomoto.be\/fr\/wp-json\/wp\/v2\/comments?post=3302"}],"version-history":[{"count":22,"href":"https:\/\/solomoto.be\/fr\/wp-json\/wp\/v2\/pages\/3302\/revisions"}],"predecessor-version":[{"id":8538,"href":"https:\/\/solomoto.be\/fr\/wp-json\/wp\/v2\/pages\/3302\/revisions\/8538"}],"up":[{"embeddable":true,"href":"https:\/\/solomoto.be\/fr\/wp-json\/wp\/v2\/pages\/1621"}],"wp:featuredmedia":[{"embeddable":true,"href":"https:\/\/solomoto.be\/fr\/wp-json\/wp\/v2\/media\/8537"}],"wp:attachment":[{"href":"https:\/\/solomoto.be\/fr\/wp-json\/wp\/v2\/media?parent=3302"}],"curies":[{"name":"wp","href":"https:\/\/api.w.org\/{rel}","templated":true}]}}