{"id":3079,"date":"2020-03-16T11:08:32","date_gmt":"2020-03-16T11:08:32","guid":{"rendered":"https:\/\/combimotors.nl\/?page_id=3079"},"modified":"2024-08-27T11:14:33","modified_gmt":"2024-08-27T10:14:33","slug":"assurer-la-kawasaki-z650","status":"publish","type":"page","link":"https:\/\/solomoto.be\/fr\/assurer-kawasaki\/assurer-la-kawasaki-z650\/","title":{"rendered":"Assurer la Kawasaki Z650"},"content":{"rendered":"<h2>Assurer la Kawasaki Z650<\/h2>\n<p>La Kawasaki Z650 est une moto de tourisme sportive de la gamme Kawasaki. La Z650 a \u00e9t\u00e9 introduite en 2017 au sein de la famille Z et est depuis l&rsquo;une des motos les plus vendues. C&rsquo;est facile \u00e0 comprendre quand on regarde le rapport qualit\u00e9-prix : la Kawasaki a un moteur bicylindre parall\u00e8le de 649 cm3. Ce chiffre est comparable \u00e0 celui du pr\u00e9d\u00e9cesseur de la Z650, l&rsquo;ER-6. L&rsquo;impressionnante Kawasaki Z650 peut \u00eatre command\u00e9e \u00e0 partir de 7 899 \u20ac, ce qui n&rsquo;est pas une grosse somme pour une moto neuve. La ligne Z de Kawasaki se caract\u00e9rise par des lignes nettes et une apparence robuste. Le feu arri\u00e8re, r\u00e9alis\u00e9 en forme de Z, est un d\u00e9tail frappant. Si vous \u00eates l&rsquo;heureux propri\u00e9taire d&rsquo;une Kawasaki Z650, vous souhaitez bien s\u00fbr l&rsquo;assurer correctement. Dans ce cas, Solo Moto offre une solution ! Assurer votre Kawasaki Z650 avec nous est un jeu d&rsquo;enfant.<\/p>\n\n\n<div class=\" cta-button\">\n\n\n<a id=\"cta-buttonblock_ed9053043fd283711425593189b2f526\" class=\"button block large\" href=\"https:\/\/solomoto.be\/fr\/assurer-kawasaki\/\">\n\t\n\t\n\t<span class=\"large\">Calculez rapidement et facilement la prime d&rsquo;assurance de votre Kawasaki Z650<\/span>\n\t\n\t<span class=\"small\">En une minute, vous avez trouv\u00e9 la prime la moins ch\u00e8re.<\/span>\n\t\n<\/a>\n\n<\/div>\n\t\t\n<style type=\"text\/css\">\n\t#cta-buttonblock_ed9053043fd283711425593189b2f526 {\n\t\tbackground: #81d742;\n\t}\n\t\n\t#cta-buttonblock_ed9053043fd283711425593189b2f526:hover {\n\t\tbackground: #000000;\n\t}\n\t\n\t\n<\/style>\n\n\n\n\n<p>En tant que passionn\u00e9s de moto, nous comprenons qu&rsquo;apr\u00e8s avoir achet\u00e9 une si belle moto, vous voulez \u00eatre sur la route le plus vite possible. Solo Moto est heureux de vous aider \u00e0 assurer votre Kawasaki Z650. Vous pouvez facilement calculer la prime en ligne et comparer directement les diff\u00e9rentes conditions des polices. En saisissant votre num\u00e9ro d&rsquo;immatriculation et quelques informations personnelles, nous pouvons comparer gratuitement plusieurs assurances moto. Nous vous pr\u00e9senterons ensuite un conseil concret et une comparaison entre plusieurs assureurs. Assurer une Kawasaki n&rsquo;a jamais \u00e9t\u00e9 aussi facile !<\/p>\n\n\n\n<p>Afin de vous donner une indication du co\u00fbt de l&rsquo;assurance de votre Kawasaki Z650, nous avons fait un exemple de calcul pour vous :<\/p>\n\n\n\n<figure class=\"wp-block-table\"><table><tbody><tr><td><strong>Kawasaki Z650 ABS (2020)<\/strong>   Tour<\/td><td><strong>1 an de permis moto<\/strong><\/td><td><strong>6 an de permis moto<\/strong><\/td><\/tr><tr><td>RC<\/td><td>\u00e0 partir de \u20ac19.95 par mois<\/td><td>\u00e0 partir de \u20ac16,63 par mois<\/td><\/tr><tr><td>RC+ Full Omnium<\/td><td>\u00e0 partir de \u20ac76,06 par mois<\/td><td>\u00e0 partir de \u20ac59,53 par mois<\/td><\/tr><\/tbody><\/table><figcaption class=\"wp-element-caption\">Pour le calcul de cette prime, nous avons pris en compte les facteurs suivants : 45 ans, permis moto 1 et 6 ans, 0 accident, garage ferm\u00e9, serrure m\u00e9canique et aucune assurance suppl\u00e9mentaire. (derni\u00e8re mise \u00e0 jour le 08-02-2022)<\/figcaption><\/figure>\n\n\n\n<h2 class=\"wp-block-heading\" id=\"verkooptopper\">Vendeur<\/h2>\n\n\n\n<p>Avec le lancement de la Kawasaki Z750, la marque Kawasaki savait qu&rsquo;elle avait trouv\u00e9 la formule du succ\u00e8s, \u00e0 savoir une moto abordable pour un public plus jeune. Au cours des deux derni\u00e8res ann\u00e9es, pas moins de 300 nouvelles Kawasaki Z650 ont \u00e9t\u00e9 enregistr\u00e9es par an. Cela rend la Z650 un peu moins populaire que sa concurrente, la Yamaha MT-07.<\/p>\n\n\n\n<p>Avec ses 68 CV, elle n&rsquo;est pas tr\u00e8s puissante, mais comme cette Kawasaki a 50,2 kW, la moto peut \u00eatre adapt\u00e9e au permis A2. C&rsquo;est tr\u00e8s int\u00e9ressant pour le groupe cible des jeunes. La Kawasaki Z650 d\u00e9livre \u00e9galement un couple de 65,7 nM \u00e0 6 500 tr\/min, ce qui est plus que suffisant pour gagner un sprint au feu rouge. Le v\u00e9lo p\u00e8se 187 kilogrammes lorsqu&rsquo;il est pr\u00eat \u00e0 partir. Vous en avez une pr\u00eate \u00e0 l&#8217;emploi et vous devez assurer la Kawasaki Z650 ? Calculez ensuite rapidement et facilement la prime de votre assurance moto sur Solo Moto.<\/p>\n\n\n\n<h2 class=\"wp-block-heading\" id=\"kawasaki-z650-motorverzekering\">Assurance moto Kawasaki Z650<\/h2>\n\n\n\n<p>Waarom moet u een motorverzekering afsluiten voor uw Kawasaki Z650? U bent wettelijk verplicht om minimaal een BA-verzekering af te sluiten. Anders mag u de weg niet op. Wilt u echter brand, storm en diefstal mee verzekeren? Dan biedt Solo Moto een BA + Mini Omnium verzekering voor u. Wilt u minder risico lopen en ook schades door eigen schuld meeverzekeren? Dan kunt u gaan voor een BA + Full Omnium Top.  <\/p>\n\n\n\n<p>Vous \u00eates curieux ? Calculez l&rsquo;assurance moto la moins ch\u00e8re sur Solo Moto !<\/p>\n","protected":false},"excerpt":{"rendered":"<p>Assurer la Kawasaki Z650 La Kawasaki Z650 est une moto de tourisme sportive de la gamme Kawasaki. La Z650 a&#8230;<\/p>\n","protected":false},"author":1,"featured_media":7730,"parent":1718,"menu_order":0,"comment_status":"closed","ping_status":"closed","template":"","meta":{"_acf_changed":false,"footnotes":""},"class_list":["post-3079","page","type-page","status-publish","has-post-thumbnail","hentry"],"acf":[],"_links":{"self":[{"href":"https:\/\/solomoto.be\/fr\/wp-json\/wp\/v2\/pages\/3079","targetHints":{"allow":["GET"]}}],"collection":[{"href":"https:\/\/solomoto.be\/fr\/wp-json\/wp\/v2\/pages"}],"about":[{"href":"https:\/\/solomoto.be\/fr\/wp-json\/wp\/v2\/types\/page"}],"author":[{"embeddable":true,"href":"https:\/\/solomoto.be\/fr\/wp-json\/wp\/v2\/users\/1"}],"replies":[{"embeddable":true,"href":"https:\/\/solomoto.be\/fr\/wp-json\/wp\/v2\/comments?post=3079"}],"version-history":[{"count":15,"href":"https:\/\/solomoto.be\/fr\/wp-json\/wp\/v2\/pages\/3079\/revisions"}],"predecessor-version":[{"id":8965,"href":"https:\/\/solomoto.be\/fr\/wp-json\/wp\/v2\/pages\/3079\/revisions\/8965"}],"up":[{"embeddable":true,"href":"https:\/\/solomoto.be\/fr\/wp-json\/wp\/v2\/pages\/1718"}],"wp:featuredmedia":[{"embeddable":true,"href":"https:\/\/solomoto.be\/fr\/wp-json\/wp\/v2\/media\/7730"}],"wp:attachment":[{"href":"https:\/\/solomoto.be\/fr\/wp-json\/wp\/v2\/media?parent=3079"}],"curies":[{"name":"wp","href":"https:\/\/api.w.org\/{rel}","templated":true}]}}