{"id":2869,"date":"2020-01-09T09:54:48","date_gmt":"2020-01-09T09:54:48","guid":{"rendered":"https:\/\/combimotors.nl\/?page_id=2869"},"modified":"2023-06-28T14:08:10","modified_gmt":"2023-06-28T13:08:10","slug":"assurer-la-bmw-r1200-gs","status":"publish","type":"page","link":"https:\/\/solomoto.be\/fr\/assurance-bmw\/assurer-la-bmw-r1200-gs\/","title":{"rendered":"Assurer BMW R1200 GS avec Solo Moto"},"content":{"rendered":"<h2>Assurer la BMW R1200 GS<\/h2>\n\n\n<p>La R1200 GS est une moto bi-sport de la famille BMW GS. Depuis 2012, les mod\u00e8les R1200 GS sont les motos les plus vendues de cette marque. Ce n&rsquo;est pas surprenant quand on regarde les sp\u00e9cifications de la BMW R1200 GS : un moteur boxer bicylindre \u00e0 4 soupapes par cylindre qui fonctionne encore plus doucement chaque ann\u00e9e. Combinez cela avec une apparence robuste et puissante et le r\u00e9sultat est l&rsquo;impressionnante BMW R1200 GS. En outre, vous pouvez \u00e9quiper cette moto de divers accessoires. Apr\u00e8s tout, BMW Motorrad est connu pour ses niveaux d&rsquo;\u00e9quipement \u00e9tendus. Pour ce moteur boxer, vous pouvez par exemple choisir entre les versions Rallye et Exclusive package de s\u00e9rie. Lorsque vous \u00eates l&rsquo;heureux propri\u00e9taire d&rsquo;une excellente BMW R1200 GS, vous souhaitez bien s\u00fbr qu&rsquo;elle soit correctement assur\u00e9e. Dans ce cas, Solo Moto est le bon choix. Avec nous, assurer votre BMW R1200 GS peut \u00eatre fait en quelques minutes seulement !<\/p>\n\n\n\n<div class=\" cta-button\">\n\n\n<a id=\"cta-buttonblock_4bde992fcd016b01873598cda3286bdb\" class=\"button block large\" href=\"https:\/\/solomoto.be\/fr\/calcul-de-la-prime\/\">\n\t\n\t\n\t<span class=\"large\">Vous voulez assurer votre BMW R1200 GS ?<\/span>\n\t\n\t<span class=\"small\">Calculer la prime de votre BMW en 1 minute<\/span>\n\t\n<\/a>\n\n<\/div>\n\t\t\n<style type=\"text\/css\">\n\t#cta-buttonblock_4bde992fcd016b01873598cda3286bdb {\n\t\tbackground: #81d742;\n\t}\n\t\n\t#cta-buttonblock_4bde992fcd016b01873598cda3286bdb:hover {\n\t\tbackground: #000000;\n\t}\n\t\n\t\n<\/style>\n\n\n\n\n<h2 class=\"wp-block-heading\" id=\"allroad-boxermotor\">Moteur boxer de l&rsquo;Allroad<\/h2>\n\n\n\n<p>Pendant des ann\u00e9es, la R1200 GS a \u00e9t\u00e9 la moto la plus vendue par BMW dans plusieurs pays europ\u00e9ens, dont la Belgique. Si vous recherchez une bonne moto tout-terrain, ce boxer est certainement un bon candidat par rapport \u00e0 la concurrence. Tout d&rsquo;abord, la BMW R1200 GS est adapt\u00e9e \u00e0 toutes les routes. Cela signifie que cette puissante moto poss\u00e8de de bonnes caract\u00e9ristiques de maniabilit\u00e9. Cela signifie que vous pouvez d\u00e9couvrir le monde avec cette BMW aussi bien sur l&rsquo;asphalte lisse que sur les routes non pav\u00e9es. Deuxi\u00e8mement, la BMW R1200 GS tient son rang en mati\u00e8re de puissance et de vitesse. Avec 125 CV \u00e0 7750 tours par minute (rpm), vous avez certainement une machine puissante entre vos jambes. En outre, la R1200 GS p\u00e8se environ 229 kilogrammes avec une route pr\u00eate. Vous \u00eates impatient de d\u00e9couvrir ce que cette moto peut faire ? Assurez-vous que vous \u00eates assur\u00e9 avant de prendre la route ! Chez Solo Moto, vous pouvez assurer la BMW R1200 GS comme vous le souhaitez.<\/p>\n\n\n\n<h2 class=\"wp-block-heading\" id=\"bmw-r-1200-gs-motorverzekering\">Assurance moto BMW R 1200 GS<\/h2>\n\n\n\n<p>En tant que passionn\u00e9s de moto et de motocyclisme, nous comprenons mieux que quiconque que vous souhaitez souscrire une assurance moto BMW R1200 GS rapidement et facilement. C&rsquo;est pourquoi vous pouvez voir les possibilit\u00e9s en ligne. Pour cela, nous avons seulement besoin de votre num\u00e9ro de plaque d&rsquo;immatriculation. Ensuite, nous formulons un conseil concret. Assurer une BMW n&rsquo;a jamais \u00e9t\u00e9 aussi facile !<\/p>\n\n\n\n<p>La l\u00e9gislation exige que vous souscriviez au moins une assurance responsabilit\u00e9 civile pour votre BMW R1200 GS. Chez nous, par exemple, c&rsquo;est d\u00e9j\u00e0 arrang\u00e9 \u00e0 partir de 16,63 \u20ac par mois. Pr\u00e9f\u00e9rez-vous une assurance automobile compl\u00e8te pour votre moto boxer ? Une assurance moto BMW R1200 GS avec RC+ Mini Omnium est possible \u00e0 partir de 72,55 \u20ac par mois chez Solo Moto. Il existe \u00e9galement une assurance RC+ Full Omnium \u00e0 partir de 117,66 \u20ac par mois. Vous \u00eates curieux de conna\u00eetre votre prime ? Calculez votre prime ici et souscrivez une assurance !<\/p>\n","protected":false},"excerpt":{"rendered":"<p>Assurer la BMW R1200 GS La R1200 GS est une moto bi-sport de la famille BMW GS. Depuis 2012, les&#8230;<\/p>\n","protected":false},"author":1,"featured_media":8539,"parent":1621,"menu_order":0,"comment_status":"closed","ping_status":"closed","template":"","meta":{"_acf_changed":false,"footnotes":""},"class_list":["post-2869","page","type-page","status-publish","has-post-thumbnail","hentry"],"acf":[],"_links":{"self":[{"href":"https:\/\/solomoto.be\/fr\/wp-json\/wp\/v2\/pages\/2869","targetHints":{"allow":["GET"]}}],"collection":[{"href":"https:\/\/solomoto.be\/fr\/wp-json\/wp\/v2\/pages"}],"about":[{"href":"https:\/\/solomoto.be\/fr\/wp-json\/wp\/v2\/types\/page"}],"author":[{"embeddable":true,"href":"https:\/\/solomoto.be\/fr\/wp-json\/wp\/v2\/users\/1"}],"replies":[{"embeddable":true,"href":"https:\/\/solomoto.be\/fr\/wp-json\/wp\/v2\/comments?post=2869"}],"version-history":[{"count":15,"href":"https:\/\/solomoto.be\/fr\/wp-json\/wp\/v2\/pages\/2869\/revisions"}],"predecessor-version":[{"id":8967,"href":"https:\/\/solomoto.be\/fr\/wp-json\/wp\/v2\/pages\/2869\/revisions\/8967"}],"up":[{"embeddable":true,"href":"https:\/\/solomoto.be\/fr\/wp-json\/wp\/v2\/pages\/1621"}],"wp:featuredmedia":[{"embeddable":true,"href":"https:\/\/solomoto.be\/fr\/wp-json\/wp\/v2\/media\/8539"}],"wp:attachment":[{"href":"https:\/\/solomoto.be\/fr\/wp-json\/wp\/v2\/media?parent=2869"}],"curies":[{"name":"wp","href":"https:\/\/api.w.org\/{rel}","templated":true}]}}