{"id":2838,"date":"2019-12-27T14:56:18","date_gmt":"2019-12-27T14:56:18","guid":{"rendered":"https:\/\/combimotors.nl\/?page_id=2838"},"modified":"2024-08-27T11:14:00","modified_gmt":"2024-08-27T10:14:00","slug":"assurer-la-kawasaki-z900","status":"publish","type":"page","link":"https:\/\/solomoto.be\/fr\/assurer-kawasaki\/assurer-la-kawasaki-z900\/","title":{"rendered":"Assurer la Kawasaki Z900"},"content":{"rendered":"\n<figure class=\"wp-block-image size-large\"><img decoding=\"async\" src=\"https:\/\/solomoto.be\/wp-content\/uploads\/2022\/01\/JvdK2151-1024x682.jpg\" alt=\"\" class=\"wp-image-3842\"\/><\/figure>\n\n\n\n<p>Kawasaki\u2019s Z900 is gepositioneerd tussen de Kawasaki Z1000 en de Z800. Een zeer aantrekkelijke motor tegen een scherpe prijs, dat moet Kawasaki gedacht hebben tijdens de lancering in 2018. Met een vanafprijs van \u20ac9.999,- is deze spierbundel scherp geprijsd ten opzichte van de concurrentie. Denk hierbij aan motoren zoals de <a href=\"https:\/\/combimotors.nl\/yamaha-verzekeren\/\">Yamaha MT-09<\/a> of <a href=\"https:\/\/combimotors.nl\/suzuki-verzekeren\/\">de Suzuki GSX-S750S<\/a>. De Kawasaki Z900 is een typische <em>naked bike<\/em>. Wel kunt u optioneel nog een kuipruitje bestellen om iets meer uit de wind te zitten. Daarnaast is er een performance pakket beschikbaar bij de Kawasaki Z900. Dan wordt er een Akrap\u00f3vic uitlaat gemonteerd en een aantal andere gave accessoires. Heeft u zo\u2019n gave spierbundel als motor? Dan wilt u uiteraard uw Kawasaki Z900 verzekeren op de beste manier. Dat kan bij Combi Motors Verzekeringen!<\/p>\n\n\n\n<div class=\" cta-button\">\n\n\n<a id=\"cta-buttonblock_2334f0ad52bebd450ce2d5059807dc23\" class=\"button block large\" href=\"https:\/\/vergelijk.combimotors.nl\/combimotors\/Producten\/MotorPortal\">\n\t\n\t\n\t<span class=\"large\">Bereken binnen 1 minuut de premie voor uw Kawasaki Z900<\/span>\n\t\n\t<span class=\"small\">Vergelijk op premie en voorwaarden, klik hier<\/span>\n\t\n<\/a>\n\n<\/div>\n\t\t\n<style type=\"text\/css\">\n\t#cta-buttonblock_2334f0ad52bebd450ce2d5059807dc23 {\n\t\tbackground: #81d742;\n\t}\n\t\n\t#cta-buttonblock_2334f0ad52bebd450ce2d5059807dc23:hover {\n\t\tbackground: #000000;\n\t}\n\t\n\t\n<\/style>\n\n\n\n\n<p>Pour vous donner une id\u00e9e de ce que co\u00fbte l&rsquo;assurance d&rsquo;une Kawasaki Z900, voici quelques exemples de primes :<\/p>\n\n\n\n<figure class=\"wp-block-table\"><table><tbody><tr><td><strong>Kawasaki Z900 (2020)<\/strong>    Tour<\/td><td><strong>1 an de permis de conduire<\/strong><\/td><td><strong>6 an de permis de conduire<\/strong><\/td><\/tr><tr><td>RC<\/td><td>\u00e0 partir de \u20ac10,56 par mois<\/td><td>\u00e0 partir de \u20ac10,04 par mois<\/td><\/tr><tr><td>RC+ Full Omnium<\/td><td>\u00e0 partir de \u20ac31,59 par mois<\/td><td>\u00e0 partir de \u20ac15,38 par mois<\/td><\/tr><\/tbody><\/table><figcaption class=\"wp-element-caption\">Ces primes sont calcul\u00e9es sur la base d&rsquo;une personne \u00e2g\u00e9e de 45 ans, avec 13 ans sans sinistre, un maximum de 6 000 kilom\u00e8tres par an, un s\u00e9jour hivernal appliqu\u00e9 (avec la couverture Full Casco) et sans assurances compl\u00e9mentaires.<\/figcaption><\/figure>\n\n\n\n<figure class=\"wp-block-image size-large\"><img decoding=\"async\" src=\"https:\/\/solomoto.be\/wp-content\/uploads\/2022\/01\/JvdK0426-1024x682.jpg\" alt=\"\" class=\"wp-image-3841\"\/><\/figure>\n\n\n\n<h2 class=\"wp-block-heading\" id=\"allround-motor\">Un moteur polyvalent<\/h2>\n\n\n\n<p>La Kawasaki Z900 est une v\u00e9ritable machine polyvalente. Cela signifie que cette moto maniable n&rsquo;a pas peur de faire un tour sur le Posbank ou Lekdijk. Cette Kawasaki tient \u00e9galement bon aux feux de circulation. Avec 125 ch \u00e0 9500 tr\/min (92,2 kW), vous avez un gros moteur sous le capot. La Z900 p\u00e8se 210 kilogrammes en ordre de marche. Toutefois, avant de pouvoir prendre la route avec cette jolie moto, vous devez \u00eatre correctement assur\u00e9. Nous pouvons assurer la Kawasaki Z900 selon vos souhaits.<\/p>\n\n\n\n<h2 class=\"wp-block-heading\" id=\"kawasaki-z900-verzekeren\">Assurance Kawasaki Z900<\/h2>\n\n\n\n<p>Obtenir une assurance pour la Kawasaki Z900 est facile et rapide via Solo Moto. En entrant votre num\u00e9ro de plaque d&rsquo;immatriculation, vous aurez l&rsquo;assurance parfaite en 1 minute. Selon la loi, il est obligatoire d&rsquo;avoir au moins une assurance RC sur la moto. Chez Solo Moto, vous pouvez assurer votre Kawasaki Z900 \u00e0 un prix tr\u00e8s avantageux. Vous \u00eates curieux de savoir quelle sera votre prime ? Comparez les assurances moto ici !<\/p>\n\n\n\n<p>Regardez \u00e9galement la vid\u00e9o officielle de la Kawasaki Z900 ici :<\/p>\n\n\n\n<figure class=\"wp-block-embed is-type-video is-provider-youtube wp-block-embed-youtube wp-embed-aspect-16-9 wp-has-aspect-ratio\"><div class=\"wp-block-embed__wrapper\">\n<iframe loading=\"lazy\" title=\"New Kawasaki Z900 MY20 - Official Video\" width=\"1200\" height=\"675\" src=\"https:\/\/www.youtube.com\/embed\/7gDFPJ0Xvgs?feature=oembed\" frameborder=\"0\" allow=\"accelerometer; autoplay; clipboard-write; encrypted-media; gyroscope; picture-in-picture\" allowfullscreen><\/iframe>\n<\/div><\/figure>\n","protected":false},"excerpt":{"rendered":"<p>Kawasaki\u2019s Z900 is gepositioneerd tussen de Kawasaki Z1000 en de Z800. Een zeer aantrekkelijke motor tegen een scherpe prijs, dat&#8230;<\/p>\n","protected":false},"author":1,"featured_media":8600,"parent":1718,"menu_order":0,"comment_status":"closed","ping_status":"closed","template":"","meta":{"_acf_changed":false,"footnotes":""},"class_list":["post-2838","page","type-page","status-publish","has-post-thumbnail","hentry"],"acf":[],"_links":{"self":[{"href":"https:\/\/solomoto.be\/fr\/wp-json\/wp\/v2\/pages\/2838","targetHints":{"allow":["GET"]}}],"collection":[{"href":"https:\/\/solomoto.be\/fr\/wp-json\/wp\/v2\/pages"}],"about":[{"href":"https:\/\/solomoto.be\/fr\/wp-json\/wp\/v2\/types\/page"}],"author":[{"embeddable":true,"href":"https:\/\/solomoto.be\/fr\/wp-json\/wp\/v2\/users\/1"}],"replies":[{"embeddable":true,"href":"https:\/\/solomoto.be\/fr\/wp-json\/wp\/v2\/comments?post=2838"}],"version-history":[{"count":8,"href":"https:\/\/solomoto.be\/fr\/wp-json\/wp\/v2\/pages\/2838\/revisions"}],"predecessor-version":[{"id":8925,"href":"https:\/\/solomoto.be\/fr\/wp-json\/wp\/v2\/pages\/2838\/revisions\/8925"}],"up":[{"embeddable":true,"href":"https:\/\/solomoto.be\/fr\/wp-json\/wp\/v2\/pages\/1718"}],"wp:featuredmedia":[{"embeddable":true,"href":"https:\/\/solomoto.be\/fr\/wp-json\/wp\/v2\/media\/8600"}],"wp:attachment":[{"href":"https:\/\/solomoto.be\/fr\/wp-json\/wp\/v2\/media?parent=2838"}],"curies":[{"name":"wp","href":"https:\/\/api.w.org\/{rel}","templated":true}]}}