{"id":2563,"date":"2019-10-22T08:14:22","date_gmt":"2019-10-22T08:14:22","guid":{"rendered":"https:\/\/combimotors.nl\/?page_id=2563"},"modified":"2023-12-22T12:51:57","modified_gmt":"2023-12-22T11:51:57","slug":"assurance-vespa","status":"publish","type":"page","link":"https:\/\/solomoto.be\/fr\/assurance-vespa\/","title":{"rendered":"Assurer Vespa"},"content":{"rendered":"<h2><img loading=\"lazy\" decoding=\"async\" class=\" wp-image-3253 aligncenter\" src=\"https:\/\/solomoto.be\/wp-content\/uploads\/2022\/01\/Logo-Vespa.png\" alt=\"Vespa verzekering, Vespa verzekeren\" width=\"600\" height=\"200\" \/><\/h2>\n<h2>Assurer votre Vespa chez Solo Moto<\/h2>\n\n\n<div class=\" cta-button\">\n\n\n<a id=\"cta-buttonblock_49071fe3c83cc0b9024a6953af5fe3b1\" class=\"button block large\" href=\"https:\/\/premie.solomoto.be\/offertes\/nieuw\/1ad2cf00-fadc-4dfd-a2ae-8b030d565a87?label=solomoto&#038;lang=fr%20\">\n\t\n\t\n\t<span class=\"large\">Cliquez et calculez la prime pour votre Vespa<\/span>\n\t\n\t<span class=\"small\">Assurez votre scooter Vespa en 1 minute !<\/span>\n\t\n<\/a>\n\n<\/div>\n\t\t\n<style type=\"text\/css\">\n\t#cta-buttonblock_49071fe3c83cc0b9024a6953af5fe3b1 {\n\t\tbackground: #81d742;\n\t}\n\t\n\t#cta-buttonblock_49071fe3c83cc0b9024a6953af5fe3b1:hover {\n\t\tbackground: #000000;\n\t}\n\t\n\t\n<\/style>\n\n\n\n\n<p>Lorsque vous poss\u00e9dez une belle Vespa, vous voulez \u00e9videmment en profiter au maximum. Cela signifie que votre moto ou votre scooter doit \u00eatre assur\u00e9. Il existe diff\u00e9rents types de motocyclistes et encore plus de marques et de types diff\u00e9rents que vous pouvez choisir. Cela peut \u00eatre un v\u00e9ritable d\u00e9fi. Vous voulez une assurance pour votre Vespa GTS 300 ou Vespa GTS Super qui corresponde \u00e0 vos besoins. Assurer une Vespa est facile &nbsp;chez Solo Moto ! Nous nous chargeons de toutes les t\u00e2ches difficiles pour vous. En remplissant vos coordonn\u00e9es et en r\u00e9pondant \u00e0 quelques questions, nous pouvons calculer la prime pour votre Vespa. Bien s\u00fbr, nous faisons attention \u00e0 la prime et aux conditions. Vous voulez donc assurer votre Vespa le plus rapidement possible pour rouler sur la voie publique ? Cliquez sur le bouton ci-dessus et d\u00e9couvrez ce que Solo Moto peut faire pour vous !<\/p>\n\n\n\n<p>Pour vous donner une id\u00e9e de ce que co\u00fbte l\u2019assurance d\u2019une Vespa, nous avons calcul\u00e9 les primes pour diff\u00e9rents mod\u00e8les :<\/p>\n\n\n\n<p><\/p>\n\n\n\n<figure class=\"wp-block-table\"><table><tbody><tr><td><strong>Model<\/strong><\/td><td><strong>RC<\/strong><\/td><td><strong>RC + Full Omnium<\/strong><\/td><\/tr><tr><td>Vespa GTS 300 Hpe (2020) <\/td><td>\u00c0 partir de 16,63 \u20ac par mois<\/td><td>\u00c0 partir de 48,64 \u20ac par mois <\/td><\/tr><tr><td>Vespa Primavera 125 S (2020) <\/td><td>\u00c0 partir de 16,63 \u20ac par mois<\/td><td>\u00c0 partir de 45,34 \u20ac par mois <\/td><\/tr><tr><td>Vespa Sprint 125 S abs (2020)<\/td><td>\u00c0 partir de 16,63 \u20ac par mois<\/td><td>\u00c0 partir de 47,16 \u20ac par mois <\/td><\/tr><\/tbody><\/table><figcaption class=\"wp-element-caption\">Veuillez noter : Pour le calcul de cette prime, nous avons pris en compte les facteurs suivants : 45 ans, 6 ans de permis moto, 0 accident, garage ferm\u00e9, serrure m\u00e9canique et pas d&rsquo;assurances suppl\u00e9mentaires. (derni\u00e8re mise \u00e0 jour 2-2022)<\/figcaption><\/figure>\n\n\n\n<h2 class=\"wp-block-heading\" id=\"scooter-van-een-italiaanse-vliegtuigbouwer\">Scooter d&rsquo;un constructeur d&rsquo;avions italien<\/h2>\n\n\n\n<p>Entre-temps, les scooters Vespa sont devenus une partie int\u00e9grante de la sc\u00e8ne la rue dans presque tous les pays. Malgr\u00e9 la popularit\u00e9 mondiale du scooter italien, la gen\u00e8se de ce v\u00e9hicule particulier est moins connue. Saviez-vous, par exemple, que le premier scooter a \u00e9t\u00e9 la transition pour Piaggio ? Jusqu\u2019alors, le constructeur italien ne fabriquait que des avions. Enrique Piaggio a sorti le premier mod\u00e8le en avril 1946. \u00c0 l\u2019\u00e9poque, ce scooter \u00e9tait consid\u00e9r\u00e9 comme un v\u00e9hicule nouveau, innovant et dot\u00e9 de caract\u00e9ristiques int\u00e9ressantes. Il n\u2019est donc pas surprenant que la Vespa ait connu le succ\u00e8s d\u00e8s sa pr\u00e9sentation \u00e0 Rome. En raison de son succ\u00e8s croissant, Piaggio a d\u00e9cid\u00e9 de diviser l\u2019entreprise plus tard en 1964. Un d\u00e9partement sp\u00e9cifique consacr\u00e9 aux scooters. Le r\u00e9sultat ? D\u2019une marque \u00e0 mod\u00e8le unique, Vespa est devenue une grande entreprise avec une gamme compl\u00e8te tr\u00e8s vari\u00e9.<\/p>\n\n\n\n<h2 class=\"wp-block-heading has-text-align-center\"><img loading=\"lazy\" decoding=\"async\" width=\"300\" height=\"300\" class=\"wp-image-3252 size-medium aligncenter\" src=\"https:\/\/solomoto.be\/wp-content\/uploads\/2022\/01\/Vespa-GTS300-Super-zwart-300x300.jpg\" alt=\"Vespa verzekeren, Vespa motorverzekering, Vespa GTS 300 verzekeren\"><\/h2>\n\n\n\n<h2 class=\"wp-block-heading\" id=\"vespa-verzekeren-op-verschillende-manieren\">L&rsquo;assurance Vespa de diff\u00e9rentes mani\u00e8res<\/h2>\n\n\n\n<p>\u00cates-vous le propri\u00e9taire heureux d\u2019un scooter italien aussi cool ? Vous souhaitez obtenir la meilleure assurance Vespa en tant que passionn\u00e9 ? Solo Moto est pr\u00eat \u00e0 se mettre au travail pour vous ! Nous partageons votre passion pour les motos et les scooters. C\u2019est pourquoi nous comprenons mieux que personne que vous souhaitiez profiter de votre v\u00e9hicule le plus vite que possible. Passer du temps \u00e0 chercher la bonne assurance n\u2019est pas une t\u00e2che \u00e0 laquelle vous voulez consacrer trop de temps. Cependant, il existe de nombreuses fa\u00e7ons d\u2019assurer votre Vespa. Laquelle est la bonne option pour votre v\u00e9hicule ? Sans parler des couvertures suppl\u00e9mentaires que vous pouvez souscrire Solo Moto se fait &nbsp;un plaisir de vous aider dans cette d\u00e9marche!<\/p>\n\n\n\n<h2 class=\"wp-block-heading\" id=\"dekkingen-voor-de-vespa-scooter-motorverzekering\">Garanties de l&rsquo;assurance scooter\/moto Vespa<\/h2>\n\n\n\n<p>Tout propri\u00e9taire d\u2019une moto ou d\u2019un scooter Vespa est oblig\u00e9 d\u2019avoir une assurance responsabilit\u00e9 civile. Avec cette couverture de base, vous \u00eates assur\u00e9 pour les &nbsp;dommages aux tiers. Vous pr\u00e9f\u00e9rez une couverture plus luxueuse ? Dans ce cas vous pouvez opter pour une assurance Vespa RC + Mini Omnium, qui vous assure contre les dommages caus\u00e9s aux tiers, en cas de vol, ou si votre Vespa est endommag\u00e9 par le feu ou d\u00e9g\u00e2ts naturels. &nbsp;Cette couverture est souvent choisie lorsque le scooter est gar\u00e9 \u00e0 l\u2019ext\u00e9rieur. Pr\u00e9f\u00e9reriez-vous une couverture encore plus optimale? Envisagez de choisir une assurance Vespa Full Omnium Top. Vous pouvez \u00e9galement assurer votre Vespa avec toutes sortes de couvertures suppl\u00e9mentaires, comme une assistance juridique ou une assurance conducteur.<\/p>\n\n\n\n<h2 class=\"wp-block-heading\" id=\"uw-vespa-verzekeren-bij-solo-moto\">Assurer votre Vespa chez Solo Moto<\/h2>\n\n\n\n<p>La souscription d\u2019une assurance scooter peut se faire en quelques minutes. Trouver la bonne assurance est la t\u00e2che la plus importante pour votre Vespa. Heureusement, Solo Moto peut vous d\u00e9charger de cette t\u00e2che. Gr\u00e2ce \u00e0 notre outil en ligne, vous pouvez voir les meilleures options en quelques minutes. Beaucoup de gens demandent : \u201cCombien co\u00fbte une assurance Vespa ? Nous calculons le prix de la meilleure assurance Vespa pour vous en fonction de l\u2019\u00e2ge de votre &nbsp;Vespa, sa valeur et de votre situation financi\u00e8re. Si vous avez trouv\u00e9 la bonne assurance vous pouvez alors assurer directement votre Vespa en ligne.<\/p>\n\n\n\n<p>Avez-vous besoin d\u2019aide ? Vous pouvez \u00e9galement nous contacter par t\u00e9l\u00e9phone. Nous pouvons assurer votre Vespa ensemble avec vous. C\u2019est un service sur lequel vous pouvez compter chez nous !<\/p>\n\n\n\n<div class=\"wp-block-columns is-layout-flex wp-container-core-columns-is-layout-9d6595d7 wp-block-columns-is-layout-flex\">\n<div class=\"wp-block-column is-layout-flow wp-block-column-is-layout-flow\">\n<figure class=\"wp-block-image size-large\"><img decoding=\"async\" src=\"https:\/\/solomoto.be\/wp-content\/uploads\/2022\/01\/Vespa-GTS300.jpg\" alt=\"Vespa GTS 300\" class=\"wp-image-4077\"\/><figcaption class=\"wp-element-caption\">Vespa GTS 300<\/figcaption><\/figure>\n<\/div>\n\n\n\n<div class=\"wp-block-column is-layout-flow wp-block-column-is-layout-flow\">\n<figure class=\"wp-block-image size-large\"><img decoding=\"async\" src=\"https:\/\/solomoto.be\/wp-content\/uploads\/2022\/01\/Vespa-Primavera.jpg\" alt=\"Vespa Primavera\" class=\"wp-image-4079\"\/><figcaption class=\"wp-element-caption\">Vespa Primavera<\/figcaption><\/figure>\n<\/div>\n\n\n\n<div class=\"wp-block-column is-layout-flow wp-block-column-is-layout-flow\">\n<figure class=\"wp-block-image size-large\"><img decoding=\"async\" src=\"https:\/\/solomoto.be\/wp-content\/uploads\/2022\/01\/Vespa-Sprint.jpg\" alt=\"Vespa Sprint\" class=\"wp-image-4080\"\/><figcaption class=\"wp-element-caption\">Vespa Sprint<\/figcaption><\/figure>\n<\/div>\n<\/div>\n","protected":false},"excerpt":{"rendered":"<p>Assurer votre Vespa chez Solo Moto Lorsque vous poss\u00e9dez une belle Vespa, vous voulez \u00e9videmment en profiter au maximum. Cela&#8230;<\/p>\n","protected":false},"author":1,"featured_media":7855,"parent":0,"menu_order":0,"comment_status":"closed","ping_status":"closed","template":"","meta":{"_acf_changed":false,"footnotes":""},"class_list":["post-2563","page","type-page","status-publish","has-post-thumbnail","hentry"],"acf":[],"_links":{"self":[{"href":"https:\/\/solomoto.be\/fr\/wp-json\/wp\/v2\/pages\/2563","targetHints":{"allow":["GET"]}}],"collection":[{"href":"https:\/\/solomoto.be\/fr\/wp-json\/wp\/v2\/pages"}],"about":[{"href":"https:\/\/solomoto.be\/fr\/wp-json\/wp\/v2\/types\/page"}],"author":[{"embeddable":true,"href":"https:\/\/solomoto.be\/fr\/wp-json\/wp\/v2\/users\/1"}],"replies":[{"embeddable":true,"href":"https:\/\/solomoto.be\/fr\/wp-json\/wp\/v2\/comments?post=2563"}],"version-history":[{"count":33,"href":"https:\/\/solomoto.be\/fr\/wp-json\/wp\/v2\/pages\/2563\/revisions"}],"predecessor-version":[{"id":9060,"href":"https:\/\/solomoto.be\/fr\/wp-json\/wp\/v2\/pages\/2563\/revisions\/9060"}],"wp:featuredmedia":[{"embeddable":true,"href":"https:\/\/solomoto.be\/fr\/wp-json\/wp\/v2\/media\/7855"}],"wp:attachment":[{"href":"https:\/\/solomoto.be\/fr\/wp-json\/wp\/v2\/media?parent=2563"}],"curies":[{"name":"wp","href":"https:\/\/api.w.org\/{rel}","templated":true}]}}