{"id":1765,"date":"2019-03-05T09:13:01","date_gmt":"2019-03-05T09:13:01","guid":{"rendered":"https:\/\/combimotors.nl\/?page_id=1765"},"modified":"2023-06-28T14:05:10","modified_gmt":"2023-06-28T13:05:10","slug":"assurance-triumph","status":"publish","type":"page","link":"https:\/\/solomoto.be\/fr\/assurance-triumph\/","title":{"rendered":"Assurer Triumph"},"content":{"rendered":"<h2><img loading=\"lazy\" decoding=\"async\" class=\"size-full wp-image-3247 aligncenter\" src=\"https:\/\/solomoto.be\/wp-content\/uploads\/2022\/01\/Logo-Triumph.png\" alt=\"Triumph verzekeren, Triumph motorverzekering\" width=\"500\" height=\"188\" \/><\/h2>\n<h2>Assurer votre Triumph chez Solo Moto<\/h2>\n\n\n<div class=\" cta-button\">\n\n\n<a id=\"cta-buttonblock_c9b1d7974daf942c19338ba554701f61\" class=\"button block large\" href=\"https:\/\/premie.solomoto.be\/offertes\/nieuw\/1ad2cf00-fadc-4dfd-a2ae-8b030d565a87?label=solomoto&#038;lang=fr%20\">\n\t\n\t\n\t<span class=\"large\">Cliquez et calculez la prime pour votre Triumph<\/span>\n\t\n\t<span class=\"small\">L&rsquo;assurance parfaite pour votre moto en 1 minute !<\/span>\n\t\n<\/a>\n\n<\/div>\n\t\t\n<style type=\"text\/css\">\n\t#cta-buttonblock_c9b1d7974daf942c19338ba554701f61 {\n\t\tbackground: #81d742;\n\t}\n\t\n\t#cta-buttonblock_c9b1d7974daf942c19338ba554701f61:hover {\n\t\tbackground: #000000;\n\t}\n\t\n\t\n<\/style>\n\n\n\n\n<p>Une belle excursion dans la For\u00eat-Noire, une promenade dans les polders ou un arr\u00eat chez le concessionnaire de motos. Avec une bonne moto, c\u2019est tout \u00e0 fait possible. Il ne vous reste plus qu\u2019\u00e0 trouver votre moto id\u00e9ale et \u00e0 l\u2019acheter. Il est obligatoire d\u2019assurer sa moto et bien s\u00fbr, vous voulez rouler le plus vite possible. &nbsp;Poss\u00e9dez-vous une Triumph Tiger 800 ou une Triumph Bonneville ? Dans ce cas, vous devriez choisir la meilleure option pour assurer votre Triumph. Pour faciliter votre recherche de la meilleure assurance moto, vous pouvez contacter Solo Moto. Avec nous, vous trouverez sans effort la meilleure option pour assurer votre Triumph. Il suffit de r\u00e9pondre \u00e0 quelques questions et de fournir quelques informations compl\u00e9mentaires. Vous voulez assurer votre Triumph le plus rapidement possible ? Chez Solo Moto votre assurance moto Triumph est calcul\u00e9e instantan\u00e9ment en ligne. Vous pouvez donc rouler imm\u00e9diatement ! Vous \u00eates curieux de conna\u00eetre votre prime ? Calculez-la maintenant !<\/p>\n\n\n\n<p>Le co\u00fbt de l\u2019assurance de votre Triumph d\u00e9pend enti\u00e8rement de votre profil. Votre \u00e2ge, votre lieu de r\u00e9sidence et vos ann\u00e9es d\u2019assurance non-vie d\u00e9terminent le montant de la prime. Pour vous donner une indication de la prime pour assurer votre Triumph, nous avons calcul\u00e9 &nbsp;primes indicatives pour certain mod\u00e8les courants :<\/p>\n\n\n\n<p><\/p>\n\n\n\n<figure class=\"wp-block-table\"><table class=\"has-fixed-layout\"><tbody><tr><td><strong>Mod\u00e8le<\/strong><\/td><td><strong>RC + Mini Omnium<\/strong><\/td><td><strong>RC + Full Omnium<\/strong><\/td><\/tr><tr><td>Triumph 675 Daytona (2011) <\/td><td>\u00c0 partir de 16,63 \u20ac par mois<\/td><td>\u00c0 partir de 85,56 \u20ac par mois      <\/td><\/tr><tr><td>Triumph Street Triple (2014) <\/td><td>\u00c0 partir de 16,63 \u20ac par mois<\/td><td>\u00c0 partir de 64,99 \u20ac par mois     <\/td><\/tr><tr><td>Triumph Speed Triple (2014) <\/td><td>\u00c0 partir de 16,63 \u20ac par mois<\/td><td>\u00c0 partir de 89,41 \u20ac par mois     <\/td><\/tr><tr><td>Triumph Tiger 800 XR ABS (2020)<\/td><td>\u00c0 partir de 16,63 \u20ac par mois<\/td><td>\u00c0 partir de 87,43 \u20ac par mois \u20ac87,43 per maand<\/td><\/tr><tr><td>Triumph Tiger 1200 Explorer XR (2020) <\/td><td>\u00c0 partir de 16,63 \u20ac par mois<\/td><td>\u00c0 partir de 112,31 \u20ac par mois<br><\/td><\/tr><tr><td>Triumph Scrambler 1200 XC (2020) <\/td><td>\u00c0 partir de 16,63 \u20ac par mois<\/td><td>\u00c0 partir de 104,45\u20ac par mois    <\/td><\/tr><tr><td>Triumph Rocket III GT (2020) <\/td><td>\u00c0 partir de 16,63 \u20ac par mois<\/td><td>\u00c0 partir de 152,98 \u20ac par mois    <\/td><\/tr><tr><td>Triumph Bonneville T120 (2020) <\/td><td>\u00c0 partir de 16,63 \u20ac par mois<\/td><td>\u00c0 partir de 96,04 \u20ac par mois      <\/td><\/tr><\/tbody><\/table><figcaption class=\"wp-element-caption\">Veuillez noter : Pour le calcul de cette prime, nous avons pris en compte les facteurs suivants : 45 ans, 6 ans de permis moto, 0 accident, garage ferm\u00e9, serrure m\u00e9canique et pas d&rsquo;assurances suppl\u00e9mentaires. (derni\u00e8re mise \u00e0 jour 2-2022)<\/figcaption><\/figure>\n\n\n\n\n\n<h2 class=\"wp-block-heading\" id=\"van-fietsenmaker-tot-motormerk\">Du magasin de cycles \u00e0 la marque de motos<\/h2>\n\n\n\n<p>\u00c0 la fin du XIXe si\u00e8cle, Siegfried Bettman a cr\u00e9\u00e9 une petite entreprise \u00e0 Londres apr\u00e8s avoir \u00e9migr\u00e9 en Angleterre. \u00c0 l\u2019\u00e9poque, il fabriquait des bicyclettes sous le nom \u201cTriumph\u201d. Ce n\u2019est qu\u2019apr\u00e8s la fin du si\u00e8cle que le t\u00e9moin s\u2019est mis \u00e0 construire des motos. Aujourd\u2019hui, au 21e si\u00e8cle, Triumph est un nom \u00e9tabli dans le monde des motos. Le souci du d\u00e9tail, les diff\u00e9rents styles et la possibilit\u00e9 de composer son propre v\u00e9lo en font une marque tr\u00e8s sp\u00e9ciale. Alors, poss\u00e9dez-vous une Triumph personnalis\u00e9e ou &nbsp;avez-vous achet\u00e9 une \u00e9l\u00e9gante? Bien s\u00fbr, vous voulez assurer votre Triumph avec la meilleure assurance. Vous pouvez trouver et souscrire une telle assurance Triumph par vous-m\u00eame, mais vous pouvez aussi demander de l\u2019aide \u00e0 Solo Moto. Nous nous effor\u00e7ons toujours de trouver la meilleure option pour assurer votre Triumph.<\/p>\n\n\n\n<p class=\"has-text-align-center\"><img loading=\"lazy\" decoding=\"async\" width=\"300\" height=\"200\" class=\"aligncenter wp-image-3250 size-medium\" src=\"https:\/\/solomoto.be\/wp-content\/uploads\/2022\/01\/Triumph-Speed-Triple-300x200.jpg\" alt=\"Triumph motorverzekering, Triumph verzekeren, Triumph Speed Triple verzekeren\"><\/p>\n\n\n\n<h2 class=\"wp-block-heading\" id=\"allerlei-opties-triumph-verzekeren\">Toutes sortes d&rsquo;options Assurance Triumph<\/h2>\n\n\n\n<p>Lorsque vous \u00eates sur le point d\u2019acheter une de ces \u00e9l\u00e9gantes motos comme la Triumph, vous ne pensez pas n\u00e9cessairement \u00e0 l\u2019assurance moto. Vous pr\u00e9f\u00e9rez profiter de votre nouvelle moto le plus rapidement possible mais n\u2019oublier pas de l\u2019assurer! Heureusement, il y a plusierurs options \u00e0 choisir pour l\u2019assurance de votre Triumph. Cela peut \u00eatre un d\u00e9fi de trouver la meilleure option pour vous et votre Triumph. Vous optez pour une couverture de base? Dans ce cas, une assurance responsabilit\u00e9 civile (RC) est suffisante. Vous cherchez la meilleure couverture possible ? Envisagez une couverture mini-compl\u00e8te ou Full Omnium Top. Vous pouvez \u00e9galement assurer votre Triumph avec toutes sortes d\u2019extensions sous forme de couverture suppl\u00e9mentaire.<\/p>\n\n\n<div class=\"wp-block-image\">\n<figure class=\"aligncenter\"><img decoding=\"async\" src=\"https:\/\/solomoto.be\/wp-content\/uploads\/2022\/01\/Triumph-Tiger-Sport-200x300.jpg\" alt=\" Triumph Tiger Sport \" class=\"wp-image-3249\"\/><\/figure>\n<\/div>\n\n\n<p><span style=\"font-size: inherit\"> <\/span><\/p>\n\n\n\n<h2 class=\"wp-block-heading\"><a href=\"https:\/\/solomoto.be\/premieberekening\/\"><br><\/a>Assurer votre Triumph en ligne chez Solo Moto<\/h2>\n\n\n\n<p>Trouver la meilleure couverture d\u2019assurance peut \u00eatre un d\u00e9fi. Surtout si vous n\u2019\u00eates pas tout \u00e0 fait \u00e0 l\u2019aise dans le monde de l\u2019assurance moto. Heureusement, Solo Moto peut rendre le processus d\u2019assurance de votre Triumph beaucoup plus facile. Nous nous effor\u00e7ons toujours de proposer la meilleure assurance moto, quelle que soit la marque de votre moto. Par cons\u00e9quent, si vous voulez assurer votre Triumph bien-aim\u00e9e, vous \u00eates certainement au bon endroit. Pour calculer la prime de votre Triumph, nous avons besoin de quelques informations de votre part. Ne vous inqui\u00e9tez pas, il vous suffit de r\u00e9pondre \u00e0 quelques questions et de fournir quelques informations suppl\u00e9mentaires. Vous pouvez alors assurer votre Triumph directement en ligne sur Solo Moto. Vous voulez profiter imm\u00e9diatement de votre nouvelle Triumph ? Nous sommes l\u00e0 pour vous&nbsp;aider!<\/p>\n\n\n\n<div class=\"wp-block-columns is-layout-flex wp-container-core-columns-is-layout-9d6595d7 wp-block-columns-is-layout-flex\">\n<div class=\"wp-block-column is-layout-flow wp-block-column-is-layout-flow\">\n<figure class=\"wp-block-image size-large\"><img decoding=\"async\" src=\"https:\/\/solomoto.be\/wp-content\/uploads\/2022\/01\/2352.jpg\" alt=\"Triumph Tiger 800 XC\" class=\"wp-image-3911\"\/><figcaption class=\"wp-element-caption\">Triumph Tiger 800 XC<\/figcaption><\/figure>\n\n\n\n<figure class=\"wp-block-image size-large is-resized\"><img loading=\"lazy\" decoding=\"async\" src=\"https:\/\/solomoto.be\/wp-content\/uploads\/2022\/01\/4309.jpg\" alt=\"Triumph Tiger Explorer Xrt\" class=\"wp-image-3905\" width=\"256\" height=\"144\"\/><figcaption class=\"wp-element-caption\">Triumph Tiger Explorer Xrt<\/figcaption><\/figure>\n\n\n\n<figure class=\"wp-block-image size-large\"><img decoding=\"async\" src=\"https:\/\/solomoto.be\/wp-content\/uploads\/2022\/01\/2793.jpg\" alt=\"Triumph Sprint GT\" class=\"wp-image-3918\"\/><figcaption class=\"wp-element-caption\">Triumph Sprint GT<\/figcaption><\/figure>\n\n\n\n<figure class=\"wp-block-image size-large\"><img decoding=\"async\" src=\"https:\/\/solomoto.be\/wp-content\/uploads\/2022\/01\/5525.png\" alt=\"Triumph Street Triple RS\" class=\"wp-image-3926\"\/><figcaption class=\"wp-element-caption\">Triumph Street Triple RS<\/figcaption><\/figure>\n\n\n\n<figure class=\"wp-block-image size-large\"><img decoding=\"async\" src=\"https:\/\/solomoto.be\/wp-content\/uploads\/2022\/01\/Rocket_3_GT_LHS-Silver_Ice_and_Storm_Grey.png\" alt=\"Triumph Rocket III GT\" class=\"wp-image-3929\"\/><figcaption class=\"wp-element-caption\">Triumph Rocket III GT<\/figcaption><\/figure>\n\n\n\n<figure class=\"wp-block-image size-large\"><img decoding=\"async\" src=\"https:\/\/solomoto.be\/wp-content\/uploads\/2022\/01\/3881.jpg\" alt=\"Triumph Rocket III Roadster\" class=\"wp-image-3932\"\/><figcaption class=\"wp-element-caption\">Triumph Rocket III Roadster<\/figcaption><\/figure>\n\n\n\n<figure class=\"wp-block-image size-large\"><img decoding=\"async\" src=\"https:\/\/solomoto.be\/wp-content\/uploads\/2022\/01\/Triumph_Bonneville_T120_Ace_8.jpg\" alt=\"Triumph Bonneville T120 Ace\" class=\"wp-image-3936\"\/><figcaption class=\"wp-element-caption\">Triumph Bonneville T120 Ace<\/figcaption><\/figure>\n\n\n\n<figure class=\"wp-block-image size-large\"><img decoding=\"async\" src=\"https:\/\/solomoto.be\/wp-content\/uploads\/2022\/01\/Scrambler_1200_XC_Black_RHS.png\" alt=\"Triumph Scrambler 1200 XC\" class=\"wp-image-3937\"\/><figcaption class=\"wp-element-caption\">Triumph Scrambler 1200 XC<\/figcaption><\/figure>\n\n\n\n<figure class=\"wp-block-image size-large\"><img decoding=\"async\" src=\"https:\/\/solomoto.be\/wp-content\/uploads\/2022\/01\/Street_Scrambler_-White_RHS_angle.png\" alt=\"Triumph Street Scrambler\" class=\"wp-image-3940\"\/><figcaption class=\"wp-element-caption\">Triumph Street Scrambler<\/figcaption><\/figure>\n\n\n\n<figure class=\"wp-block-image size-large\"><img decoding=\"async\" src=\"https:\/\/solomoto.be\/wp-content\/uploads\/2022\/01\/2600.png\" alt=\"Triumph Tiger 800 XCA\" class=\"wp-image-3915\"\/><figcaption class=\"wp-element-caption\">Triumph Tiger 800 XCA<\/figcaption><\/figure>\n<\/div>\n\n\n\n<div class=\"wp-block-column is-layout-flow wp-block-column-is-layout-flow\">\n<figure class=\"wp-block-image size-large\"><img decoding=\"async\" src=\"https:\/\/solomoto.be\/wp-content\/uploads\/2022\/01\/2387.jpg\" alt=\"Triumph Tiger 800 XRX\" class=\"wp-image-3912\"\/><figcaption class=\"wp-element-caption\">Triumph Tiger 800 XRX<\/figcaption><\/figure>\n\n\n\n<figure class=\"wp-block-image size-large\"><img decoding=\"async\" src=\"https:\/\/solomoto.be\/wp-content\/uploads\/2022\/01\/2672.png\" alt=\"Triumph Tiger 800 XRT\" class=\"wp-image-3916\"\/><figcaption class=\"wp-element-caption\">Triumph Tiger 800 XRT<\/figcaption><\/figure>\n\n\n\n<figure class=\"wp-block-image size-large\"><img decoding=\"async\" src=\"https:\/\/solomoto.be\/wp-content\/uploads\/2022\/01\/2813-1.jpg\" alt=\"Triumph Trophy SE\" class=\"wp-image-3920\"\/><figcaption class=\"wp-element-caption\">Triumph Trophy SE<\/figcaption><\/figure>\n\n\n\n<figure class=\"wp-block-image size-large\"><img decoding=\"async\" src=\"https:\/\/solomoto.be\/wp-content\/uploads\/2022\/01\/5487.png\" alt=\"Triumph Street Triple R\" class=\"wp-image-3923\"\/><figcaption class=\"wp-element-caption\">Triumph Street Triple R<\/figcaption><\/figure>\n\n\n\n<figure class=\"wp-block-image size-large\"><img decoding=\"async\" src=\"https:\/\/solomoto.be\/wp-content\/uploads\/2022\/01\/5544.png\" alt=\"Triumph Street Triple S\" class=\"wp-image-3925\"\/><figcaption class=\"wp-element-caption\">Triumph Street Triple S<\/figcaption><\/figure>\n\n\n\n<figure class=\"wp-block-image size-large\"><img decoding=\"async\" src=\"https:\/\/solomoto.be\/wp-content\/uploads\/2022\/01\/3901.jpg\" alt=\"Triumph Rocket III Touring\" class=\"wp-image-3933\"\/><figcaption class=\"wp-element-caption\">Triumph Rocket III Touring<\/figcaption><\/figure>\n\n\n\n<figure class=\"wp-block-image size-large\"><img decoding=\"async\" src=\"https:\/\/solomoto.be\/wp-content\/uploads\/2022\/01\/Speed_Twin_LHS-Korosi_Red.png\" alt=\"Triumph Speed Twin\" class=\"wp-image-3934\"\/><figcaption class=\"wp-element-caption\">Triumph Speed Twin<\/figcaption><\/figure>\n\n\n\n<figure class=\"wp-block-image size-large\"><img decoding=\"async\" src=\"https:\/\/solomoto.be\/wp-content\/uploads\/2022\/01\/Scrambler_1200_XE_LHS_2.png\" alt=\"Triumph Scrambler 1200 XE\" class=\"wp-image-3938\"\/><figcaption class=\"wp-element-caption\">Triumph Scrambler 1200 XE<\/figcaption><\/figure>\n\n\n\n<figure class=\"wp-block-image size-large\"><img decoding=\"async\" src=\"https:\/\/solomoto.be\/wp-content\/uploads\/2022\/01\/Bobber_Black_Front_3-4_Matt_Jet_Black.png\" alt=\"Triumph Bonneville Bobber\" class=\"wp-image-3941\"\/><figcaption class=\"wp-element-caption\">Triumph Bonneville Bobber<\/figcaption><\/figure>\n\n\n\n<figure class=\"wp-block-image size-large\"><img decoding=\"async\" src=\"https:\/\/solomoto.be\/wp-content\/uploads\/2022\/01\/4312.jpg\" alt=\"Triumph Tiger Explorer Xrx\" class=\"wp-image-3908\"\/><figcaption class=\"wp-element-caption\">Triumph Tiger Explorer Xrx<\/figcaption><\/figure>\n\n\n\n<figure class=\"wp-block-image size-large\"><img decoding=\"async\" src=\"https:\/\/solomoto.be\/wp-content\/uploads\/2022\/01\/Tiger-900-MY20-CG7_Pure-White_FQu.png\" alt=\"Triumph Tiger 900\" class=\"wp-image-4852\"\/><figcaption class=\"wp-element-caption\">Triumph Tiger 900<\/figcaption><\/figure>\n<\/div>\n\n\n\n<div class=\"wp-block-column is-layout-flow wp-block-column-is-layout-flow\">\n<figure class=\"wp-block-image size-large\"><img decoding=\"async\" src=\"https:\/\/solomoto.be\/wp-content\/uploads\/2022\/01\/4286.jpg\" alt=\"Triumph Tiger Explorer Xca\" class=\"wp-image-3909\"\/><figcaption class=\"wp-element-caption\">Triumph Tiger Explorer Xca<\/figcaption><\/figure>\n\n\n\n<figure class=\"wp-block-image size-large\"><img decoding=\"async\" src=\"https:\/\/solomoto.be\/wp-content\/uploads\/2022\/01\/5048.jpg\" alt=\"Triumph Tiger Sport\" class=\"wp-image-3917\"\/><figcaption class=\"wp-element-caption\">Triumph Tiger Sport<\/figcaption><\/figure>\n\n\n\n<figure class=\"wp-block-image size-large\"><img decoding=\"async\" src=\"https:\/\/solomoto.be\/wp-content\/uploads\/2022\/01\/Speed_Triple_S-Front_3-4_Jet_Black.png\" alt=\"Triumph Speed Triple S\" class=\"wp-image-3921\"\/><figcaption class=\"wp-element-caption\">Triumph Speed Triple S<\/figcaption><\/figure>\n\n\n\n<figure class=\"wp-block-image size-large\"><img decoding=\"async\" src=\"https:\/\/solomoto.be\/wp-content\/uploads\/2022\/01\/Speed_Triple_RS-Front_3-4_Matt_Jet_Black.png\" alt=\"Triumph Speed Triple RS\" class=\"wp-image-3922\"\/><figcaption class=\"wp-element-caption\">Triumph Speed Triple RS<\/figcaption><\/figure>\n\n\n\n<figure class=\"wp-block-image size-large\"><img decoding=\"async\" src=\"https:\/\/solomoto.be\/wp-content\/uploads\/2022\/01\/2480-1.jpg\" alt=\"Triumph Tiger 800 XCX\" class=\"wp-image-3914\"\/><figcaption class=\"wp-element-caption\">Triumph Tiger 800 XCX<\/figcaption><\/figure>\n\n\n\n<figure class=\"wp-block-image size-large\"><img decoding=\"async\" src=\"https:\/\/solomoto.be\/wp-content\/uploads\/2022\/01\/Rocket_3_R_LHS-Korosi_Red.png\" alt=\"Triumph Rocket III R\" class=\"wp-image-3930\"\/><figcaption class=\"wp-element-caption\">Triumph Rocket III R<\/figcaption><\/figure>\n\n\n\n<figure class=\"wp-block-image size-large\"><img decoding=\"async\" src=\"https:\/\/solomoto.be\/wp-content\/uploads\/2022\/01\/Bonneville_T120_Diamond_4.jpg\" alt=\"Triumph Bonneville T120\" class=\"wp-image-3935\"\/><figcaption class=\"wp-element-caption\">Triumph Bonneville T120<\/figcaption><\/figure>\n\n\n\n<figure class=\"wp-block-image size-large is-resized\"><img loading=\"lazy\" decoding=\"async\" src=\"https:\/\/solomoto.be\/wp-content\/uploads\/2022\/01\/Street_Twin-_LHS_6.2_Jet_Black.png\" alt=\"Triumph Street Twin\" class=\"wp-image-3939\" width=\"274\" height=\"154\"\/><figcaption class=\"wp-element-caption\">Triumph Street Twin<\/figcaption><\/figure>\n\n\n\n<figure class=\"wp-block-image size-large is-resized\"><img loading=\"lazy\" decoding=\"async\" src=\"https:\/\/solomoto.be\/wp-content\/uploads\/2022\/01\/Speedmaster_Front_3-4_Fusion_White_Phantom_Black.png\" alt=\"Triumph Bonneville Speedmaster\" class=\"wp-image-3942\" width=\"263\" height=\"148\"\/><figcaption class=\"wp-element-caption\">Triumph Bonneville Speedmaster<\/figcaption><\/figure>\n\n\n\n<figure class=\"wp-block-image size-large is-resized\"><img loading=\"lazy\" decoding=\"async\" src=\"https:\/\/solomoto.be\/wp-content\/uploads\/2022\/01\/3977.jpg\" alt=\"Triumph 675 Daytona R\" class=\"wp-image-3927\" width=\"269\" height=\"161\"\/><figcaption class=\"wp-element-caption\">Triumph 675 Daytona R<\/figcaption><\/figure>\n\n\n\n<figure class=\"wp-block-image size-large\"><img decoding=\"async\" src=\"https:\/\/solomoto.be\/wp-content\/uploads\/2022\/01\/Trident-Hero-Riding-5.png\" alt=\"Triumph Trident 660\" class=\"wp-image-4851\"\/><figcaption class=\"wp-element-caption\">Triumph Trident 660<\/figcaption><\/figure>\n<\/div>\n<\/div>\n\n\n\n<p><\/p>\n","protected":false},"excerpt":{"rendered":"<p>Assurer votre Triumph chez Solo Moto Une belle excursion dans la For\u00eat-Noire, une promenade dans les polders ou un arr\u00eat&#8230;<\/p>\n","protected":false},"author":1,"featured_media":8662,"parent":0,"menu_order":0,"comment_status":"closed","ping_status":"closed","template":"","meta":{"_acf_changed":false,"footnotes":""},"class_list":["post-1765","page","type-page","status-publish","has-post-thumbnail","hentry"],"acf":[],"_links":{"self":[{"href":"https:\/\/solomoto.be\/fr\/wp-json\/wp\/v2\/pages\/1765","targetHints":{"allow":["GET"]}}],"collection":[{"href":"https:\/\/solomoto.be\/fr\/wp-json\/wp\/v2\/pages"}],"about":[{"href":"https:\/\/solomoto.be\/fr\/wp-json\/wp\/v2\/types\/page"}],"author":[{"embeddable":true,"href":"https:\/\/solomoto.be\/fr\/wp-json\/wp\/v2\/users\/1"}],"replies":[{"embeddable":true,"href":"https:\/\/solomoto.be\/fr\/wp-json\/wp\/v2\/comments?post=1765"}],"version-history":[{"count":29,"href":"https:\/\/solomoto.be\/fr\/wp-json\/wp\/v2\/pages\/1765\/revisions"}],"predecessor-version":[{"id":8963,"href":"https:\/\/solomoto.be\/fr\/wp-json\/wp\/v2\/pages\/1765\/revisions\/8963"}],"wp:featuredmedia":[{"embeddable":true,"href":"https:\/\/solomoto.be\/fr\/wp-json\/wp\/v2\/media\/8662"}],"wp:attachment":[{"href":"https:\/\/solomoto.be\/fr\/wp-json\/wp\/v2\/media?parent=1765"}],"curies":[{"name":"wp","href":"https:\/\/api.w.org\/{rel}","templated":true}]}}