{"id":1763,"date":"2019-03-05T09:07:43","date_gmt":"2019-03-05T09:07:43","guid":{"rendered":"https:\/\/combimotors.nl\/?page_id=1763"},"modified":"2023-06-28T14:05:51","modified_gmt":"2023-06-28T13:05:51","slug":"assurer-ktm","status":"publish","type":"page","link":"https:\/\/solomoto.be\/fr\/assurer-ktm\/","title":{"rendered":"Assurer KTM"},"content":{"rendered":"\n<h2 class=\"wp-block-heading has-text-align-center\"><figure><img loading=\"lazy\" decoding=\"async\" class=\"size-full wp-image-3207 aligncenter\" src=\"https:\/\/solomoto.be\/wp-content\/uploads\/2022\/01\/Logo-KTM.png\" alt=\"KTM, KTM motorverzekering, KTM verzekeren\" width=\"500\" height=\"188\"><\/figure><\/h2>\n\n\n\n<h2 class=\"wp-block-heading\" id=\"ktm-verzekeren-bij-solo-moto\">L&rsquo;assurance KTM chez Solo Moto<\/h2>\n\n\n\n<div class=\" cta-button\">\n\n\n<a id=\"cta-buttonblock_9590e3fb1e639d205cff3392c55b4fbc\" class=\"button block large\" href=\"https:\/\/premie.solomoto.be\/offertes\/nieuw\/1ad2cf00-fadc-4dfd-a2ae-8b030d565a87?label=solomoto&#038;lang=fr%20\">\n\t\n\t\n\t<span class=\"large\">Cliquez et calculez la prime d&rsquo;assurance pour votre KTM<\/span>\n\t\n\t<span class=\"small\">L&rsquo;assurance parfaite pour votre moto en 1 minute !<\/span>\n\t\n<\/a>\n\n<\/div>\n\t\t\n<style type=\"text\/css\">\n\t#cta-buttonblock_9590e3fb1e639d205cff3392c55b4fbc {\n\t\tbackground: #81d742;\n\t}\n\t\n\t#cta-buttonblock_9590e3fb1e639d205cff3392c55b4fbc:hover {\n\t\tbackground: #000000;\n\t}\n\t\n\t\n<\/style>\n\n\n\n\n<p>Vous pouvez trouver les meilleures garanties d\u2019assurance pour chaque marque de moto et conducteur. Enfin, si vous savez o\u00f9 chercher. Heureusement, Solo Moto peut vous y aider. Il est obligatoire d\u2019assurer votre moto pour rouler sur la voie publique. Alors, vous \u00eates r\u00e9cemment devenu propri\u00e9taire d\u2019une belle moto KTM ? Avez-vous achet\u00e9 une KTM 1090 Adventure ou une KTM 990 SMT ? Vous souhaitez assurer votre KTM le plus rapidement possible pour rouler tout de suite. Assurer une KTM avec Solo Moto se fait en un rien de temps, que ce soit en ligne ou par t\u00e9l\u00e9phone. Vous pouvez assurer votre KTM si vous fournissez des donn\u00e9es suppl\u00e9mentaires et r\u00e9pondez \u00e0 quelques questions. Nous nous mettons alors \u00e0 la recherche de la meilleure garantie d\u2019assurance moto KTM. En bref, chez Solo Moto, vous pouvez assurer votre KTM facilement et sans probl\u00e8me. Vous \u00eates curieux de conna\u00eetre la prime pour votre KTM ? Calculez-la maintenant !<\/p>\n\n\n\n<p>Afin de vous donner une id\u00e9e de la prime d\u2019assurance pour votre KTM, nous avons \u00e9tabli une liste de primes mensuelles. Il s\u2019agit de primes indicatives pour les diff\u00e9rentes motos KTM pour les garanties RC et Full Omnium:<\/p>\n\n\n\n<figure class=\"wp-block-table\"><table class=\"has-fixed-layout\"><tbody><tr><td><strong>Model<\/strong><\/td><td><strong>RC<\/strong><\/td><td><strong>RC+ Full Omnium <\/strong><\/td><\/tr><tr><td>KTM 950 SMR (2007) <\/td><td>\u00c0 partir de 16,63 \u20ac par mois<\/td><td>\u00c0 partir de 85,36 \u20ac par mois<\/td><\/tr><tr><td>KTM 690 Duke ABS (2016) <\/td><td>\u00c0 partir de 16,63 \u20ac par mois<\/td><td>\u00c0 partir de 68,71 \u20ac par mois<\/td><\/tr><tr><td>KTM 1050 Adventure ABS (2016) <\/td><td>\u00c0 partir de 16,63 \u20ac par mois<\/td><td>\u00c0 partir de 94,97 \u20ac par mois<\/td><\/tr><tr><td>KTM 1090 Adventure ABS (2017) <\/td><td>\u00c0 partir de 16,63 \u20ac par mois<\/td><td>\u00c0 partir de 97,48 \u20ac par mois<\/td><\/tr><tr><td>KTM 790 Duke ABS (2020) <\/td><td>\u00c0 partir de 16,63 \u20ac par mois<\/td><td>\u00c0 partir de 81,62 \u20ac par mois<\/td><\/tr><tr><td>KTM 1290 Superduke GT ABS (2020) <\/td><td>\u00c0 partir de 16,63 \u20ac par mois<\/td><td>\u00c0 partir de 129,18 \u20ac par mois<\/td><\/tr><tr><td>KTM 1290 Superduke R ABS (2020) <\/td><td>\u00c0 partir de 16,63 \u20ac par mois<\/td><td>\u00c0 partir de 123,64 \u20ac par mois<\/td><\/tr><tr><td>KTM 390 Duke ABS (2020)<\/td><td>\u00c0 partir de 16,63 \u20ac par mois<\/td><td>\u00c0 partir de 51,57 \u20ac par mois<\/td><\/tr><tr><td>KTM 790 Adventure (2020) <\/td><td>\u00c0 partir de 16,63 \u20ac par mois<\/td><td>\u00c0 partir de 97,29 \u20ac par mois<\/td><\/tr><tr><td>KTM 450 EXC-F (2020) <\/td><td>\u00c0 partir de 16,63 \u20ac par mois<\/td><td>\u00c0 partir de 84,30 \u20ac par mois<\/td><\/tr><\/tbody><\/table><figcaption class=\"wp-element-caption\">Veuillez noter : Pour le calcul de cette prime, nous avons pris en compte les facteurs suivants : 45 ans, 6 ans de permis moto, 0 accident, garage ferm\u00e9, serrure m\u00e9canique et pas d&rsquo;assurances suppl\u00e9mentaires. (derni\u00e8re mise \u00e0 jour 2-2022)<\/figcaption><\/figure>\n\n\n\n<h2 class=\"wp-block-heading\" id=\"klaar-om-te-rijden\">Pr\u00eat \u00e0 rouler<\/h2>\n\n\n\n<p>KTM est indispensable dans le sport de cross-country et l\u2019enduro. Ici, assurer une moto n\u2019est pas directement n\u00e9cessaire ou est fait par l\u2019organisateur de la course. Si vous souhaitez rouler sur la voie publique, vous devez d\u2019abord assurer votre KTM. Vous cherchez une moto ludique un peu piquant ? Dans ce cas, la marque autrichienne de motos KTM est faite pour vous. Bien que l\u2019entreprise ait \u00e9t\u00e9 fond\u00e9e en 1934, elle ne produit d\u2019excellentes motos que depuis 1954. Au cours de la production des motos KTM, l\u2019accent a \u00e9t\u00e9 mis principalement sur les motos tout-terrain. Aujourd\u2019hui, KTM produit \u00e9galement des motos impressionnantes pour la route. \u00cates-vous l\u2019heureux propri\u00e9taire d\u2019une moto KTM ? Vous souhaitez souscrire la meilleure garantie d\u2019assurance moto KTM. Chez Solo Moto. nous sommes nous-m\u00eames des passionn\u00e9s de moto. Par cons\u00e9quent, vous pouvez assurer votre KTM avec la meilleure option sans aucun souci.<\/p>\n\n\n<div class=\"wp-block-image\">\n<figure class=\"aligncenter\"><img decoding=\"async\" src=\"https:\/\/solomoto.be\/wp-content\/uploads\/2022\/01\/KTM-790-Adventure-300x200.jpg\" alt=\"KTM 790 \" class=\"wp-image-3210\"\/><\/figure>\n<\/div>\n\n\n\n\n<h2 class=\"wp-block-heading\" id=\"allerlei-mogelijkheden-ktm-verzekeren\">Options d&rsquo;assurance KTM<\/h2>\n\n\n\n<p>Si vous voulez vivre la meilleure exp\u00e9rience possible avec une moto KTM, vous devez souscrire la meilleure assurance moto. Vous pourrez alors rouler sans soucis. Il est \u00e9galement bon d\u2019\u00eatre assur\u00e9 au cas o\u00f9 votre KTM serait endommag\u00e9e au cours d\u2019une excursion. En bref, tous les motocyclistes et toutes les marques de motos ne sont pas les m\u00eames. Par cons\u00e9quent, il existe de nombreuses options appropri\u00e9es pour assurer votre KTM. C\u2019est pourquoi il est certainement possible de choisir la meilleure garantie d\u2019assurance KTM. Vous voulez une assurance moto avec une couverture de base ? Alors la responsabilit\u00e9 civile (RC) est une bonne option. Vous pr\u00e9f\u00e9rez assurer votre KTM pour plus de dommages ? Dans ce cas, nous vous recommandons de souscrire une assurance RC + mini-omnium ou RC+ Full omnium Top. Vous pouvez toujours ajouter des couvertures d\u2019assurances suppl\u00e9mentaires.<\/p>\n\n\n<div class=\"wp-block-image\">\n<figure class=\"aligncenter\"><img decoding=\"async\" src=\"https:\/\/solomoto.be\/wp-content\/uploads\/2022\/01\/KTM-RC390-300x200.jpg\" alt=\"KTM RC390 \" class=\"wp-image-3209\"\/><\/figure>\n<\/div>\n\n\n<h2 class=\"wp-block-heading\" id=\"gelijk-online-uw-ktm-verzekeren\">Assurez votre KTM en ligne<\/h2>\n\n\n\n<p>Comme vous pouvez le constater, trouver la meilleure garantie d\u2019assurance moto KTM peut prendre beaucoup de temps. Solo Moto facilite consid\u00e9rablement cette t\u00e2che. Assurer une KTM avec nous se fait instantan\u00e9ment en ligne. Vous devez simplement nous fournir des donn\u00e9es suppl\u00e9mentaires et r\u00e9pondre \u00e0 quelques questions. Ensuite, Solo Moto se met au travail pour trouver la meilleure garantie d\u2019assurance KTM pour votre moto. Enfin, vous pouvez assurer votre KTM directement aupr\u00e8s de Solo Moto.<\/p>\n\n\n\n<p>Vous avez besoin d\u2019un peu d\u2019aid ? Vous ne savez pas comment assurer vous-m\u00eame votre KTM ? Alors contactez-nous par t\u00e9l\u00e9phone au 03\/808.49.95. Avec Solo Moto, votre assurance KTM est toujours r\u00e9gl\u00e9e imm\u00e9diatement, tant en ligne que par t\u00e9l\u00e9phone. Vous aurez ainsi plus de temps pour profiter de votre moto pr\u00e9f\u00e9r\u00e9e !<\/p>\n\n\n\n<div class=\"wp-block-columns is-layout-flex wp-container-core-columns-is-layout-9d6595d7 wp-block-columns-is-layout-flex\">\n<div class=\"wp-block-column is-layout-flow wp-block-column-is-layout-flow\">\n<figure class=\"wp-block-image size-large\"><img decoding=\"async\" src=\"https:\/\/solomoto.be\/wp-content\/uploads\/2022\/01\/KTM-790-DUKE-2018-black-MY18_LeFront-1024x683.jpg\" alt=\"KTM 790 Duke\" class=\"wp-image-3894\"\/><figcaption class=\"wp-element-caption\">KTM 790 Duke<\/figcaption><\/figure>\n\n\n\n<figure class=\"wp-block-image size-large\"><img decoding=\"async\" src=\"https:\/\/solomoto.be\/wp-content\/uploads\/2022\/01\/KTM-390-RC-MY2017_front-ri-1024x936.jpg\" alt=\"KTM RC390\" class=\"wp-image-3897\"\/><figcaption class=\"wp-element-caption\">KTM RC390<\/figcaption><\/figure>\n\n\n\n<figure class=\"wp-block-image size-large\"><img decoding=\"async\" src=\"https:\/\/solomoto.be\/wp-content\/uploads\/2022\/01\/KTM-125-DUKE-ACTION-1-1024x589.jpg\" alt=\"KTM 125 Duke\" class=\"wp-image-3901\"\/><figcaption class=\"wp-element-caption\">KTM 125 Duke<\/figcaption><\/figure>\n<\/div>\n\n\n\n<div class=\"wp-block-column is-layout-flow wp-block-column-is-layout-flow\">\n<figure class=\"wp-block-image size-large\"><img decoding=\"async\" src=\"https:\/\/solomoto.be\/wp-content\/uploads\/2022\/01\/KTM-1290-SUPER-ADVENTURE-S-orange-MY17_90-right-1024x819.jpg\" alt=\"KTM 1290 Super Adventure S\" class=\"wp-image-3895\"\/><figcaption class=\"wp-element-caption\">KTM 1290 Super Adventure S<\/figcaption><\/figure>\n\n\n\n<figure class=\"wp-block-image size-large\"><img decoding=\"async\" src=\"https:\/\/solomoto.be\/wp-content\/uploads\/2022\/01\/190-ADV-R-1290-ADV-R-1024x683.jpg\" alt=\"KTM 1290 Adventure R\" class=\"wp-image-3898\"\/><figcaption class=\"wp-element-caption\">KTM 1290 Adventure R<\/figcaption><\/figure>\n\n\n\n<figure class=\"wp-block-image size-large\"><img decoding=\"async\" src=\"https:\/\/solomoto.be\/wp-content\/uploads\/2022\/01\/KTM-1290-SUPER-DUKE-GT_04.jpg\" alt=\"KTM Superduke GT\" class=\"wp-image-3903\"\/><figcaption class=\"wp-element-caption\">KTM Superduke GT<\/figcaption><\/figure>\n<\/div>\n\n\n\n<div class=\"wp-block-column is-layout-flow wp-block-column-is-layout-flow\">\n<figure class=\"wp-block-image size-large\"><img decoding=\"async\" src=\"https:\/\/solomoto.be\/wp-content\/uploads\/2022\/01\/KTM-1290-SUPER-DUKE-R-MY17_orange_90-right-1024x819.jpg\" alt=\"KTM 1290 Superduke R\" class=\"wp-image-3896\"\/><figcaption class=\"wp-element-caption\">KTM 1290 Superduke R<\/figcaption><\/figure>\n\n\n\n<figure class=\"wp-block-image size-large\"><img decoding=\"async\" src=\"https:\/\/solomoto.be\/wp-content\/uploads\/2022\/01\/KTM-390-DUKE-ACTION-1-1024x619.jpg\" alt=\"KTM 390 Duke\" class=\"wp-image-3900\"\/><figcaption class=\"wp-element-caption\">KTM 390 Duke<\/figcaption><\/figure>\n<\/div>\n<\/div>\n","protected":false},"excerpt":{"rendered":"<p>L&rsquo;assurance KTM chez Solo Moto Vous pouvez trouver les meilleures garanties d\u2019assurance pour chaque marque de moto et conducteur. Enfin,&#8230;<\/p>\n","protected":false},"author":1,"featured_media":8633,"parent":0,"menu_order":0,"comment_status":"closed","ping_status":"closed","template":"","meta":{"_acf_changed":false,"footnotes":""},"class_list":["post-1763","page","type-page","status-publish","has-post-thumbnail","hentry"],"acf":[],"_links":{"self":[{"href":"https:\/\/solomoto.be\/fr\/wp-json\/wp\/v2\/pages\/1763","targetHints":{"allow":["GET"]}}],"collection":[{"href":"https:\/\/solomoto.be\/fr\/wp-json\/wp\/v2\/pages"}],"about":[{"href":"https:\/\/solomoto.be\/fr\/wp-json\/wp\/v2\/types\/page"}],"author":[{"embeddable":true,"href":"https:\/\/solomoto.be\/fr\/wp-json\/wp\/v2\/users\/1"}],"replies":[{"embeddable":true,"href":"https:\/\/solomoto.be\/fr\/wp-json\/wp\/v2\/comments?post=1763"}],"version-history":[{"count":39,"href":"https:\/\/solomoto.be\/fr\/wp-json\/wp\/v2\/pages\/1763\/revisions"}],"predecessor-version":[{"id":8964,"href":"https:\/\/solomoto.be\/fr\/wp-json\/wp\/v2\/pages\/1763\/revisions\/8964"}],"wp:featuredmedia":[{"embeddable":true,"href":"https:\/\/solomoto.be\/fr\/wp-json\/wp\/v2\/media\/8633"}],"wp:attachment":[{"href":"https:\/\/solomoto.be\/fr\/wp-json\/wp\/v2\/media?parent=1763"}],"curies":[{"name":"wp","href":"https:\/\/api.w.org\/{rel}","templated":true}]}}