{"id":1718,"date":"2019-02-28T15:08:50","date_gmt":"2019-02-28T15:08:50","guid":{"rendered":"https:\/\/combimotors.nl\/?page_id=1718"},"modified":"2023-12-22T12:52:51","modified_gmt":"2023-12-22T11:52:51","slug":"assurer-kawasaki","status":"publish","type":"page","link":"https:\/\/solomoto.be\/fr\/assurer-kawasaki\/","title":{"rendered":"Assurer Kawasaki"},"content":{"rendered":"<div class=\"wp-block-image\">\n<figure class=\"aligncenter size-large\"><img decoding=\"async\" src=\"https:\/\/solomoto.be\/wp-content\/uploads\/2022\/01\/logo-kawasaki.png\" alt=\"Kawasaki motorverzekering, Kawasaki verzekeren\" class=\"wp-image-3198\"\/><\/figure>\n<\/div>\n\n<h2>Assurez Kawasaki chez Solo Moto<\/h2>\n\n\n<div class=\" cta-button\">\n\n\n<a id=\"cta-buttonblock_4e0b48246ccb0a0f30f6b637ed27d025\" class=\"button block large\" href=\"https:\/\/premie.solomoto.be\/offertes\/nieuw\/1ad2cf00-fadc-4dfd-a2ae-8b030d565a87?label=solomoto&#038;lang=fr%20\">\n\t\n\t\n\t<span class=\"large\">Cliquez et calculez la prime pour votre Kawasaki<\/span>\n\t\n\t<span class=\"small\">L&rsquo;assurance parfaite pour vous en 1 minute !<\/span>\n\t\n<\/a>\n\n<\/div>\n\t\t\n<style type=\"text\/css\">\n\t#cta-buttonblock_4e0b48246ccb0a0f30f6b637ed27d025 {\n\t\tbackground: #81d742;\n\t}\n\t\n\t#cta-buttonblock_4e0b48246ccb0a0f30f6b637ed27d025:hover {\n\t\tbackground: #000000;\n\t}\n\t\n\t\n<\/style>\n\n\n\n\n<p>Chez nous pouvez trouver la meilleure assurance pour chaque marque de moto. Si vous ne savez pas o\u00f9 chercher. Solo Moto peut vous aider. Il est obligatoire d\u2019assurer votre moto avant de rouler sur la voie publique. &nbsp;Vous \u00eates r\u00e9cemment devenu propri\u00e9taire d\u2019une belle moto KTM ? Avez-vous achet\u00e9 une KTM 1090 Adventure ou une KTM 990 SMT ? Vous souhaitez assurer votre KTM le plus rapidement possible afin de rouler tout de suite. Assurer une KTM avec Solo Moto se fait en un rien de temps, que ce soit en ligne ou par t\u00e9l\u00e9phone. Vous pouvez assurer votre KTM en r\u00e9pondant simplement \u00e0 quelques questions et en fournissant quelques informations suppl\u00e9mentaires. Ensuite, nous nous mettons \u00e0 la recherche de la meilleure assurance moto KTM. En bref, chez Solo Moto, vous pouvez assurer votre KTM facilement et sans probl\u00e8me. Vous \u00eates curieux de conna\u00eetre la prime pour votre KTM ? Calculez-la maintenant !<\/p>\n\n\n\n<p>Pour vous donner une id\u00e9e de ce que co\u00fbte l\u2019assurance de votre KTM, nous avons \u00e9tabli un certain nombre de primes pour vous. Il s\u2019agit de primes indicatives pour les diff\u00e9rentes motos KTM assur\u00e9 en RC et Full Omnium :<\/p>\n\n\n\n<figure class=\"wp-block-table\"><table class=\"has-fixed-layout\"><tbody><tr><td><strong>Model<\/strong><\/td><td><strong>RC<\/strong><\/td><td><strong>RC+ Full Omnium<\/strong><\/td><\/tr><tr><td>Kawasaki Z750 (2008) <\/td><td>\u00c0 partir de 16,63 \u20ac par mois<\/td><td>\u00c0 partir de 60,63 \u20ac par mois<\/td><\/tr><tr><td>Kawasaki ZX-6R Ninja (2010) <\/td><td>\u00c0 partir de 16,63 \u20ac par mois<\/td><td>\u00c0 partir de 87,42 \u20ac par mois<\/td><\/tr><tr><td>Kawasaki 1400 GTR (2012) <\/td><td>\u00c0 partir de 16,63 \u20ac par mois<\/td><td>\u00c0 partir de 122,00 \u20ac par mois<\/td><\/tr><tr><td>Kawasaki Z1000 ABS (2014)<\/td><td>\u00c0 partir de 16,63 \u20ac par mois<\/td><td>\u00c0 partir de 88,43 \u20ac par mois<\/td><\/tr><tr><td>Kawasaki ER-6N ABS (2015) <\/td><td>\u00c0 partir de 16,63 \u20ac par mois<\/td><td>\u00c0 partir de 57,83 \u20ac par mois<\/td><\/tr><tr><td>Kawasaki W800 (2016) <\/td><td>\u00c0 partir de 16,63 \u20ac par mois<\/td><td>\u00c0 partir de 68,70 \u20ac par mois<\/td><\/tr><tr><td>Kawasaki Z900 ABS (2020)<\/td><td>\u00c0 partir de 16,63 \u20ac par mois<\/td><td>\u00c0 partir de 71,74 \u20ac par mois<\/td><\/tr><tr><td>Kawasaki Z650 ABS (2020)<\/td><td>\u00c0 partir de 16,63 \u20ac par mois<\/td><td>\u00c0 partir de 59,53 \u20ac par mois<\/td><\/tr><tr><td>Kawasaki Versys 1000 S ABS (2020) <\/td><td>\u00c0 partir de 16,63 \u20ac par mois<\/td><td>\u00c0 partir de 94,51 \u20ac par mois<\/td><\/tr><tr><td>Kawasaki Versys 650 ABS (2020) <\/td><td>\u00c0 partir de 16,63 \u20ac par mois<\/td><td>\u00c0 partir de 62,29 \u20ac par mois<\/td><\/tr><tr><td>Kawasaki Z400 (2020) <\/td><td>\u00c0 partir de 16,63 \u20ac par mois<\/td><td>\u00c0 partir de 49,08 \u20ac par mois<\/td><\/tr><tr><td>Kawasaki Ninja 650 (2020) <\/td><td>\u00c0 partir de 16,63 \u20ac par mois<\/td><td>\u00c0 partir de 61,74 \u20ac par mois<\/td><\/tr><tr><td>Kawasaki Vulcan S ABS (2020)<\/td><td>\u00c0 partir de 16,63 \u20ac par mois<\/td><td>\u00c0 partir de 64,76 \u20ac par mois<\/td><\/tr><tr><td>Kawasaki Ninja 1000 SX (2020) <\/td><td>\u00c0 partir de 16,63 \u20ac par mois<\/td><td>\u00c0 partir de 98,67 \u20ac par mois<\/td><\/tr><\/tbody><\/table><figcaption class=\"wp-element-caption\">Veuillez noter : Pour le calcul de cette prime, nous avons pris en compte les facteurs suivants : 45 ans, 6 ans de permis moto, 0 accident, garage ferm\u00e9, serrure m\u00e9canique et pas d&rsquo;assurances suppl\u00e9mentaires. (derni\u00e8re mise \u00e0 jour 2-2022)<\/figcaption><\/figure>\n\n\n<div class=\"wp-block-image\">\n<figure class=\"aligncenter size-medium\"><img decoding=\"async\" src=\"https:\/\/solomoto.be\/wp-content\/uploads\/2022\/01\/JvdK2393-300x200.jpg\" alt=\"Kawasaki Z300 &amp; Kawasaki Z900\" class=\"wp-image-5949\"\/><figcaption class=\"wp-element-caption\">Kawasaki Z300 &amp; Kawasaki Z900<\/figcaption><\/figure>\n<\/div>\n\n\n<h2 class=\"wp-block-heading\" id=\"details-maken-het-verschil\">Pr\u00eat \u00e0 rouler<\/h2>\n\n\n\n<p>KTM est indispensable dans le sport de cross-country et l\u2019enduro. Ici, assurer une moto n\u2019est pas directement n\u00e9cessaire ou est fait par l\u2019organisateur de la course. Si vous souhaitez rouler sur la voie publique, vous devez assurer votre KTM. Vous cherchez une moto ludique avec un peu d\u2019esprit ? Dans ce cas, la marque autrichienne de motos KTM est faite pour vous. Bien que l\u2019entreprise a \u00e9t\u00e9 fond\u00e9e en 1934, elle ne produit d\u2019excellentes motos que depuis 1954. Au cours de la production des motos KTM, l\u2019accent a \u00e9t\u00e9 mis principalement sur les motos tout-terrain. Aujourd\u2019hui, KTM produit \u00e9galement des motos impressionnantes pour la route. \u00cates-vous l\u2019heureux propri\u00e9taire d\u2019une telle moto KTM ? Vous souhaitez alors naturellement souscrire la meilleure option en mati\u00e8re d\u2019assurance moto KTM. Ce n\u2019est pas un probl\u00e8me chez Solo Moto ou nous sommes nous-m\u00eames des passionn\u00e9s de moto. Par cons\u00e9quent, vous pouvez assurer votre KTM avec la meilleure option sans aucun souci.<\/p>\n\n\n\n\n\n<h2 class=\"wp-block-heading\" id=\"kawasaki-verzekeren-en-de-beschikbare-opties\">Assurance Kawasaki et options disponibles<\/h2>\n\n\n\n<p>Si vous voulez vivre la meilleure exp\u00e9rience possible avec une moto KTM, il vous faut la meilleure assurance moto pour rouler sans souci. Il est&nbsp; \u00e9galement bon d\u2019\u00eatre assur\u00e9 au cas o\u00f9 votre KTM serait endommag\u00e9e au cours d\u2019une excursion. En bref, tous les motocyclistes et toutes les marques de motos ne sont pas les m\u00eames. C\u2019est pourquoi il existe de nombreuses possibilit\u00e9s pour assurer votre KTM chez Solo Moto.. Voulez-vous une assurance moto avec une couverture de base ? Alors la responsabilit\u00e9 civile (RC) est une suffisante. Vous pr\u00e9f\u00e9rez assurer votre KTM pour plus de dommages ? Dans ce cas, nous vous recommandons de souscrire une assurance RC + mini omnium ou RC + full omnium. Vous pouvez toujours assurer votre KTM avec une couverture suppl\u00e9mentaire protection juridique ou l\u2019assurance conducteur.<\/p>\n\n\n\n<h2 class=\"wp-block-heading has-text-align-center\"><figure><img loading=\"lazy\" decoding=\"async\" class=\"aligncenter wp-image-3203 size-medium\" src=\"https:\/\/solomoto.be\/wp-content\/uploads\/2022\/01\/Kawasaki-Ninja-650-300x200.jpg\" alt=\"Kawasaki motorverzekering, Kawasaki Ninja 650 verzekeren\" width=\"300\" height=\"200\"><\/figure><\/h2>\n\n\n\n<h2 class=\"wp-block-heading\" id=\"bij-solo-moto-online-uw-kawasaki-verzekeren\">Assurez votre Kawasaki en ligne sur Solo Moto<\/h2>\n\n\n\n<p>Comme vous pouvez le constater, trouver la meilleure assurance moto KTM peut prendre plus de temps que vous pensez. Solo Moto facilite consid\u00e9rablement cette t\u00e2che. Assurer une KTM chez nous se fait instantan\u00e9ment en ligne. Tout d\u2019abord, vous remplissez quelques informations suppl\u00e9mentaires sur votre KTM et r\u00e9pondez \u00e0 quelques questions. Ensuite, Solo Moto se met au travail pour trouver la meilleure garantie d\u2019assurance pour votre KTM. Enfin, vous pouvez assurer votre KTM directement aupr\u00e8s de Solo Moto et signer via Itsme.<\/p>\n\n\n\n<p>Cependant, avez-vous besoin d\u2019un soutien ? Vous avez du mal \u00e0 assurer vous-m\u00eame votre KTM ? Contactez-nous &nbsp;au 03 808 49 95. Chez Solo Moto, votre assurance KTM est toujours r\u00e9gl\u00e9e imm\u00e9diatement, tant en ligne que par t\u00e9l\u00e9phone. Vous aurez ainsi plus de temps pour profiter de votre moto pr\u00e9f\u00e9r\u00e9e !<\/p>\n\n\n<div class=\"wp-block-image\">\n<figure class=\"aligncenter size-medium\"><img decoding=\"async\" src=\"https:\/\/solomoto.be\/wp-content\/uploads\/2022\/01\/JvdK0426-300x200.jpg\" alt=\"Vendeur Kawasaki Z900\" class=\"wp-image-5950\"\/><figcaption class=\"wp-element-caption\">Vendeur Kawasaki Z900<\/figcaption><\/figure>\n<\/div>\n\n\n<p>Quelques-uns des v\u00e9hicules Kawasaki que vous pouvez assurer avec nous :<\/p>\n\n\n\n<div class=\"wp-block-columns is-layout-flex wp-container-core-columns-is-layout-9d6595d7 wp-block-columns-is-layout-flex\">\n<div class=\"wp-block-column is-layout-flow wp-block-column-is-layout-flow\">\n<figure class=\"wp-block-image size-large\"><img decoding=\"async\" src=\"https:\/\/solomoto.be\/wp-content\/uploads\/2022\/01\/ZX-10R-SE-1024x768.jpg\" alt=\"Kawasaki ZX-10R SE\" class=\"wp-image-4233\"\/><figcaption class=\"wp-element-caption\">Kawasaki ZX-10R SE<\/figcaption><\/figure>\n\n\n\n<figure class=\"wp-block-image size-large\"><img decoding=\"async\" src=\"https:\/\/solomoto.be\/wp-content\/uploads\/2022\/01\/Z1000-1024x769.jpg\" alt=\"Kawasaki Z1000\" class=\"wp-image-4230\"\/><figcaption class=\"wp-element-caption\">Kawasaki Z1000<\/figcaption><\/figure>\n\n\n\n<figure class=\"wp-block-image size-large\"><a href=\"https:\/\/combimotors.nl\/kawasaki-verzekeren\/kawasaki-z650-verzekeren\/\"><img decoding=\"async\" src=\"https:\/\/solomoto.be\/wp-content\/uploads\/2022\/01\/Z650-1024x769.jpg\" alt=\"Kawasaki Z650\" class=\"wp-image-4227\"\/><\/a><figcaption class=\"wp-element-caption\"><a href=\"https:\/\/solomoto.be\/fr\/assurer-kawasaki\/assurer-la-kawasaki-z650\/\">Kawasaki Z650<\/a><\/figcaption><\/figure>\n\n\n\n<figure class=\"wp-block-image size-large\"><img decoding=\"async\" src=\"https:\/\/solomoto.be\/wp-content\/uploads\/2022\/01\/W800-1024x769.jpg\" alt=\"Kawasaki W800\" class=\"wp-image-4223\"\/><figcaption class=\"wp-element-caption\">Kawasaki W800<\/figcaption><\/figure>\n\n\n\n<figure class=\"wp-block-image size-large\"><img decoding=\"async\" src=\"https:\/\/solomoto.be\/wp-content\/uploads\/2022\/01\/Versys-X-300-1024x769.jpg\" alt=\"Kawasaki Versys X-300\" class=\"wp-image-4218\"\/><figcaption class=\"wp-element-caption\">Kawasaki Versys X-300<\/figcaption><\/figure>\n\n\n\n<figure class=\"wp-block-image size-large\"><img decoding=\"async\" src=\"https:\/\/solomoto.be\/wp-content\/uploads\/2022\/01\/Versys-650-1024x769.jpg\" alt=\"Kawasaki Versys 650\" class=\"wp-image-4215\"\/><figcaption class=\"wp-element-caption\">Kawasaki Versys 650<\/figcaption><\/figure>\n\n\n\n<figure class=\"wp-block-image size-large\"><img decoding=\"async\" src=\"https:\/\/solomoto.be\/wp-content\/uploads\/2022\/01\/Ninja-H2-1024x768.jpg\" alt=\"Kawasaki Ninja H2\" class=\"wp-image-4212\"\/><figcaption class=\"wp-element-caption\">Kawasaki Ninja H2<\/figcaption><\/figure>\n\n\n\n<figure class=\"wp-block-image size-large\"><img decoding=\"async\" src=\"https:\/\/solomoto.be\/wp-content\/uploads\/2022\/01\/Ninja-650-1024x769.jpg\" alt=\"Kawasaki Ninja 650\" class=\"wp-image-4209\"\/><figcaption class=\"wp-element-caption\">Kawasaki Ninja 650<\/figcaption><\/figure>\n\n\n\n<figure class=\"wp-block-image size-large\"><img decoding=\"async\" src=\"https:\/\/solomoto.be\/wp-content\/uploads\/2022\/01\/H2SX-1024x769.jpg\" alt=\"Kawasaki H2SX\" class=\"wp-image-4206\"\/><figcaption class=\"wp-element-caption\">Kawasaki H2SX<\/figcaption><\/figure>\n\n\n\n<figure class=\"wp-block-image size-large\"><img decoding=\"async\" src=\"https:\/\/solomoto.be\/wp-content\/uploads\/2022\/01\/21MY_Ninja-ZX-10R_GN1_STU-2klein.png\" alt=\"Kawasaki ZX-10R\" class=\"wp-image-4878\"\/><figcaption class=\"wp-element-caption\">Kawasaki ZX-10R<\/figcaption><\/figure>\n\n\n\n<figure class=\"wp-block-image size-large\"><img decoding=\"async\" src=\"https:\/\/solomoto.be\/wp-content\/uploads\/2022\/01\/21MY_Versys-1000-S_GN1_STU-1klein.png\" alt=\"Kawasaki Versys 1000 S\" class=\"wp-image-4887\"\/><figcaption class=\"wp-element-caption\">Kawasaki Versys 1000 S<\/figcaption><\/figure>\n<\/div>\n\n\n\n<div class=\"wp-block-column is-layout-flow wp-block-column-is-layout-flow\">\n<figure class=\"wp-block-image size-large\"><img decoding=\"async\" src=\"https:\/\/solomoto.be\/wp-content\/uploads\/2022\/01\/ZX-10R-KRT-1024x769.jpg\" alt=\"Kawasaki ZX-10R KRT\" class=\"wp-image-4232\"\/><figcaption class=\"wp-element-caption\">Kawasaki ZX-10R KRT<\/figcaption><\/figure>\n\n\n\n<figure class=\"wp-block-image size-large\"><img decoding=\"async\" src=\"https:\/\/solomoto.be\/wp-content\/uploads\/2022\/01\/Z900RS-1024x769.jpg\" alt=\"Kawasaki Z900RS\" class=\"wp-image-4229\"\/><figcaption class=\"wp-element-caption\">Kawasaki Z900RS<\/figcaption><\/figure>\n\n\n\n<figure class=\"wp-block-image size-large\"><img decoding=\"async\" src=\"https:\/\/solomoto.be\/wp-content\/uploads\/2022\/01\/Z400-1024x769.jpg\" alt=\"Kawasaki Z400\" class=\"wp-image-4226\"\/><figcaption class=\"wp-element-caption\">Kawasaki Z400<\/figcaption><\/figure>\n\n\n\n<figure class=\"wp-block-image size-large\"><img decoding=\"async\" src=\"https:\/\/solomoto.be\/wp-content\/uploads\/2022\/01\/W800-Street-1024x769.jpg\" alt=\"Kawasaki W800 Street\" class=\"wp-image-4222\"\/><figcaption class=\"wp-element-caption\">Kawasaki W800 Street<\/figcaption><\/figure>\n\n\n\n<figure class=\"wp-block-image size-large\"><img decoding=\"async\" src=\"https:\/\/solomoto.be\/wp-content\/uploads\/2022\/01\/Versys-1000-1024x769.jpg\" alt=\"Kawasaki Versys 1000\" class=\"wp-image-4217\"\/><figcaption class=\"wp-element-caption\">Kawasaki Versys 1000<\/figcaption><\/figure>\n\n\n\n<figure class=\"wp-block-image size-large\"><img decoding=\"async\" src=\"https:\/\/solomoto.be\/wp-content\/uploads\/2022\/01\/Ninja-ZX-6R-1024x769.jpg\" alt=\"Kawasaki Ninja ZX-6R\" class=\"wp-image-4214\"\/><figcaption class=\"wp-element-caption\">Kawasaki Ninja ZX-6R<\/figcaption><\/figure>\n\n\n\n<figure class=\"wp-block-image size-large\"><img decoding=\"async\" src=\"https:\/\/solomoto.be\/wp-content\/uploads\/2022\/01\/Ninja-H2-Carbon-1024x768.jpg\" alt=\"Kawasaki H2 Carbon\" class=\"wp-image-4211\"\/><figcaption class=\"wp-element-caption\">Kawasaki H2 Carbon<\/figcaption><\/figure>\n\n\n\n<figure class=\"wp-block-image size-large\"><img decoding=\"async\" src=\"https:\/\/solomoto.be\/wp-content\/uploads\/2022\/01\/Ninja-400-1024x769.jpg\" alt=\"Kawasaki Ninja 400\" class=\"wp-image-4208\"\/><figcaption class=\"wp-element-caption\">Kawasaki Ninja 400<\/figcaption><\/figure>\n\n\n\n<figure class=\"wp-block-image size-large\"><img decoding=\"async\" src=\"https:\/\/solomoto.be\/wp-content\/uploads\/2022\/01\/H2R-1024x768.jpg\" alt=\"Kawasaki H2R\" class=\"wp-image-4205\"\/><figcaption class=\"wp-element-caption\">Kawasaki H2R<\/figcaption><\/figure>\n\n\n\n<figure class=\"wp-block-image size-large\"><img decoding=\"async\" src=\"https:\/\/solomoto.be\/wp-content\/uploads\/2022\/01\/21MY_Ninja-ZX-10RR_GN2_STU-1.png\" alt=\"Kawasaki ZX-10RR\" class=\"wp-image-4876\"\/><figcaption class=\"wp-element-caption\">Kawasaki ZX-10RR<\/figcaption><\/figure>\n\n\n\n<figure class=\"wp-block-image size-large\"><img decoding=\"async\" src=\"https:\/\/solomoto.be\/wp-content\/uploads\/2022\/01\/21MY_Versys-1000-SE_GN1_STU-1klein.png\" alt=\"Kawasaki Versys 1000 SE\" class=\"wp-image-4888\"\/><figcaption class=\"wp-element-caption\">Kawasaki Versys 1000 SE<\/figcaption><\/figure>\n<\/div>\n\n\n\n<div class=\"wp-block-column is-layout-flow wp-block-column-is-layout-flow\">\n<figure class=\"wp-block-image size-large\"><img decoding=\"async\" src=\"https:\/\/solomoto.be\/wp-content\/uploads\/2022\/01\/Z1000R-1024x769.jpg\" alt=\"Kawasaki Z1000R\" class=\"wp-image-4231\"\/><figcaption class=\"wp-element-caption\">Kawasaki Z1000R<\/figcaption><\/figure>\n\n\n\n<figure class=\"wp-block-image size-large is-resized\"><a href=\"https:\/\/combimotors.nl\/kawasaki-verzekeren\/kawasaki-z900-verzekeren\/\"><img decoding=\"async\" src=\"https:\/\/solomoto.be\/wp-content\/uploads\/2022\/01\/Z900-1024x769.jpg\" alt=\"Kawasaki Z900\" class=\"wp-image-4228\" style=\"width:256px;height:192px\"\/><\/a><figcaption class=\"wp-element-caption\"><a href=\"https:\/\/solomoto.be\/fr\/assurer-kawasaki\/assurer-la-kawasaki-z900\/\">Kawasaki Z900<\/a><\/figcaption><\/figure>\n\n\n\n<figure class=\"wp-block-image size-large\"><img decoding=\"async\" src=\"https:\/\/solomoto.be\/wp-content\/uploads\/2022\/01\/Z-H2-1024x769.jpg\" alt=\"Kawasaki ZH2\" class=\"wp-image-4224\"\/><figcaption class=\"wp-element-caption\">Kawasaki ZH2<\/figcaption><\/figure>\n\n\n\n<figure class=\"wp-block-image size-large\"><img decoding=\"async\" src=\"https:\/\/solomoto.be\/wp-content\/uploads\/2022\/01\/Vulcan-S-1024x769.jpg\" alt=\"Kawasaki Vulcan S\" class=\"wp-image-4220\"\/><figcaption class=\"wp-element-caption\">Kawasaki Vulcan S<\/figcaption><\/figure>\n\n\n\n<figure class=\"wp-block-image size-large\"><img decoding=\"async\" src=\"https:\/\/solomoto.be\/wp-content\/uploads\/2022\/01\/Versys-1000-SE-1024x769.jpg\" alt=\"Kawasaki Versys 1000 SE\" class=\"wp-image-4216\"\/><figcaption class=\"wp-element-caption\">Kawasaki Versys 1000 SE<\/figcaption><\/figure>\n\n\n\n<figure class=\"wp-block-image size-large is-resized\"><img decoding=\"async\" src=\"https:\/\/solomoto.be\/wp-content\/uploads\/2022\/01\/Ninja-H2SX-SE-1024x769.jpg\" alt=\"Kawasaki Ninja H2SX-SE\" class=\"wp-image-4213\" style=\"width:253px;height:190px\"\/><figcaption class=\"wp-element-caption\">Kawasaki Ninja H2SX-SE<\/figcaption><\/figure>\n\n\n\n<figure class=\"wp-block-image size-large\"><img decoding=\"async\" src=\"https:\/\/solomoto.be\/wp-content\/uploads\/2022\/01\/Ninja-1000SX-1024x769.jpg\" alt=\"Kawasaki Ninja 1000 SX\" class=\"wp-image-4210\"\/><figcaption class=\"wp-element-caption\">Kawasaki Ninja 1000 SX<\/figcaption><\/figure>\n\n\n\n<figure class=\"wp-block-image size-large\"><img decoding=\"async\" src=\"https:\/\/solomoto.be\/wp-content\/uploads\/2022\/01\/Ninja-125-1024x768.jpg\" alt=\"Kawasaki Ninja 125\" class=\"wp-image-4207\"\/><figcaption class=\"wp-element-caption\">Kawasaki Ninja 125<\/figcaption><\/figure>\n\n\n\n<figure class=\"wp-block-image size-large\"><img decoding=\"async\" src=\"https:\/\/solomoto.be\/wp-content\/uploads\/2022\/01\/H2-SX-SE-1024x769.jpg\" alt=\"Kawasaki H2 SX SE\" class=\"wp-image-4204\"\/><figcaption class=\"wp-element-caption\">Kawasaki H2 SX SE<\/figcaption><\/figure>\n\n\n\n<figure class=\"wp-block-image size-large\"><img decoding=\"async\" src=\"https:\/\/solomoto.be\/wp-content\/uploads\/2022\/01\/21MY_Z-H2-SE_GN2_STU-3klein.png\" alt=\"Kawasaki H2 SE\" class=\"wp-image-4882\"\/><figcaption class=\"wp-element-caption\">Kawasaki H2 SE<\/figcaption><\/figure>\n\n\n\n<figure class=\"wp-block-image size-full is-resized\"><img decoding=\"async\" src=\"https:\/\/solomoto.be\/wp-content\/uploads\/2022\/01\/Z900-SE_Studio-1.png\" alt=\"Kawasaki Z900 SE\" class=\"wp-image-6285\" style=\"width:264px;height:198px\"\/><figcaption class=\"wp-element-caption\">Kawasaki Z900 SE<\/figcaption><\/figure>\n<\/div>\n<\/div>\n\n\n\n<p><\/p>\n","protected":false},"excerpt":{"rendered":"<p>Assurez Kawasaki chez Solo Moto Chez nous pouvez trouver la meilleure assurance pour chaque marque de moto. Si vous ne&#8230;<\/p>\n","protected":false},"author":1,"featured_media":8499,"parent":0,"menu_order":0,"comment_status":"closed","ping_status":"closed","template":"","meta":{"_acf_changed":false,"footnotes":""},"class_list":["post-1718","page","type-page","status-publish","has-post-thumbnail","hentry"],"acf":[],"_links":{"self":[{"href":"https:\/\/solomoto.be\/fr\/wp-json\/wp\/v2\/pages\/1718","targetHints":{"allow":["GET"]}}],"collection":[{"href":"https:\/\/solomoto.be\/fr\/wp-json\/wp\/v2\/pages"}],"about":[{"href":"https:\/\/solomoto.be\/fr\/wp-json\/wp\/v2\/types\/page"}],"author":[{"embeddable":true,"href":"https:\/\/solomoto.be\/fr\/wp-json\/wp\/v2\/users\/1"}],"replies":[{"embeddable":true,"href":"https:\/\/solomoto.be\/fr\/wp-json\/wp\/v2\/comments?post=1718"}],"version-history":[{"count":67,"href":"https:\/\/solomoto.be\/fr\/wp-json\/wp\/v2\/pages\/1718\/revisions"}],"predecessor-version":[{"id":9061,"href":"https:\/\/solomoto.be\/fr\/wp-json\/wp\/v2\/pages\/1718\/revisions\/9061"}],"wp:featuredmedia":[{"embeddable":true,"href":"https:\/\/solomoto.be\/fr\/wp-json\/wp\/v2\/media\/8499"}],"wp:attachment":[{"href":"https:\/\/solomoto.be\/fr\/wp-json\/wp\/v2\/media?parent=1718"}],"curies":[{"name":"wp","href":"https:\/\/api.w.org\/{rel}","templated":true}]}}