{"id":168,"date":"2021-12-24T12:04:24","date_gmt":"2021-12-24T12:04:24","guid":{"rendered":"https:\/\/solomoto.be\/?page_id=168"},"modified":"2022-08-02T11:17:29","modified_gmt":"2022-08-02T10:17:29","slug":"declaration-de-confidentialite","status":"publish","type":"page","link":"https:\/\/solomoto.be\/fr\/declaration-de-confidentialite\/","title":{"rendered":"D\u00e9claration de confidentialit\u00e9"},"content":{"rendered":"\n<p><strong>Qui sommes-nous?<\/strong><\/p>\n\n\n\n<p>Combi Motors Verzekeringen BV<\/p>\n\n\n\n<p>Henry Dunantweg 30a<\/p>\n\n\n\n<p>2402 NR Alphen aan den Rijn<\/p>\n\n\n\n<p>+31172-427035<\/p>\n\n\n\n<p><a href=\"mailto:fgb@combimotors.nl\">fgb@combimotors.nl<\/a><\/p>\n\n\n\n<p><a href=\"http:\/\/www.combimotors.nl\">www.combimotors.nl<\/a><\/p>\n\n\n\n<p><strong>Responsabilit\u00e9<\/strong><\/p>\n\n\n\n<p>Nous sommes responsables pour l&rsquo;utilisation (du traitement) des donn\u00e9es personnelles comme indiqu\u00e9 dans la pr\u00e9sente d\u00e9claration de confidentialit\u00e9. Notre responsable de la protection des donn\u00e9es supervise cette op\u00e9ration et peut \u00eatre joint \u00e0 l&rsquo;adresse ci-dessus.<\/p>\n\n\n\n<p><strong>Dans quel but traitons-nous les donn\u00e9es personnelles?<\/strong><\/p>\n\n\n\n<p>Nous traitons les donn\u00e9es personnelles que vous nous avez fournies. Nous Nous traitons les donn\u00e9es personnelles que vous nous avez fournies. Nous avons besoin de ces donn\u00e9es pour la souscription, la passation et la gestion des contrats d\u2019assurance. Nous traitons les donn\u00e9es personnelles que vous nous avez fournies. Nous avons besoin de ces donn\u00e9es pour la conclusion d\u2019assurance, la gestion des contrats d&rsquo;assurance et la fourniture de services \u00e0 votre intention.<\/p>\n\n\n\n<p><strong>Quel type de donn\u00e9es personnelles vous concernant collectons-nous?<\/strong><\/p>\n\n\n\n<p>Par donn\u00e9es \u00e0 caract\u00e8re personnel, on entend toute information sp\u00e9cifique relative \u00e0 une personne physique qui peut \u00eatre identifi\u00e9e. Veuillez trouver ci-dessous un aper\u00e7u des donn\u00e9es \u00e0 caract\u00e8re personnel que nous traitons:<\/p>\n\n\n\n<ul class=\"wp-block-list\"><li>Pr\u00e9nom et nom de famille;<\/li><li>Sexe;<\/li><li>Date de naissance;<\/li><li>Adresse;<\/li><li>Num\u00e9ro de t\u00e9l\u00e9phone;<\/li><li>Adresse \u00e9lectronique;<\/li><li>Num\u00e9ro de compte bancaire;<\/li><li>\u00c9change de donn\u00e9es avec la DIV, Assurdata, etc.<\/li><li>Autres donn\u00e9es personnelles que vous fournissez, par exemple en envoyant un profil sur ce site web ou de les fournir par correspondance ou par t\u00e9l\u00e9phone.<\/li><\/ul>\n\n\n\n<p><strong>Combien de temps conservons-nous vos donn\u00e9es?<\/strong><\/p>\n\n\n\n<p>Nous conservons vos donn\u00e9es dans la mesure o\u00f9 cela est n\u00e9cessaire \u00e0 la r\u00e9alisation des finalit\u00e9s pour lesquelles nous les traitons et pour une dur\u00e9e n\u2019exc\u00e9dant pas celle autoris\u00e9e par la loi.<\/p>\n\n\n\n<p><strong>Comment g\u00e9rons-nous la s\u00e9curit\u00e9 de vos donn\u00e9es?<\/strong><\/p>\n\n\n\n<p>Nous ne vendons pas vos donn\u00e9es et ne les fournissons \u00e0 des tiers que si cela est n\u00e9cessaire pour l&rsquo;ex\u00e9cution de notre contrat avec vous ou pour se conformer \u00e0 une obligation l\u00e9gale.<\/p>\n\n\n\n<p>Nous prenons au s\u00e9rieux la protection de vos donn\u00e9es et prenons toutes les mesures techniques et organisationnelles appropri\u00e9es qui permettent de garantir la confidentialit\u00e9 de vos donn\u00e9es \u00e0 caract\u00e8re personnel et de les prot\u00e9ger contre la perte, le vol, la mauvaise utilisation ainsi que contre l\u2019acc\u00e8s, la divulgation, l\u2019alt\u00e9ration et la destruction non autoris\u00e9s. Si vous avez l&rsquo;impression que vos donn\u00e9es ne sont pas correctement s\u00e9curis\u00e9es ou qu&rsquo;il existe des signes d&rsquo;abus, veuillez contacter notre notre responsable de la protection des donn\u00e9es \u00e0 l\u2019adresse e-mail suivante: <a href=\"mailto:fgb@combimotors.nl\">fgb@combimotors.nl<\/a><\/p>\n\n\n\n<p><strong>Votre visite de notre site<\/strong><\/p>\n\n\n\n<p>Lors de votre visite sur notre site Web, un cookie (petit fichier texte) est stock\u00e9 dans le navigateur de votre ordinateur, tablette ou smartphone. Nous utilisons des cookies avec une fonctionnalit\u00e9 purement technique. Celles-ci garantissent le bon fonctionnement du site Web et la m\u00e9morisation de vos param\u00e8tres pr\u00e9f\u00e9r\u00e9s, par exemple.<\/p>\n\n\n\n<p><strong>Consultation, modification ou suppression de vos donn\u00e9es personnelles<\/strong><\/p>\n\n\n\n<p>Vous avez le droit de consultation, demande de modification ou d\u2019effacement (sous r\u00e9serve des exigences l\u00e9gales de conservation) sur l\u2019ensemble de vos donn\u00e9es personnelles. De plus, vous avez aussi bien le droit de retirer votre consentement que de vous opposer au traitement de vos donn\u00e9es personnelles par nos soins. Vous avez \u00e9galement le droit de transf\u00e9rer vos donn\u00e9es \u00e0 caract\u00e8re personnel. Cela signifie que vous pouvez nous demander d&rsquo;envoyer les donn\u00e9es personnelles que nous avons sur vous dans un fichier informatique \u00e0 vous ou \u00e0 une autre organisation que vous avez mentionn\u00e9e. Vous pouvez envoyer une demande d&rsquo;acc\u00e8s, de rectification, de suppression, de transfert de vos donn\u00e9es personnelles ou de retrait de votre consentement ou d&rsquo;opposition au traitement de vos donn\u00e9es personnelles \u00e0 <a href=\"mailto:fgb@combimotors.nl\">fgb@combimotors.nl<\/a><\/p>\n\n\n\n<p>Afin d&rsquo;\u00eatre s\u00fbr que la demande d&rsquo;inspection a \u00e9t\u00e9 faite par vous, nous vous demandons de nous envoyer une copie de votre pi\u00e8ce d&rsquo;identit\u00e9 avec la demande. Sur cette copie, nous vous recommandons de masquer votre photo et votre num\u00e9ro du registre national. Ceci afin de prot\u00e9ger votre vie priv\u00e9e. Nous r\u00e9pondrons \u00e0 votre demande dans les plus brefs d\u00e9lais, mais dans un d\u00e9lai de quatre semaines maximum.<\/p>\n\n\n\n<p>Nous aimerions \u00e9galement signaler que vous avez la possibilit\u00e9 d\u2019introduire une r\u00e9clamation aupr\u00e8s de l\u2019Autorit\u00e9 belge de protection des donn\u00e9es (ABPD). Pour cela, vous pouvez vous connecter sur le site suivant: <a href=\"https:\/\/www.autoriteprotectiondonnees.be\/\">https:\/\/www.autoriteprotectiondonnees.be\/<\/a><\/p>\n\n\n\n<p><strong>Modification<\/strong><\/p>\n\n\n\n<p>Nous nous r\u00e9servons le droit de modifier \u00e0 tout moment la d\u00e9claration de confidentialit\u00e9, notamment pour l\u2019adapter \u00e0 la modification d\u2019un service ou des exigences l\u00e9gales et\/ou r\u00e9glementaires. Les modifications de cette d\u00e9claration de confidentialit\u00e9 entrent en vigueur au moment de leur publication. Nous vous invitons \u00e0 toujours consulter la version la plus r\u00e9cente.<\/p>\n\n\n\n<p>La pr\u00e9sente D\u00e9claration de confidentialit\u00e9 a \u00e9t\u00e9 modifi\u00e9e et r\u00e9vis\u00e9e pour la derni\u00e8re fois le 2 f\u00e9vrier 2021.<\/p>\n","protected":false},"excerpt":{"rendered":"<p>Qui sommes-nous? Combi Motors Verzekeringen BV Henry Dunantweg 30a 2402 NR Alphen aan den Rijn +31172-427035 fgb@combimotors.nl www.combimotors.nl Responsabilit\u00e9 Nous&#8230;<\/p>\n","protected":false},"author":1,"featured_media":8503,"parent":0,"menu_order":0,"comment_status":"closed","ping_status":"closed","template":"","meta":{"_acf_changed":false,"footnotes":""},"class_list":["post-168","page","type-page","status-publish","has-post-thumbnail","hentry"],"acf":[],"_links":{"self":[{"href":"https:\/\/solomoto.be\/fr\/wp-json\/wp\/v2\/pages\/168","targetHints":{"allow":["GET"]}}],"collection":[{"href":"https:\/\/solomoto.be\/fr\/wp-json\/wp\/v2\/pages"}],"about":[{"href":"https:\/\/solomoto.be\/fr\/wp-json\/wp\/v2\/types\/page"}],"author":[{"embeddable":true,"href":"https:\/\/solomoto.be\/fr\/wp-json\/wp\/v2\/users\/1"}],"replies":[{"embeddable":true,"href":"https:\/\/solomoto.be\/fr\/wp-json\/wp\/v2\/comments?post=168"}],"version-history":[{"count":4,"href":"https:\/\/solomoto.be\/fr\/wp-json\/wp\/v2\/pages\/168\/revisions"}],"predecessor-version":[{"id":8685,"href":"https:\/\/solomoto.be\/fr\/wp-json\/wp\/v2\/pages\/168\/revisions\/8685"}],"wp:featuredmedia":[{"embeddable":true,"href":"https:\/\/solomoto.be\/fr\/wp-json\/wp\/v2\/media\/8503"}],"wp:attachment":[{"href":"https:\/\/solomoto.be\/fr\/wp-json\/wp\/v2\/media?parent=168"}],"curies":[{"name":"wp","href":"https:\/\/api.w.org\/{rel}","templated":true}]}}