{"id":1663,"date":"2019-02-18T15:18:11","date_gmt":"2019-02-18T15:18:11","guid":{"rendered":"https:\/\/combimotors.nl\/?page_id=1663"},"modified":"2023-02-21T15:57:27","modified_gmt":"2023-02-21T14:57:27","slug":"assurer-honda","status":"publish","type":"page","link":"https:\/\/solomoto.be\/fr\/assurer-honda\/","title":{"rendered":"Assurer Honda"},"content":{"rendered":"<div class=\"wp-block-image\">\n<figure class=\"aligncenter size-large is-resized\"><img loading=\"lazy\" decoding=\"async\" src=\"https:\/\/solomoto.be\/wp-content\/uploads\/2022\/01\/8c14f9654a804681f033061d2f0d3a8f-1024x812.jpg\" alt=\"Honda, honda motorverzekering, honda verzekeren\" class=\"wp-image-3184\" width=\"256\" height=\"203\"\/><\/figure>\n<\/div>\n\n\n<h2 class=\"wp-block-heading\" id=\"honda-verzekeren-bij-solo-moto\">Assurez votre Honda avec Solo Moto<\/h2>\n\n\n\n<div class=\" cta-button\">\n\n\n<a id=\"cta-buttonblock_55e57b0d6e34d46cea3743f193defba1\" class=\"button block large\" href=\"https:\/\/premie.solomoto.be\/offertes\/nieuw\/1ad2cf00-fadc-4dfd-a2ae-8b030d565a87?label=solomoto&#038;lang=fr%20\">\n\t\n\t\n\t<span class=\"large\">Cliquez et calculez la prime pour votre Honda<\/span>\n\t\n\t<span class=\"small\">Obtenez l&rsquo;assurance id\u00e9ale en une minute !<\/span>\n\t\n<\/a>\n\n<\/div>\n\t\t\n<style type=\"text\/css\">\n\t#cta-buttonblock_55e57b0d6e34d46cea3743f193defba1 {\n\t\tbackground: #81d742;\n\t}\n\t\n\t#cta-buttonblock_55e57b0d6e34d46cea3743f193defba1:hover {\n\t\tbackground: #000000;\n\t}\n\t\n\t\n<\/style>\n\n\n\n\n<p>Rien de tel qu\u2019une belle journ\u00e9e de printemps ou d\u2019automne. Le soleil brille et la temp\u00e9rature est parfaite pour un apr\u00e8s-midi sur la moto. Dans ces moments-l\u00e0, vous \u00eates naturellement tr\u00e8s heureux avec votre Honda. Qu\u2019il s\u2019agisse d\u2019une Honda CBR600RR sportive, d\u2019une Honda Fireblade ou d\u2019une Honda Africatwin. Supposons que vous soyez pr\u00eat \u00e0 partir en croisi\u00e8re sur votre moto Honda. C\u2019est \u00e9vident que vous devez d\u2019abord avoir une assurance en r\u00e8gle. En Belgique c\u2019est obligatoire d\u2019assurer votre Honda pour rouler sur la voie publique. Heureusement, chez Solo Moto, assurer votre Honda se fait en un rien de temps. Pour assurer votre Honda vous devez nous fournir quelques donn\u00e9\u00e9s suppl\u00e9mentaires et r\u00e9pondre \u00e0 quelques questions. Ensuite, Solo Moto propose les garanties d\u2019assurances moto pour vous. Vous avez besoin d\u2019une assurance pour votre Honda rapidement ? Chez Solo Moto, la souscription d\u2019une assurance moto se fait instantan\u00e9ment en ligne. Calculez rapidement votre prime via ce lien.<\/p>\n\n\n\n<p>Afin de vous donner une id\u00e9e des tarifs pour les diff\u00e9rents mod\u00e8les &nbsp;Honda, nous avons \u00e9tabli &nbsp;une indication de primes menuelles, qui vous donne une id\u00e9e des co\u00fbts pour assurer votre Honda avec la RC et la Full Omnium :<\/p>\n\n\n\n<figure class=\"wp-block-table\"><table class=\"has-fixed-layout\"><tbody><tr><td><strong>Model<\/strong><\/td><td><strong>RC<\/strong><\/td><td><strong>RC + Full Omnium<\/strong><\/td><\/tr><tr><td>Honda VF750C Magna (1996)<\/td><td>\u00c0 partir de 16,63 \u20ac par mois<\/td><td>\u00c0 partir de 71,60 \u20ac par mois<\/td><\/tr><tr><td>Honda XL 600 V Transalp (1998) <\/td><td>\u00c0 partir de 16,63 \u20ac par mois<\/td><td>\u00c0 partir de 59,06 \u20ac par mois<\/td><\/tr><tr><td>Honda GL 1500 SE Gold Wing (2000)<\/td><td>\u00c0 partir de 16,63 \u20ac par mois<\/td><td>\u00c0 partir de 127,92 \u20ac par mois<\/td><\/tr><tr><td>Honda VFR 800fi (2008) <\/td><td>\u00c0 partir de 16,63 \u20ac par mois<\/td><td>\u00c0 partir de 90,92 \u20ac par mois<\/td><\/tr><tr><td>Honda CB 600 F Hornet (2010)<\/td><td>\u00c0 partir de 16,63 \u20ac par mois<\/td><td>\u00c0 partir de 57,06 \u20ac par mois<\/td><\/tr><tr><td>Honda CBR1000RR Fireblade (2010)<\/td><td>\u00c0 partir de 16,63 \u20ac par mois<\/td><td>\u00c0 partir de 107,22 \u20ac par mois<\/td><\/tr><tr><td>Honda ST1300 PN Pan European (2010)<\/td><td>\u00c0 partir de 16,63 \u20ac par mois<\/td><td>\u00c0 partir de 119,66 \u20ac par mois<\/td><\/tr><tr><td>Honda VFR 800X Crossrunner (2011)  <\/td><td>\u00c0 partir de 16,63 \u20ac par mois<\/td><td>\u00c0 partir de 83,88 \u20ac par mois<\/td><\/tr><tr><td>Honda CBR 650 F ABS (2016)<\/td><td>\u00c0 partir de 16,63 \u20ac par mois<\/td><td>\u00c0 partir de 67,18 \u20ac par mois<\/td><\/tr><tr><td>Honda CB 125 R (2020)<\/td><td>\u00c0 partir de 16,63 \u20ac par mois<\/td><td>\u00c0 partir de  43,03 \u20ac par mois<\/td><\/tr><tr><td><mark class=\"has-inline-color has-black-color\">Honda CB 500 F (2020) <\/mark><\/td><td>\u00c0 partir de 16,63 \u20ac par mois<\/td><td>\u00c0 partir de 55,68 \u20ac par mois<\/td><\/tr><tr><td>Honda GL 1800 Gold Wing (2020)<\/td><td>\u00c0 partir de 16,63 \u20ac par mois<\/td><td>\u00c0 partir de 169,22 \u20ac par mois<\/td><\/tr><tr><td>Honda NC 750 X-ADV (2020)  <\/td><td>\u00c0 partir de 16,63 \u20ac par mois<\/td><td>\u00c0 partir de 89,96 \u20ac par mois<\/td><\/tr><tr><td>Honda SH 300i (2020) <\/td><td>\u00c0 partir de 16,63 \u20ac par mois<\/td><td>\u00c0 partir de 50,18 \u20ac par mois<\/td><\/tr><\/tbody><\/table><figcaption class=\"wp-element-caption\">Veuillez noter : Pour le calcul de cette prime, nous avons pris en compte les facteurs suivants : 45 ans, 6 ans de permis moto, 0 accident, garage ferm\u00e9, serrure m\u00e9canique et pas d&rsquo;assurances suppl\u00e9mentaires. (derni\u00e8re mise \u00e0 jour 2-2022)<\/figcaption><\/figure>\n\n\n\n<h2 class=\"wp-block-heading\" id=\"de-kracht-van-dromen\">Le pouvoir des r\u00eaves<\/h2>\n\n\n\n<p>Le constructeur japonais Honda, ou Honda Giken Kogyo Kabushiki, a \u00e9t\u00e9 fond\u00e9 en septembre 1948. L\u2019entreprise a commenc\u00e9 \u00e0 produire des moteurs s\u00e9par\u00e9s destin\u00e9s \u00e0 \u00eatre incorpor\u00e9s dans les bicyclettes connues \u00e0 l\u2019\u00e9poque. Peu de temps apr\u00e8s, Honda est pass\u00e9 \u00e0 la cr\u00e9ation de motos \u00e0 part enti\u00e8re. En outre, Honda est devenu un nom \u00e9tabli dans le domaine de la course au fil des ans. L\u2019entreprise a connu le succ\u00e8s dans pratiquement toutes les branches du sport motoris\u00e9. Leur devise n\u2019est pas pour rien : \u201cLa puissance des r\u00eaves\u201d. Cela se refl\u00e8te \u00e9galement dans la conception des diff\u00e9rents v\u00e9hicules. \u00cates-vous en possession d\u2019une moto Honda aussi robuste ? Ensuite, vous devez bien s\u00fbr vous assurer que vous avez souscrit la bonne assurance Honda. Assurer votre Honda de la meilleure fa\u00e7on est quelque chose que vous pouvez facilement faire chez Solo Moto. Apr\u00e8s tout, nous sommes nous-m\u00eames des passionn\u00e9s de moto. Par cons\u00e9quent, nous comprenons vos souhaits et vos exigences. Il est donc beaucoup plus facile de trouver l\u2019assurance moto Honda la plus adapt\u00e9e.<\/p>\n\n\n<div class=\"wp-block-image\">\n<figure class=\"aligncenter\"><img decoding=\"async\" src=\"https:\/\/solomoto.be\/wp-content\/uploads\/2022\/01\/Honda-CBR500R-300x200.jpg\" alt=\"Honda CBR500R \" class=\"wp-image-3186\"\/><\/figure>\n<\/div>\n\n<div class=\"wp-block-image\">\n<figure class=\"aligncenter\"><img decoding=\"async\" src=\"https:\/\/solomoto.be\/wp-content\/uploads\/2022\/01\/Honda-Goldwing-300x200.jpg\" alt=\" Honda Goldwing \" class=\"wp-image-3187\"\/><\/figure>\n<\/div>\n\n\n<h2 class=\"wp-block-heading\" id=\"diverse-opties-honda-verzekeren\">Diff\u00e9rentes options d&rsquo;assurance Honda<\/h2>\n\n\n\n<p>Personne n\u2019ach\u00e8te une moto et ne passe ensuite des heures \u00e0 essayer de trouver la bonne assurance moto. Toutefois, avant de pouvoir rouler, vous devez d\u2019abord assurer votre Honda. Sinon, vous ne pouvez pas conduire sur la voie publique. Comme il n\u2019y a pas deux motos identiques, il existe plusieurs options parmi lesquelles vous pouvez choisir pour assurer votre Honda. Il est ainsi possible de choisir la meilleure assurance moto Honda. Pr\u00e9f\u00e9rez-vous seulement une assurance de base ? Dans ce cas, une police Responsabilit\u00e9 civile (RC) pour votre moto Honda est suffisante. Vous n\u2019\u00eates pas couvert pour les types de dommages les plus courants. Vous pouvez donc \u00e9galement envisager une RC avec Mini Omnium ou une RC + Full Omnium TOP pour votre v\u00e9hicule. En outre, vous pouvez assurer votre Honda avec toutes sortes de couvertures suppl\u00e9mentaires. Assurer votre Honda de la mani\u00e8re la plus optimale peut prendre beaucoup de temps mais heureusement, Solo Moto vous facilite la t\u00e2che !<\/p>\n\n\n\n\n<div class=\"wp-block-image\">\n<figure class=\"aligncenter\"><img decoding=\"async\" src=\"https:\/\/solomoto.be\/wp-content\/uploads\/2022\/01\/Honda-CB1000F-300x200.jpg\" alt=\"Honda CB1000F \" class=\"wp-image-3189\"\/><\/figure>\n<\/div>\n\n\n<h2 class=\"wp-block-heading\" id=\"direct-online-uw-honda-verzekeren\">Assurez votre Honda directement en ligne<\/h2>\n\n\n\n<p>Avec Solo Moto, choisir et souscrire une assurance moto Honda est si simple qu\u2019un jeu d\u2019enfant. Pour pouvoir calculer la prime, vous devez fournir des informations compl\u00e9mentaires et r\u00e9pondre \u00e0 quelques questions. Avec les informations donn\u00e9es, Solo Moto commence imm\u00e9diatement \u00e0 trouver la meilleure garantie d\u2019assurance pour votre moto Honda. Apr\u00e8s cela, vous pouvez imm\u00e9diatement assurer votre Honda aupr\u00e8s de Solo Moto. Vous avez du mal \u00e0 assurer vous-m\u00eame votre Honda ? Vous avez besoin d\u2019aide ? Dans ce cas, veuillez nous contacter par t\u00e9l\u00e9phone au 03\/808.49.95 ou envoyez un mail \u00e0 info@solomoto.be<\/p>\n\n\n<div class=\"wp-block-image\">\n<figure class=\"aligncenter\"><img decoding=\"async\" src=\"https:\/\/solomoto.be\/wp-content\/uploads\/2022\/01\/Honda-CB100R-300x200.jpg\" alt=\"Honda motorverzekering, honda cb1000r verzekeren\" class=\"wp-image-3188\"\/><\/figure>\n<\/div>\n\n\n<p>Quelques-uns des mod\u00e8les de Honda :<\/p>\n\n\n\n<div class=\"wp-block-columns is-layout-flex wp-container-core-columns-is-layout-9d6595d7 wp-block-columns-is-layout-flex\">\n<div class=\"wp-block-column is-layout-flow wp-block-column-is-layout-flow\">\n<figure class=\"wp-block-image size-large\"><img decoding=\"async\" src=\"https:\/\/solomoto.be\/wp-content\/uploads\/2022\/01\/128926_2018_HONDA_CB1000R.jpg\" alt=\"Honda CB1000R\" class=\"wp-image-4041\"\/><figcaption class=\"wp-element-caption\">Honda CB1000R<\/figcaption><\/figure>\n\n\n\n<figure class=\"wp-block-image size-large\"><img decoding=\"async\" src=\"https:\/\/solomoto.be\/wp-content\/uploads\/2022\/01\/134430_CB300R-1024x683.jpg\" alt=\"Honda CB300R\" class=\"wp-image-4044\"\/><figcaption class=\"wp-element-caption\">Honda CB300R<\/figcaption><\/figure>\n\n\n\n<figure class=\"wp-block-image size-large\"><img decoding=\"async\" src=\"https:\/\/solomoto.be\/wp-content\/uploads\/2022\/01\/155758_2019_CB500F-1024x767.jpg\" alt=\"Honda CB500F\" class=\"wp-image-4049\"\/><figcaption class=\"wp-element-caption\">Honda CB500F<\/figcaption><\/figure>\n\n\n\n<figure class=\"wp-block-image size-large\"><img decoding=\"async\" src=\"https:\/\/solomoto.be\/wp-content\/uploads\/2022\/01\/161096_2019_CBR650R-1024x683.jpg\" alt=\"Honda CBR650R\" class=\"wp-image-4052\"\/><figcaption class=\"wp-element-caption\">Honda CBR650R<\/figcaption><\/figure>\n\n\n\n<figure class=\"wp-block-image size-large\"><img decoding=\"async\" src=\"https:\/\/solomoto.be\/wp-content\/uploads\/2022\/01\/200309_2020_HONDA_FIREBLADE_CBR1000RR-R_CBR1000RR-R_SP-1024x683.jpg\" alt=\"Honda Fire-blade CBR1000RR\" class=\"wp-image-4054\"\/><figcaption class=\"wp-element-caption\">Honda Fire-blade CBR1000RR<\/figcaption><\/figure>\n\n\n\n\n\n<figure class=\"wp-block-image size-large\"><img decoding=\"async\" src=\"https:\/\/solomoto.be\/wp-content\/uploads\/2022\/01\/305920_Honda_reaches_ten_years_of_production_of_Dual_Clutch_Transmission-1024x845.jpg\" alt=\"Honda VFR 1200X DCT\" class=\"wp-image-4061\"\/><figcaption class=\"wp-element-caption\">Honda VFR 1200X DCT<\/figcaption><\/figure>\n<\/div>\n\n\n\n<div class=\"wp-block-column is-layout-flow wp-block-column-is-layout-flow\">\n<figure class=\"wp-block-image size-large\"><img decoding=\"async\" src=\"https:\/\/solomoto.be\/wp-content\/uploads\/2022\/01\/130364_2018_HONDA_PCX125-1024x683.jpg\" alt=\"Honda PCX125\" class=\"wp-image-4042\"\/><figcaption class=\"wp-element-caption\">Honda PCX125<\/figcaption><\/figure>\n\n\n\n<figure class=\"wp-block-image size-large\"><img decoding=\"async\" src=\"https:\/\/solomoto.be\/wp-content\/uploads\/2022\/01\/136068_2018_Forza_125-1024x683.jpg\" alt=\"Honda Forza 125\" class=\"wp-image-4045\"\/><figcaption class=\"wp-element-caption\">Honda Forza 125<\/figcaption><\/figure>\n\n\n\n<figure class=\"wp-block-image size-large\"><img decoding=\"async\" src=\"https:\/\/solomoto.be\/wp-content\/uploads\/2022\/01\/136571_2018_Monkey-1024x683.jpg\" alt=\"Honda Monkey\" class=\"wp-image-4047\"\/><figcaption class=\"wp-element-caption\">Honda Monkey<\/figcaption><\/figure>\n\n\n\n<figure class=\"wp-block-image size-large\"><img decoding=\"async\" src=\"https:\/\/solomoto.be\/wp-content\/uploads\/2022\/01\/155854_2019_CB500X-1024x683.jpg\" alt=\"Honda CB500X\" class=\"wp-image-4050\"\/><figcaption class=\"wp-element-caption\">Honda CB500X<\/figcaption><\/figure>\n\n\n\n<figure class=\"wp-block-image size-large\"><img decoding=\"async\" src=\"https:\/\/solomoto.be\/wp-content\/uploads\/2022\/01\/189564_20YM_Africa_Twin_Adventure_Sports-1024x768.jpg\" alt=\"Honda Africa Twin\" class=\"wp-image-4053\"\/><figcaption class=\"wp-element-caption\">Honda Africa Twin<\/figcaption><\/figure>\n\n\n\n<figure class=\"wp-block-image size-large is-resized\"><img loading=\"lazy\" decoding=\"async\" src=\"https:\/\/solomoto.be\/wp-content\/uploads\/2022\/01\/118825_2018_X-ADV-1024x683.jpg\" alt=\"Honda X-ADV\" class=\"wp-image-4056\" width=\"256\" height=\"170\"\/><figcaption class=\"wp-element-caption\">Honda X-ADV<\/figcaption><\/figure>\n\n\n\n<figure class=\"wp-block-image size-large\"><img decoding=\"async\" src=\"https:\/\/solomoto.be\/wp-content\/uploads\/2022\/01\/305919_Honda_reaches_ten_years_of_production_of_Dual_Clutch_Transmission-1024x846.jpg\" alt=\"Honda VFR1200F\" class=\"wp-image-4063\"\/><figcaption class=\"wp-element-caption\">Honda VFR1200F<\/figcaption><\/figure>\n\n\n\n<figure class=\"wp-block-image size-large\"><img decoding=\"async\" src=\"https:\/\/solomoto.be\/wp-content\/uploads\/2022\/01\/315054_2021_HONDA_NC750X-1024x576.jpg\" alt=\"Honda NC750X (2021)\" class=\"wp-image-4796\"\/><figcaption class=\"wp-element-caption\">Honda NC750X (2021)<\/figcaption><\/figure>\n<\/div>\n\n\n\n<div class=\"wp-block-column is-layout-flow wp-block-column-is-layout-flow\">\n<figure class=\"wp-block-image size-large\"><img decoding=\"async\" src=\"https:\/\/solomoto.be\/wp-content\/uploads\/2022\/01\/133151_2014_VFR800F-1024x683.jpg\" alt=\"Honda VFR800F\" class=\"wp-image-4043\"\/><figcaption class=\"wp-element-caption\">Honda VFR800F<\/figcaption><\/figure>\n\n\n\n<figure class=\"wp-block-image size-large\"><img decoding=\"async\" src=\"https:\/\/solomoto.be\/wp-content\/uploads\/2022\/01\/136144_2018_Honda_Forza_300-1024x683.jpg\" alt=\"Honda Forza 300\" class=\"wp-image-4046\"\/><figcaption class=\"wp-element-caption\">Honda Forza 300<\/figcaption><\/figure>\n\n\n\n<figure class=\"wp-block-image size-large is-resized\"><img loading=\"lazy\" decoding=\"async\" src=\"https:\/\/solomoto.be\/wp-content\/uploads\/2022\/01\/154304_CRF450L-1024x683.jpg\" alt=\"Honda CRF450L\" class=\"wp-image-4048\" width=\"278\" height=\"184\"\/><figcaption class=\"wp-element-caption\">Honda CRF450L<\/figcaption><\/figure>\n\n\n\n<figure class=\"wp-block-image size-large is-resized\"><img loading=\"lazy\" decoding=\"async\" src=\"https:\/\/solomoto.be\/wp-content\/uploads\/2022\/01\/161049_2019_CB650R.jpg\" alt=\"Honda CB650R\" class=\"wp-image-4051\" width=\"263\" height=\"399\"\/><figcaption class=\"wp-element-caption\">Honda CB650R<\/figcaption><\/figure>\n\n\n\n<figure class=\"wp-block-image size-large\"><img decoding=\"async\" src=\"https:\/\/solomoto.be\/wp-content\/uploads\/2022\/01\/115611_2018_GL1800_Gold_Wing_Tour-1024x611.jpg\" alt=\"Honda GL1800 Gold Wing\" class=\"wp-image-4055\"\/><figcaption class=\"wp-element-caption\">Honda GL1800 Gold Wing<\/figcaption><\/figure>\n\n\n\n<figure class=\"wp-block-image size-large is-resized\"><img loading=\"lazy\" decoding=\"async\" src=\"https:\/\/solomoto.be\/wp-content\/uploads\/2022\/01\/128607_2018_Honda_CB125R-1024x683.jpg\" alt=\"Honda CB125 R\" class=\"wp-image-4057\" width=\"283\" height=\"189\"\/><figcaption class=\"wp-element-caption\">Honda CB125 R<\/figcaption><\/figure>\n\n\n\n<figure class=\"wp-block-image size-large\"><img decoding=\"async\" src=\"https:\/\/solomoto.be\/wp-content\/uploads\/2022\/01\/305918_Honda_reaches_ten_years_of_production_of_Dual_Clutch_Transmission-1024x845.jpg\" alt=\"Honda NC700X\" class=\"wp-image-4062\"\/><figcaption class=\"wp-element-caption\">Honda NC700X<\/figcaption><\/figure>\n\n\n\n<figure class=\"wp-block-image size-large\"><img decoding=\"async\" src=\"https:\/\/solomoto.be\/wp-content\/uploads\/2022\/01\/314687_2021_HONDA_CB1000R-1024x683.jpg\" alt=\"Honda CB100R (2021)\" class=\"wp-image-4842\"\/><figcaption class=\"wp-element-caption\">Honda CB100R (2021)<\/figcaption><\/figure>\n<\/div>\n<\/div>\n\n\n\n<p><\/p>\n","protected":false},"excerpt":{"rendered":"<p>Assurez votre Honda avec Solo Moto Rien de tel qu\u2019une belle journ\u00e9e de printemps ou d\u2019automne. Le soleil brille et&#8230;<\/p>\n","protected":false},"author":1,"featured_media":8563,"parent":0,"menu_order":0,"comment_status":"closed","ping_status":"closed","template":"","meta":{"_acf_changed":false,"footnotes":""},"class_list":["post-1663","page","type-page","status-publish","has-post-thumbnail","hentry"],"acf":[],"_links":{"self":[{"href":"https:\/\/solomoto.be\/fr\/wp-json\/wp\/v2\/pages\/1663","targetHints":{"allow":["GET"]}}],"collection":[{"href":"https:\/\/solomoto.be\/fr\/wp-json\/wp\/v2\/pages"}],"about":[{"href":"https:\/\/solomoto.be\/fr\/wp-json\/wp\/v2\/types\/page"}],"author":[{"embeddable":true,"href":"https:\/\/solomoto.be\/fr\/wp-json\/wp\/v2\/users\/1"}],"replies":[{"embeddable":true,"href":"https:\/\/solomoto.be\/fr\/wp-json\/wp\/v2\/comments?post=1663"}],"version-history":[{"count":39,"href":"https:\/\/solomoto.be\/fr\/wp-json\/wp\/v2\/pages\/1663\/revisions"}],"predecessor-version":[{"id":8895,"href":"https:\/\/solomoto.be\/fr\/wp-json\/wp\/v2\/pages\/1663\/revisions\/8895"}],"wp:featuredmedia":[{"embeddable":true,"href":"https:\/\/solomoto.be\/fr\/wp-json\/wp\/v2\/media\/8563"}],"wp:attachment":[{"href":"https:\/\/solomoto.be\/fr\/wp-json\/wp\/v2\/media?parent=1663"}],"curies":[{"name":"wp","href":"https:\/\/api.w.org\/{rel}","templated":true}]}}