{"id":166,"date":"2021-12-24T12:03:46","date_gmt":"2021-12-24T12:03:46","guid":{"rendered":"https:\/\/solomoto.be\/?page_id=166"},"modified":"2022-02-24T14:06:09","modified_gmt":"2022-02-24T13:06:09","slug":"declaration-sur-les-cookies","status":"publish","type":"page","link":"https:\/\/solomoto.be\/fr\/declaration-sur-les-cookies\/","title":{"rendered":"D\u00e9claration sur les cookies"},"content":{"rendered":"\n<p>Ce site utilise des cookies et des technologies similaires (\u00ab\u00a0cookies\u00a0\u00bb) pour analyser son utilisation, pour offrir une exp\u00e9rience utilisateur optimale et pour adapter le contenu et la publicit\u00e9 \u00e0 vos pr\u00e9f\u00e9rences. Des cookies de tiers sont \u00e9galement utilis\u00e9s \u00e0 cette fin. En quittant ce message, vous y consentez.<\/p>\n\n\n\n<p>Notre objectif est de fournir aux visiteurs de nos sites web des informations aussi pertinentes que possible pour eux. C&rsquo;est pourquoi nous essayons d&rsquo;adapter autant que possible nos sites \u00e0 chaque visiteur. Nous le faisons non seulement \u00e0 travers le contenu de nos sites web, mais aussi \u00e0 travers les publicit\u00e9s qui sont affich\u00e9es. Les tiers qui placent des cookies sur notre site web peuvent \u00e9galement essayer de trouver vos int\u00e9r\u00eats de cette mani\u00e8re. Les informations relatives \u00e0 votre visite actuelle du site web peuvent dans ce cas \u00eatre combin\u00e9es avec des informations provenant de visites pr\u00e9c\u00e9dentes sur des sites web autres que le n\u00f4tre.<\/p>\n\n\n\n<p>Si ces cookies ne sont pas utilis\u00e9s, cela ne signifie pas que vous ne verrez plus de publicit\u00e9s sur notre site. C&rsquo;est juste que les publicit\u00e9s ne seront plus adapt\u00e9es \u00e0 vos int\u00e9r\u00eats. Ces cookies rendent cela possible :<\/p>\n\n\n\n<ol class=\"wp-block-list\"><li>les sites web enregistrent votre visite afin d&rsquo;estimer vos int\u00e9r\u00eats<\/li><li>il est possible de v\u00e9rifier si vous avez cliqu\u00e9 sur une publicit\u00e9<\/li><li>les informations relatives \u00e0 votre comportement de navigation sont transmises \u00e0 d&rsquo;autres sites web.<\/li><li>nous utilisons les services de tiers pour vous montrer des publicit\u00e9s.<\/li><li>en fonction de votre utilisation des m\u00e9dias sociaux, des publicit\u00e9s plus int\u00e9ressantes sont affich\u00e9es.<\/li><\/ol>\n\n\n\n<p>Vous trouverez ci-dessous la liste des cookies, les donn\u00e9es collect\u00e9es et la dur\u00e9e de leur utilisation.<\/p>\n\n\n\n<figure class=\"wp-block-table\"><table><tbody><tr><td><strong>Cookies<\/strong><\/td><td><strong>Domaine<\/strong><\/td><td><strong>Cookie de type<\/strong><\/td><td><strong>Dur\u00e9e<\/strong><\/td><\/tr><tr><td>D7.js<\/td><td>tb.de17a.com<\/td><td><strong>Insight\/publicit\u00e9 :\u00a0Afin de fournir une publicit\u00e9 comportementale en ligne, des informations sur le comportement de navigation des utilisateurs sont stock\u00e9es. Ces informations peuvent inclure des donn\u00e9es sur le syst\u00e8me d&rsquo;exploitation de l&rsquo;utilisateur et la version du navigateur. Les informations peuvent \u00e9galement inclure des \u00e9v\u00e9nements li\u00e9s \u00e0 la plateforme Delta Projects, tels que les publicit\u00e9s qui ont \u00e9t\u00e9 montr\u00e9es \u00e0 l&rsquo;utilisateur, dans quel contexte ou \u00e0 quel moment de la journ\u00e9e.<\/strong><\/td><td>1 jaar<\/td><\/tr><\/tbody><\/table><\/figure>\n\n\n\n<p>Pour les cookies que nos tiers placent et les \u00e9ventuelles donn\u00e9es qu&rsquo;ils collectent, nous nous r\u00e9f\u00e9rons aux d\u00e9clarations que ces parties fournissent sur leurs propres sites web ; voir les liens ci-dessous. Veuillez noter que ces d\u00e9clarations peuvent changer r\u00e9guli\u00e8rement. Nous n&rsquo;avons aucune influence sur ce point.<\/p>\n","protected":false},"excerpt":{"rendered":"<p>Ce site utilise des cookies et des technologies similaires (\u00ab\u00a0cookies\u00a0\u00bb) pour analyser son utilisation, pour offrir une exp\u00e9rience utilisateur optimale&#8230;<\/p>\n","protected":false},"author":1,"featured_media":0,"parent":0,"menu_order":0,"comment_status":"closed","ping_status":"closed","template":"","meta":{"_acf_changed":false,"footnotes":""},"class_list":["post-166","page","type-page","status-publish","hentry"],"acf":[],"_links":{"self":[{"href":"https:\/\/solomoto.be\/fr\/wp-json\/wp\/v2\/pages\/166","targetHints":{"allow":["GET"]}}],"collection":[{"href":"https:\/\/solomoto.be\/fr\/wp-json\/wp\/v2\/pages"}],"about":[{"href":"https:\/\/solomoto.be\/fr\/wp-json\/wp\/v2\/types\/page"}],"author":[{"embeddable":true,"href":"https:\/\/solomoto.be\/fr\/wp-json\/wp\/v2\/users\/1"}],"replies":[{"embeddable":true,"href":"https:\/\/solomoto.be\/fr\/wp-json\/wp\/v2\/comments?post=166"}],"version-history":[{"count":2,"href":"https:\/\/solomoto.be\/fr\/wp-json\/wp\/v2\/pages\/166\/revisions"}],"predecessor-version":[{"id":7956,"href":"https:\/\/solomoto.be\/fr\/wp-json\/wp\/v2\/pages\/166\/revisions\/7956"}],"wp:attachment":[{"href":"https:\/\/solomoto.be\/fr\/wp-json\/wp\/v2\/media?parent=166"}],"curies":[{"name":"wp","href":"https:\/\/api.w.org\/{rel}","templated":true}]}}