{"id":164,"date":"2021-12-24T12:03:02","date_gmt":"2021-12-24T12:03:02","guid":{"rendered":"https:\/\/solomoto.be\/?page_id=164"},"modified":"2022-10-12T08:42:33","modified_gmt":"2022-10-12T07:42:33","slug":"avis-de-non-responsabilite","status":"publish","type":"page","link":"https:\/\/solomoto.be\/fr\/avis-de-non-responsabilite\/","title":{"rendered":"Avis de non responsabilite"},"content":{"rendered":"\n<p><strong>Responsabilit\u00e9 du contenu<\/strong><\/p>\n\n\n\n<p>Solo Moto s&rsquo;efforce de faire en sorte que toutes les informations figurant sur ce site soient actuelles et correctes. Toutefois, aucun droit ne peut \u00eatre d\u00e9duit des informations fournies. Solo Moto et (\u00e9ventuellement) les autres fournisseurs d&rsquo;informations de ce(s) site(s) n&rsquo;acceptent aucune responsabilit\u00e9 pour le contenu de ce(s) site(s) et les informations fournies sur celui-ci\/ceux-ci. Solo Moto d\u00e9cline \u00e9galement toute responsabilit\u00e9 quant au contenu des sites non g\u00e9r\u00e9s par Solo Moto et auxquels il est fait r\u00e9f\u00e9rence ou qui renvoient au site (ou aux sites) de Solo Moto.<\/p>\n\n\n\n<p>Solo Moto se r\u00e9serve le droit de v\u00e9rifier les donn\u00e9es de l&rsquo;offre que vous avez fournies et, en cas de d\u00e9claration incorrecte, de les adapter \u00e0 la prime ou \u00e0 l&rsquo;offre actuelle. Aucun droit ne peut \u00eatre tir\u00e9 des calculs de primes figurant sur le site web de Solo Moto.<\/p>\n\n\n\n<p><strong>L\u00e9gislation<\/strong><br>La l\u00e9gislation dans le domaine du commerce \u00e9lectronique est toujours en cours. Des informations sur la l\u00e9gislation n\u00e9erlandaise et les activit\u00e9s du gouvernement dans le domaine du commerce \u00e9lectronique peuvent \u00eatre consult\u00e9es sur le site web du minist\u00e8re des affaires \u00e9conomiques. Solo Moto suit de pr\u00e8s les \u00e9volutions et adapte sa politique et ses activit\u00e9s \u00e0 la l\u00e9gislation europ\u00e9enne et n\u00e9erlandaise en vigueur.<\/p>\n\n\n\n<p><strong>Droits d&rsquo;auteur<\/strong><br>Il est interdit de diffuser les informations publi\u00e9es sur ce site web sans l&rsquo;autorisation \u00e9crite pr\u00e9alable de Solo Moto . Aucun \u00e9l\u00e9ment de ce site ne peut \u00eatre multipli\u00e9, \u00e0 l&rsquo;exception des brochures qui peuvent \u00eatre t\u00e9l\u00e9charg\u00e9es et\/ou imprim\u00e9es par le visiteur du site, pour son propre usage et exclusivement dans le but pour lequel l&rsquo;information a \u00e9t\u00e9 mise \u00e0 disposition.<\/p>\n","protected":false},"excerpt":{"rendered":"<p>Responsabilit\u00e9 du contenu Solo Moto s&rsquo;efforce de faire en sorte que toutes les informations figurant sur ce site soient actuelles&#8230;<\/p>\n","protected":false},"author":1,"featured_media":8494,"parent":0,"menu_order":0,"comment_status":"closed","ping_status":"closed","template":"","meta":{"_acf_changed":false,"footnotes":""},"class_list":["post-164","page","type-page","status-publish","has-post-thumbnail","hentry"],"acf":[],"_links":{"self":[{"href":"https:\/\/solomoto.be\/fr\/wp-json\/wp\/v2\/pages\/164","targetHints":{"allow":["GET"]}}],"collection":[{"href":"https:\/\/solomoto.be\/fr\/wp-json\/wp\/v2\/pages"}],"about":[{"href":"https:\/\/solomoto.be\/fr\/wp-json\/wp\/v2\/types\/page"}],"author":[{"embeddable":true,"href":"https:\/\/solomoto.be\/fr\/wp-json\/wp\/v2\/users\/1"}],"replies":[{"embeddable":true,"href":"https:\/\/solomoto.be\/fr\/wp-json\/wp\/v2\/comments?post=164"}],"version-history":[{"count":7,"href":"https:\/\/solomoto.be\/fr\/wp-json\/wp\/v2\/pages\/164\/revisions"}],"predecessor-version":[{"id":8836,"href":"https:\/\/solomoto.be\/fr\/wp-json\/wp\/v2\/pages\/164\/revisions\/8836"}],"wp:featuredmedia":[{"embeddable":true,"href":"https:\/\/solomoto.be\/fr\/wp-json\/wp\/v2\/media\/8494"}],"wp:attachment":[{"href":"https:\/\/solomoto.be\/fr\/wp-json\/wp\/v2\/media?parent=164"}],"curies":[{"name":"wp","href":"https:\/\/api.w.org\/{rel}","templated":true}]}}