{"id":1621,"date":"2019-02-13T09:01:13","date_gmt":"2019-02-13T09:01:13","guid":{"rendered":"https:\/\/combimotors.nl\/?page_id=1621"},"modified":"2023-06-28T13:50:20","modified_gmt":"2023-06-28T12:50:20","slug":"assurance-bmw","status":"publish","type":"page","link":"https:\/\/solomoto.be\/fr\/assurance-bmw\/","title":{"rendered":"Assurer BMW"},"content":{"rendered":"<h2><img loading=\"lazy\" decoding=\"async\" class=\"aligncenter wp-image-3160 size-full\" src=\"https:\/\/solomoto.be\/wp-content\/uploads\/2022\/01\/bmw_motorrad_logo.png.asset_.1572270945089.png\" alt=\"BMW, BMW motor verzekeren, BMW verzekeren\" width=\"555\" height=\"119\" \/><\/h2>\n<h2>Assurer votre BMW chez Solo Moto<\/h2>\n\n\n<div class=\"aligncenter cta-button\">\n\n\n<a id=\"cta-buttonblock_5f95f4cefc015401e25483ffbce064e6\" class=\"button block large\" href=\"https:\/\/premie.solomoto.be\/offertes\/nieuw\/1ad2cf00-fadc-4dfd-a2ae-8b030d565a87?label=solomoto&#038;lang=fr%20\">\n\t\n\t\n\t<span class=\"large\">Calculez ici votre prime pour votre BMW<\/span>\n\t\n\t<span class=\"small\">Calculer votre prime en 1 minute<\/span>\n\t\n<\/a>\n\n<\/div>\n\t\t\n<style type=\"text\/css\">\n\t#cta-buttonblock_5f95f4cefc015401e25483ffbce064e6 {\n\t\tbackground: #81d742;\n\t}\n\t\n\t#cta-buttonblock_5f95f4cefc015401e25483ffbce064e6:hover {\n\t\tbackground: #000000;\n\t}\n\t\n\t\n<\/style>\n\n\n\n\n<p><a href=\"https:\/\/solomoto.be\/fr\/calcul-de-la-prime\/\"><br><\/a>Vous souhaitez souscrire une assurance moto? Solo Moto trouve en quelques minutes l\u2019assurance qui vous convient le mieux en tant que motocycliste. Il existe de nombreux types diff\u00e9rents de motocyclistes. Heureusement, il existe encore plus de marques et de types de motos diff\u00e9rents. Quelle que soit la moto que vous achetez ou poss\u00e9dez, le v\u00e9hicule doit dans tous les cas \u00eatre assur\u00e9. Voulez-vous assurer une BMW R1200GS, une BMW R1200 RT ou une BMW F900XR ? Chez Solo Moto vous pouvez trouver la meilleure option pour votre assurance BMW. Muni de vos coordonn\u00e9es, nous examinos les diff\u00e9rentes garanties d\u2019assurance. Alors n\u2019attendez plus et remplissez imm\u00e9diatement vos coordonn\u00e9es pour obtenir la bonne prime!<\/p>\n\n\n\n<p>Pour vous donner une id\u00e9e de la prime mensuelle pour votre moto BMW nous avons calcul\u00e9 quelques exemples pour l\u2019assurance RC et Full Omnium :<\/p>\n\n\n\n<figure class=\"wp-block-table\"><table class=\"has-fixed-layout\"><thead><tr><th>Model<\/th><th>RC<\/th><th>RC+ Full Omnium<\/th><\/tr><\/thead><tbody><tr><td>BMW F900XR (2020) <\/td><td>\u00c0 partir de 16,63 \u20ac par mois<\/td><td>\u00c0 partir de 86,69 \u20ac par mois<\/td><\/tr><tr><td>BMW F900R (2020) <\/td><td>\u00c0 partir de 16,63 \u20ac par mois<\/td><td>\u00c0 partir de 117,66 \u20ac par mois<\/td><\/tr><tr><td>BMW R1250 GS (2020) <\/td><td>\u00c0 partir de 16,63 \u20ac par mois<\/td><td>\u00c0 partir de 74,56 \u20ac par mois<\/td><\/tr><tr><td>BMW R1200 GS Adventure (2017) <\/td><td>\u00c0 partir de 16,63 \u20ac par mois<\/td><td>\u00c0 partir de 117,62 \u20ac par mois<\/td><\/tr><tr><td>BMW R1250 RT (2020) <\/td><td>\u00c0 partir de 16,63 \u20ac par mois<\/td><td>\u00c0 partir de 125,50 \u20ac par mois<\/td><\/tr><tr><td>BMW G310R (2020) <\/td><td>\u00c0 partir de 16,63 \u20ac par mois<\/td><td>\u00c0 partir de 48,01 \u20ac par mois<\/td><\/tr><tr><td>BMW R-NineT (2020) <\/td><td>\u00c0 partir de 16,63 \u20ac par mois<\/td><td>\u00c0 partir de 110,02 \u20ac par mois<\/td><\/tr><tr><td>BMW F850 GS (2020) <\/td><td>\u00c0 partir de 16,63 \u20ac par mois<\/td><td>\u00c0 partir de 91,76\u20ac par mois<\/td><\/tr><tr><td>BMW F750 GS (2020)<\/td><td>\u00c0 partir de 16,63 \u20ac par mois<\/td><td>\u00c0 partir de 75,83 \u20ac par mois<\/td><\/tr><\/tbody><\/table><figcaption class=\"wp-element-caption\">Veuillez noter : Pour le calcul de cette prime, nous avons pris en compte les facteurs suivants : 45 ans, 6 ans de permis moto, 0 accident, garage ferm\u00e9, serrure m\u00e9canique et pas d&rsquo;assurances suppl\u00e9mentaires. (derni\u00e8re mise \u00e0 jour 2-2022)<\/figcaption><\/figure>\n\n\n\n<h2 class=\"wp-block-heading\" id=\"internationaal-gerenommeerd-merk\">Marque de renomm\u00e9e internationale<\/h2>\n\n\n\n<p>BMW, ou Bayerische Motoren Werke, est une marque allemande qui existe depuis 1912. L\u2019entreprise a produit toutes sortes de v\u00e9hicules au fil des ann\u00e9es. Apr\u00e8s la seconde Guerre mondiale, l\u2019accent est mis sur le d\u00e9veloppement et la cr\u00e9ation de motos. Pour ses motos, BMW utilise une marque distincte, \u00e0 savoir BMW Motorrad. Lorsque vous poss\u00e9dez une belle moto BMW, vous souhaitez naturellement la meilleure assurance pour votre v\u00e9hicule. Chez Solo Moto, nous sommes tous des passionn\u00e9s de moto et des motocyclistes. Nous sommes donc &nbsp;heureux de vous aider \u00e0 souscrire votre assurance BMW sans souci.<\/p>\n\n\n<div class=\"wp-block-image\">\n<figure class=\"aligncenter\"><img decoding=\"async\" src=\"https:\/\/solomoto.be\/wp-content\/uploads\/2022\/01\/BMW-R1250-GS-300x200.jpg\" alt=\"BMW, BMW motorverzekering, BMW R1250 GS verzekeren\" class=\"wp-image-3163\"\/><\/figure>\n<\/div>\n\n\n<h2 class=\"wp-block-heading\" id=\"bmw-verzekeren-en-de-diverse-opties\">L&rsquo;assurance BMW et les diff\u00e9rentes options<\/h2>\n\n\n\n<p>En tant que propri\u00e9taire d\u2019une nouvelle BMW, vous ne voulez pas perdre trop de temps \u00e0 chercher une assurance moto. Naturellement, vous pr\u00e9f\u00e9rez conduire imm\u00e9diatement. Cependant, vous devez assurer votre BMW avant de rouler sur la voie publique. Bien s\u00fbr, chaque motocycliste est diff\u00e9rent. C\u2019est pourquoi il existe de nombreuses options en mati\u00e8re d\u2019assurance BMW que vous pouvez souscrire.<\/p>\n\n\n\n<p>Voulez-vous une assurance de base? Dans ce cas, une responsabilit\u00e9 civile (RC) est suffisante. Pour une couverture plus compl\u00e8te, vous pouvez envisager une RC avec Mini Omnium. Les assurances RC + Full Omnium et RC + Full Omnium Top sont \u00e9galement une option pour votre assurance moto BMW. Pour votre BMW il y a plusieurs couvertures possibles. Trouver la bonne assurance moto pour votre BMW est donc assez compliqu\u00e9 et peut prendre beaucoup plus de temps que vous l\u2019aviez estim\u00e9 au d\u00e9part. Mais ce n\u2019est pas forc\u00e9ment le cas !<\/p>\n\n\n\n\n<div class=\"wp-block-image\">\n<figure class=\"aligncenter is-resized\"><img loading=\"lazy\" decoding=\"async\" src=\"https:\/\/solomoto.be\/wp-content\/uploads\/2022\/01\/BMW-R1200R-300x200.jpg\" alt=\"BMW, BMW motorverzekering, BMW R1200R verzekeren\" class=\"wp-image-3164\" width=\"300\" height=\"200\"\/><\/figure>\n<\/div>\n\n\n<h2 class=\"wp-block-heading\" id=\"online-uw-bmw-verzekeren-bij-solo-moto\">Assurez votre BMW en ligne sur Solo Moto<\/h2>\n\n\n\n<p>Solo Moto facilite consid\u00e9rablement la recherche et la conclusion d\u2019une assurance moto pour votre BMW. Assurer votre BMW est une question de quelques minutes. Tout ce que vous avez \u00e0 faire est de r\u00e9pondre \u00e0 quelques questions et nous nous nous mettons imm\u00e9diatement au travail pour vous et vous pouvez obtenir la prime en quelques minutes. Apr\u00e8s cela, vous pouvez imm\u00e9diatement souscrire votre assurance moto BMW &nbsp;via Itsme.<\/p>\n\n\n\n<p>Comme vous pouvez le constater, la souscription d\u2019une assurance BMW est facile. Vous ne pouvez pas vous d\u00e9brouiller tout seul ? Cela peut arriver ! Dans ce cas, contactez-nous au 03 808 49 95 pour assurer votre BMW. Chez Solo Moto, nous sommes pr\u00eats \u00e0 vous aider lorsque vous souscrivez une assurance BMW.<\/p>\n\n\n\n<p><\/p>\n\n\n\n<div class=\"wp-block-columns is-layout-flex wp-container-core-columns-is-layout-9d6595d7 wp-block-columns-is-layout-flex\">\n<div class=\"wp-block-column is-layout-flow wp-block-column-is-layout-flow\">\n<figure class=\"wp-block-image size-large\"><img decoding=\"async\" src=\"https:\/\/solomoto.be\/wp-content\/uploads\/2022\/01\/P90189381_highRes-1.jpg\" alt=\"BMW R1200 RT\" class=\"wp-image-4017\"\/><figcaption class=\"wp-element-caption\">BMW R1200 RT<\/figcaption><\/figure>\n\n\n\n<figure class=\"wp-block-image size-large\"><img decoding=\"async\" src=\"https:\/\/solomoto.be\/wp-content\/uploads\/2022\/01\/P90394487_highRes-1.jpg\" alt=\"BMW S1000RR\" class=\"wp-image-4010\"\/><figcaption class=\"wp-element-caption\">BMW S1000RR<\/figcaption><\/figure>\n\n\n\n<figure class=\"wp-block-image size-large\"><img decoding=\"async\" src=\"https:\/\/solomoto.be\/wp-content\/uploads\/2022\/01\/P90394482_highRes-1.jpg\" alt=\"BMW K1600 B\" class=\"wp-image-4008\"\/><figcaption class=\"wp-element-caption\">BMW K1600 B<\/figcaption><\/figure>\n\n\n\n<figure class=\"wp-block-image size-large\"><img decoding=\"async\" src=\"https:\/\/solomoto.be\/wp-content\/uploads\/2022\/01\/P90327554_highRes-2-1024x714.jpg\" alt=\"BMW C400 GT\" class=\"wp-image-4005\"\/><figcaption class=\"wp-element-caption\">BMW C400 GT<\/figcaption><\/figure>\n\n\n\n<figure class=\"wp-block-image size-large is-resized\"><img loading=\"lazy\" decoding=\"async\" src=\"https:\/\/solomoto.be\/wp-content\/uploads\/2022\/01\/P90394477_highRes-1.jpg\" alt=\"BMW R1200 RS\" class=\"wp-image-4002\" width=\"170\" height=\"120\"\/><figcaption class=\"wp-element-caption\">BMW R1200 RS<\/figcaption><\/figure>\n\n\n\n<figure class=\"wp-block-image size-large\"><img decoding=\"async\" src=\"https:\/\/solomoto.be\/wp-content\/uploads\/2022\/01\/P90394469_highRes-2-1024x767.jpg\" alt=\"BMW K1600 GT\" class=\"wp-image-3999\"\/><figcaption class=\"wp-element-caption\">BMW K1600 GT<\/figcaption><\/figure>\n\n\n\n<figure class=\"wp-block-image size-large\"><img decoding=\"async\" src=\"https:\/\/solomoto.be\/wp-content\/uploads\/2022\/01\/P90393505_highRes-2-1024x724.jpg\" alt=\"BMW F800 GS\" class=\"wp-image-3997\"\/><figcaption class=\"wp-element-caption\">BMW F800 GS<\/figcaption><\/figure>\n\n\n\n<figure class=\"wp-block-image size-large\"><img decoding=\"async\" src=\"https:\/\/solomoto.be\/wp-content\/uploads\/2022\/01\/P90407254_highRes-1.png\" alt=\"BMW S1000R (2021)\" class=\"wp-image-4833\"\/><figcaption class=\"wp-element-caption\">BMW S1000R (2021)<\/figcaption><\/figure>\n\n\n\n<figure class=\"wp-block-image size-large\"><img decoding=\"async\" src=\"https:\/\/solomoto.be\/wp-content\/uploads\/2022\/01\/P90337961_highRes-1024x768.jpg\" alt=\"BMW R NineT\" class=\"wp-image-4836\"\/><figcaption class=\"wp-element-caption\">BMW R NineT<\/figcaption><\/figure>\n<\/div>\n\n\n\n<div class=\"wp-block-column is-layout-flow wp-block-column-is-layout-flow\">\n<figure class=\"wp-block-image size-large\"><img decoding=\"async\" src=\"https:\/\/solomoto.be\/wp-content\/uploads\/2022\/01\/P90371798_highRes-1.gif\" alt=\"BMW S1000 XR\" class=\"wp-image-4019\"\/><figcaption class=\"wp-element-caption\">BMW S1000 XR<\/figcaption><\/figure>\n\n\n\n<figure class=\"wp-block-image size-large\"><img decoding=\"async\" src=\"https:\/\/solomoto.be\/wp-content\/uploads\/2022\/01\/P90164072_highRes-1.jpg\" alt=\"BMW C600 Sport\" class=\"wp-image-4016\"\/><figcaption class=\"wp-element-caption\">BMW C600 Sport<\/figcaption><\/figure>\n\n\n\n<figure class=\"wp-block-image size-large\"><img decoding=\"async\" src=\"https:\/\/solomoto.be\/wp-content\/uploads\/2022\/01\/P90234057_highRes-1.jpg\" alt=\"BMW S1000RR\" class=\"wp-image-4013\"\/><figcaption class=\"wp-element-caption\">BMW S1000RR<\/figcaption><\/figure>\n\n\n\n<figure class=\"wp-block-image size-large\"><img decoding=\"async\" src=\"https:\/\/solomoto.be\/wp-content\/uploads\/2022\/01\/P90312772_highRes-1.jpg\" alt=\"BMW S1000R\" class=\"wp-image-4011\"\/><figcaption class=\"wp-element-caption\">BMW S1000R<\/figcaption><\/figure>\n\n\n\n<figure class=\"wp-block-image size-large\"><img decoding=\"async\" src=\"https:\/\/solomoto.be\/wp-content\/uploads\/2022\/01\/P90163323_highRes-1.jpg\" alt=\"BMW R1200 R\" class=\"wp-image-4007\"\/><figcaption class=\"wp-element-caption\">BMW R1200 R<\/figcaption><\/figure>\n\n\n\n<figure class=\"wp-block-image size-large\"><img decoding=\"async\" src=\"https:\/\/solomoto.be\/wp-content\/uploads\/2022\/01\/P90322860_highRes-1-1024x682.jpg\" alt=\"BMW R1250 GS\" class=\"wp-image-4004\"\/><figcaption class=\"wp-element-caption\">BMW R1250 GS<\/figcaption><\/figure>\n\n\n\n<figure class=\"wp-block-image size-large\"><img decoding=\"async\" src=\"https:\/\/solomoto.be\/wp-content\/uploads\/2022\/01\/P90394474_highRes-1.jpg\" alt=\"BMW F800 R\" class=\"wp-image-4001\"\/><figcaption class=\"wp-element-caption\">BMW F800 R<\/figcaption><\/figure>\n\n\n\n<figure class=\"wp-block-image size-large\"><img decoding=\"async\" src=\"https:\/\/solomoto.be\/wp-content\/uploads\/2022\/01\/P90393504_highRes-2-1024x724.jpg\" alt=\"BMW F750 GS\" class=\"wp-image-3998\"\/><figcaption class=\"wp-element-caption\">BMW F750 GS<\/figcaption><\/figure>\n\n\n\n<figure class=\"wp-block-image size-large\"><img decoding=\"async\" src=\"https:\/\/solomoto.be\/wp-content\/uploads\/2022\/01\/P90386716-lowRes.jpg\" alt=\"BMW R18\" class=\"wp-image-4835\"\/><figcaption class=\"wp-element-caption\">BMW R18<\/figcaption><\/figure>\n<\/div>\n\n\n\n<div class=\"wp-block-column is-layout-flow wp-block-column-is-layout-flow\">\n<figure class=\"wp-block-image size-large\"><img decoding=\"async\" src=\"https:\/\/solomoto.be\/wp-content\/uploads\/2022\/01\/P90241846_highRes_bmw-motorrad-g-310-g.gif\" alt=\"BMW G310 R\" class=\"wp-image-4018\"\/><figcaption class=\"wp-element-caption\">BMW G310 R<\/figcaption><\/figure>\n\n\n\n<figure class=\"wp-block-image size-large\"><img decoding=\"async\" src=\"https:\/\/solomoto.be\/wp-content\/uploads\/2022\/01\/P90154910_highRes-1.jpg\" alt=\"BMW R1200 GS\" class=\"wp-image-4015\"\/><figcaption class=\"wp-element-caption\">BMW R1200 GS<\/figcaption><\/figure>\n\n\n\n<figure class=\"wp-block-image size-large\"><img decoding=\"async\" src=\"https:\/\/solomoto.be\/wp-content\/uploads\/2022\/01\/P90312766_highRes-1.jpg\" alt=\"BMW C-Evolution\" class=\"wp-image-4012\"\/><figcaption class=\"wp-element-caption\">BMW C-Evolution<\/figcaption><\/figure>\n\n\n\n<figure class=\"wp-block-image size-large is-resized\"><img loading=\"lazy\" decoding=\"async\" src=\"https:\/\/solomoto.be\/wp-content\/uploads\/2022\/01\/P90394489_highRes-1.jpg\" alt=\"BMW S1000XR\" class=\"wp-image-4009\" width=\"258\" height=\"182\"\/><figcaption class=\"wp-element-caption\">BMW S1000XR<\/figcaption><\/figure>\n\n\n\n<figure class=\"wp-block-image size-large is-resized\"><img loading=\"lazy\" decoding=\"async\" src=\"https:\/\/solomoto.be\/wp-content\/uploads\/2022\/01\/P90163609_highRes-1.jpg\" alt=\"BMW R1200 RS\" class=\"wp-image-4006\" width=\"170\" height=\"113\"\/><figcaption class=\"wp-element-caption\">BMW R1200 RS<\/figcaption><\/figure>\n\n\n\n<figure class=\"wp-block-image size-large\"><img decoding=\"async\" src=\"https:\/\/solomoto.be\/wp-content\/uploads\/2022\/01\/P90337961_highRes-2-1024x768.jpg\" alt=\"BMW R-NineT\" class=\"wp-image-4003\"\/><figcaption class=\"wp-element-caption\">BMW R-NineT<\/figcaption><\/figure>\n\n\n\n<figure class=\"wp-block-image size-large is-resized\"><img loading=\"lazy\" decoding=\"async\" src=\"https:\/\/solomoto.be\/wp-content\/uploads\/2022\/01\/P90394493_highRes-1.jpg\" alt=\"BMW K1600 GTL\" class=\"wp-image-4000\" width=\"266\" height=\"187\"\/><figcaption class=\"wp-element-caption\">BMW K1600 GTL<\/figcaption><\/figure>\n\n\n\n<figure class=\"wp-block-image size-large\"><img decoding=\"async\" src=\"https:\/\/solomoto.be\/wp-content\/uploads\/2022\/01\/P90393512_highRes-2-1024x724.jpg\" alt=\"BMW F750 GS\" class=\"wp-image-3996\"\/><figcaption class=\"wp-element-caption\">BMW F750 GS<\/figcaption><\/figure>\n<\/div>\n<\/div>\n\n\n\n<p><\/p>\n","protected":false},"excerpt":{"rendered":"<p>Assurer votre BMW chez Solo Moto Vous souhaitez souscrire une assurance moto? Solo Moto trouve en quelques minutes l\u2019assurance qui&#8230;<\/p>\n","protected":false},"author":1,"featured_media":2653,"parent":0,"menu_order":0,"comment_status":"closed","ping_status":"closed","template":"","meta":{"_acf_changed":false,"footnotes":""},"class_list":["post-1621","page","type-page","status-publish","has-post-thumbnail","hentry"],"acf":[],"_links":{"self":[{"href":"https:\/\/solomoto.be\/fr\/wp-json\/wp\/v2\/pages\/1621","targetHints":{"allow":["GET"]}}],"collection":[{"href":"https:\/\/solomoto.be\/fr\/wp-json\/wp\/v2\/pages"}],"about":[{"href":"https:\/\/solomoto.be\/fr\/wp-json\/wp\/v2\/types\/page"}],"author":[{"embeddable":true,"href":"https:\/\/solomoto.be\/fr\/wp-json\/wp\/v2\/users\/1"}],"replies":[{"embeddable":true,"href":"https:\/\/solomoto.be\/fr\/wp-json\/wp\/v2\/comments?post=1621"}],"version-history":[{"count":44,"href":"https:\/\/solomoto.be\/fr\/wp-json\/wp\/v2\/pages\/1621\/revisions"}],"predecessor-version":[{"id":8955,"href":"https:\/\/solomoto.be\/fr\/wp-json\/wp\/v2\/pages\/1621\/revisions\/8955"}],"wp:featuredmedia":[{"embeddable":true,"href":"https:\/\/solomoto.be\/fr\/wp-json\/"}],"wp:attachment":[{"href":"https:\/\/solomoto.be\/fr\/wp-json\/wp\/v2\/media?parent=1621"}],"curies":[{"name":"wp","href":"https:\/\/api.w.org\/{rel}","templated":true}]}}