{"id":1615,"date":"2019-02-13T08:56:47","date_gmt":"2019-02-13T08:56:47","guid":{"rendered":"https:\/\/combimotors.nl\/?page_id=1615"},"modified":"2023-06-28T13:49:12","modified_gmt":"2023-06-28T12:49:12","slug":"assurer-piaggio","status":"publish","type":"page","link":"https:\/\/solomoto.be\/fr\/assurer-piaggio\/","title":{"rendered":"Assurer Piaggio"},"content":{"rendered":"<h2><img loading=\"lazy\" decoding=\"async\" class=\"aligncenter wp-image-3224 size-medium\" src=\"https:\/\/solomoto.be\/wp-content\/uploads\/2022\/01\/Logo-Piaggio-300x216.png\" alt=\"Piaggio verzekeren, Piaggio motorscooter verzekeren\" width=\"300\" height=\"216\" \/><\/h2>\n<h2>Assurer votre Piaggio chez Solo Moto<\/h2>\n\n\n<div class=\" cta-button\">\n\n\n<a id=\"cta-buttonblock_611e2997c8803b91ab4ec867bb9a33e1\" class=\"button block large\" href=\"https:\/\/premie.solomoto.be\/offertes\/nieuw\/1ad2cf00-fadc-4dfd-a2ae-8b030d565a87?label=solomoto&#038;lang=fr%20\">\n\t\n\t\n\t<span class=\"large\">Cliquez et calculez la prime pour votre Piaggio<\/span>\n\t\n\t<span class=\"small\">L&rsquo;assurance parfaite pour votre moto en 1 minute !<\/span>\n\t\n<\/a>\n\n<\/div>\n\t\t\n<style type=\"text\/css\">\n\t#cta-buttonblock_611e2997c8803b91ab4ec867bb9a33e1 {\n\t\tbackground: #81d742;\n\t}\n\t\n\t#cta-buttonblock_611e2997c8803b91ab4ec867bb9a33e1:hover {\n\t\tbackground: #000000;\n\t}\n\t\n\t\n<\/style>\n\n\n\n\n<p>Pour chaque marque ou type de moto, vous pouvez trouver la meilleure assurance moto chez Solo Moto. En tant que passionn\u00e9s de moto, nous nous effor\u00e7ons de vous trouver une assurance qui convient \u00e0 la fois \u00e0 votre comportement de conduite et \u00e0 votre v\u00e9hicule. Vous avez un Piaggio? Alors vous devez obligatoirement l\u2019assurer en responsabilit\u00e9 civile (RC). Assurer votre Piaggio est facile et rapide sur le site de Solo Moto. Il &nbsp;suffit de remplir vos coordonn\u00e9es et de r\u00e9pondre \u00e0 quelques questions. Nous calculerons ensuite la prime pour votre moto Piaggio. Vous devez donc toujours assurer votre Piaggio MP3, Piaggio Beverly ou Piaggio APE. Chez Solo Moto, votre assurance Piaggio sera prise en charge et si vous signer via Itsme c\u2019est directement en ordre!<\/p>\n\n\n\n<p>Pour vous donner une id\u00e9e du co\u00fbt de l\u2019assurance d\u2019une Piaggio, nous avons calcul\u00e9 une prime type pour vous ci-dessous :<\/p>\n\n\n\n<figure class=\"wp-block-table\"><table><tbody><tr><td><strong>Model<\/strong><\/td><td><strong>RC<\/strong><\/td><td><strong>RC+ Mini Omnium<\/strong><\/td><td><strong>BARC+ Full Omnium<\/strong><\/td><\/tr><tr><td>Piaggio 350 LT MP3 Sport (2019)<\/td><td>\u00c0 partir de 16,63 \u20ac par mois<\/td><td>\u00c0 partir de 45,36 \u20ac par mois<\/td><td>\u00c0 partir de 71,48 \u20ac par mois<\/td><\/tr><\/tbody><\/table><figcaption class=\"wp-element-caption\">Veuillez noter : Pour le calcul de cette prime, nous avons pris en compte les facteurs suivants : 45 ans, 6 ans de permis moto, 0 accident, garage ferm\u00e9, serrure m\u00e9canique et pas d\u2019assurances suppl\u00e9mentaires. (derni\u00e8re mise \u00e0 jour 2-2022)<br><\/figcaption><\/figure>\n\n\n\n<figure class=\"wp-block-image size-large\"><img decoding=\"async\" src=\"https:\/\/solomoto.be\/wp-content\/uploads\/2022\/01\/JvdK8116klein.jpg\" alt=\"\" class=\"wp-image-4423\"\/><\/figure>\n\n\n\n<h2 class=\"wp-block-heading\" id=\"wereldwijd-bekende-scooter\">Scooter de renomm\u00e9e mondiale<\/h2>\n\n\n\n<p>Piaggio est une grande marque italienne qui fabrique des v\u00e9hicules depuis le XVIIIe si\u00e8cle. Ce n\u2019est qu\u2019en 1946 que Piaggio a lanc\u00e9 son premier scooter. Aujourd\u2019hui encore, ce scooter est connu dans le monde entier. Nous parlons de la Vespa. Apr\u00e8s l\u2019immense succ\u00e8s de la Vespa, l\u2019entreprise d\u00e9cide de se s\u00e9parer en 1964. Enrique Piaggio commence \u00e0 se concentrer sur le d\u00e9veloppement de motos, de cyclomoteurs et de scooters. Par cons\u00e9quent, nous avons aujourd\u2019hui le choix entre toutes sortes de motos Piaggio. Poss\u00e9dez-vous un si beau v\u00e9hicule ? Ou serez-vous tr\u00e8s bient\u00f4t l\u2019heureux propri\u00e9taire d\u2019une moto Piaggio ? Vous voulez bien s\u00fbr assurer votre Piaggio de la meilleure fa\u00e7on possible. Pas de probl\u00e8me chez solo Moto! Solo Moto est compos\u00e9 de motocyclistes et de passionn\u00e9s. C\u2019est pourquoi nous sommes heureux de vous aider \u00e0 assurer votre Piaggio.<\/p>\n\n\n\n\n\n<h2 class=\"wp-block-heading\" id=\"piaggio-verzekeren-en-de-mogelijkheden\"><strong>Assurer votre Piaggio<\/strong><\/h2>\n\n\n\n<p>Lorsque vous \u00eates propri\u00e9taire d\u2019une moto Piaggio, vous souhaitez bien s\u00fbr la conduire le plus vite que possible. Cependant, avant de prendre la route, vous devez assurer votre Piaggio. Vous pouvez choisir parmi plusieurs garanties pour votre assurance Piaggio. Cela peut \u00eatre un travail consid\u00e9rable. Comme tous les motocyclistes ne sont pas les m\u00eames, il existe de nombreuses options pour assurer votre Piaggio. Peut-\u00eatre vous voulez seulement une assurance minimale pour votre moto ? Alors la responsabilit\u00e9 civile (RC) est une suffisante pour vous. Cependant, voulez-vous \u00eatre mieux couvert en cas de dommage ? Dans ce cas, l\u2019assurance RC&nbsp; + Mini Omnium ou Full Omnium est une meilleure alternative. En outre, vous pouvez ajouter la plupart des assurances moto avec une couverture suppl\u00e9mentaire. Bref, c\u2019est tout un travail de casse-t\u00eate pour trouver la meilleure assurance moto pour votre moto. Heureusement, Solo Moto peut vous aider \u00e0 assurer votre Piaggio.<\/p>\n\n\n<div class=\"wp-block-image\">\n<figure class=\"aligncenter\"><img decoding=\"async\" src=\"https:\/\/solomoto.be\/wp-content\/uploads\/2022\/01\/Motorscooter-Piaggio-Beverly-350-ST-NWS20180029-01-885x738-1-300x250.jpg\" alt=\"Piaggio verzekeren, Piaggio Beverly verzekeren\" class=\"wp-image-3227\"\/><\/figure>\n<\/div>\n\n\n<h2 class=\"wp-block-heading\" id=\"direct-online-uw-piaggio-verzekeren\">Assurez votre Piaggio directement en ligne<\/h2>\n\n\n\n<p>Assurer une Piaggio chez nous peut se faire en quelques clics. Il vous suffit de remplir quelques informations suppl\u00e9mentaires et de r\u00e9pondre \u00e0 quelques questions. Ensuite, nous nous mettons au travail pour trouver votre prime. Enfin, vous pouvez assurer votre Piaggio en ligne d\u00e8s maintenant, sans souci! Toutefois, il existe une exception \u00e0 la r\u00e8gle. Vous voulez assurer un Piaggio MP3 ? Alors il est bon de savoir qu\u2019il existe deux types du c\u00e9l\u00e8bre MP3 Piaggio. L\u2019un peut \u00eatre conduit avec un permis de conduire moto et pour l\u2019autre, il suffit d\u2019avoir un permis de conduire voiture. Le premier type de Piaggio MP3 est officiellement une moto et le second une voiture. Le premier type de Piaggio peut facilement \u00eatre assur\u00e9 en ligne. Pour le second type, vous pouvez nous contacter par t\u00e9l\u00e9phone. Alors Solo Moto peut aussi assurer la Piaggio MP3.<\/p>\n","protected":false},"excerpt":{"rendered":"<p>Assurer votre Piaggio chez Solo Moto Pour chaque marque ou type de moto, vous pouvez trouver la meilleure assurance moto&#8230;<\/p>\n","protected":false},"author":1,"featured_media":7799,"parent":0,"menu_order":0,"comment_status":"closed","ping_status":"closed","template":"","meta":{"_acf_changed":false,"footnotes":""},"class_list":["post-1615","page","type-page","status-publish","has-post-thumbnail","hentry"],"acf":[],"_links":{"self":[{"href":"https:\/\/solomoto.be\/fr\/wp-json\/wp\/v2\/pages\/1615","targetHints":{"allow":["GET"]}}],"collection":[{"href":"https:\/\/solomoto.be\/fr\/wp-json\/wp\/v2\/pages"}],"about":[{"href":"https:\/\/solomoto.be\/fr\/wp-json\/wp\/v2\/types\/page"}],"author":[{"embeddable":true,"href":"https:\/\/solomoto.be\/fr\/wp-json\/wp\/v2\/users\/1"}],"replies":[{"embeddable":true,"href":"https:\/\/solomoto.be\/fr\/wp-json\/wp\/v2\/comments?post=1615"}],"version-history":[{"count":24,"href":"https:\/\/solomoto.be\/fr\/wp-json\/wp\/v2\/pages\/1615\/revisions"}],"predecessor-version":[{"id":8951,"href":"https:\/\/solomoto.be\/fr\/wp-json\/wp\/v2\/pages\/1615\/revisions\/8951"}],"wp:featuredmedia":[{"embeddable":true,"href":"https:\/\/solomoto.be\/fr\/wp-json\/wp\/v2\/media\/7799"}],"wp:attachment":[{"href":"https:\/\/solomoto.be\/fr\/wp-json\/wp\/v2\/media?parent=1615"}],"curies":[{"name":"wp","href":"https:\/\/api.w.org\/{rel}","templated":true}]}}