{"id":1609,"date":"2019-02-13T08:50:04","date_gmt":"2019-02-13T08:50:04","guid":{"rendered":"https:\/\/combimotors.nl\/?page_id=1609"},"modified":"2024-08-27T11:08:37","modified_gmt":"2024-08-27T10:08:37","slug":"assurer-harley-davidson","status":"publish","type":"page","link":"https:\/\/solomoto.be\/fr\/assurer-harley-davidson\/","title":{"rendered":"Assurer Harley-Davidson"},"content":{"rendered":"<div class=\"wp-block-image\">\n<figure class=\"aligncenter size-large is-resized\"><img decoding=\"async\" src=\"https:\/\/solomoto.be\/wp-content\/uploads\/2022\/01\/bb9a16a184d79829d6d5c357c31f2897-1024x640.jpg\" alt=\"Harley-Davidson, Harley-Davidson verzekeren, harley verzekering\" class=\"wp-image-3173\" style=\"width:256px;height:160px\"\/><\/figure>\n<\/div>\n\n\n<h2 class=\"wp-block-heading\" id=\"harley-davidson-verzekeren-bij-solo-moto\">Assurer Harley-Davidson chez Solo Moto<\/h2>\n\n\n\n<div class=\" cta-button\">\n\n\n<a id=\"cta-buttonblock_7f0b9793ad97e6151ab8e125a9ee8e01\" class=\"button block large\" href=\"https:\/\/premie.solomoto.be\/offertes\/nieuw\/1ad2cf00-fadc-4dfd-a2ae-8b030d565a87?label=solomoto&#038;lang=fr%20\">\n\t\n\t\n\t<span class=\"large\">Cliquez et calculez la prime pour votre Harley-Davidson.<\/span>\n\t\n\t<span class=\"small\">Calculez votre prime et obtenez des conseils en 1 minute<\/span>\n\t\n<\/a>\n\n<\/div>\n\t\t\n<style type=\"text\/css\">\n\t#cta-buttonblock_7f0b9793ad97e6151ab8e125a9ee8e01 {\n\t\tbackground: #81d742;\n\t}\n\t\n\t#cta-buttonblock_7f0b9793ad97e6151ab8e125a9ee8e01:hover {\n\t\tbackground: #000000;\n\t}\n\t\n\t\n<\/style>\n\n\n\n\n<p>Solo Moto trouve la meilleure assurance pour chaque marque ou type de moto. De cette fa\u00e7on, nous pouvons vous aider \u00e0 trouver l\u2019assurance qui vous convient le mieux, \u00e0 vous et \u00e0 votre v\u00e9hicule. Poss\u00e9dez-vous une belle Harley-Davidson Softail ou une Harley-Davidson Road King ? Vous voudriez \u00e9videmment choisir la meilleure option pour assurer votre Harley-Davidson. Il est obligatoire d\u2019assurer les motos avant de rouler sur la voie publique. Assurer une Harley Davidson est donc facile et peut \u00eatre fait directement en ligne par notre interm\u00e9diaire. Avec nous, vous trouverez la meilleure assurance pour votre Harley Davidson en quelques minutes! \u00cates-vous int\u00e9ress\u00e9 ? D\u00e9couvrez-le vous-m\u00eame et cliquez ici pour calculer votre prime Harley-Davidson.<\/p>\n\n\n\n<p>Pour vous donner une id\u00e9e de la prime d\u2019assurance pour votre Harley-Davidson, nous avons fait une indication pour une RC et une RC + Full Omnium. Veuillez noter qu\u2019il s\u2019agit de primes ayant un profil sp\u00e9cifique ; il est possible que votre prime calcul\u00e9e s\u2019\u00e9carte de cette prime :<\/p>\n\n\n\n<figure class=\"wp-block-table is-style-regular\"><table class=\"has-fixed-layout\"><tbody><tr><td><strong>Model<\/strong><\/td><td><strong>RC<\/strong><\/td><td><strong>RC+ Full Omnium<\/strong><\/td><\/tr><tr><td>Harley-Davidson FXSTS Springer (1998)<\/td><td>\u00c0 partir de 16,63 par mois<\/td><td>\u00c0 partir de 117,43 \u20ac par mois<\/td><\/tr><tr><td>Harley-Davidson 96 FLHT Electra Glide (2010)<\/td><td>\u00c0 partir de 16,63 \u20ac par mois<\/td><td>\u00c0 partir de 126,61 \u20ac par mois<\/td><\/tr><tr><td>Harley-Davidson 103 FLSTC Heritage Classic (2015)<\/td><td>\u00c0 partir de 16,63 \u20ac par mois<\/td><td>\u00c0 partir de 142,81 \u20ac par mois<\/td><\/tr><tr><td>Harley-Davidson 107 FLHR Road King (2017)  <\/td><td>\u00c0 partir de 16,63 \u20ac par mois<\/td><td>\u00c0 partir de 158,77 \u20ac par mois<\/td><\/tr><tr><td>Harley-Davidson 114 FLHTK Ultra Limited (2020)<\/td><td>\u00c0 partir de 16,63 \u20ac par mois<\/td><td>\u00c0 partir de 192,74 \u20ac par mois<\/td><\/tr><tr><td>Harley-Davidson XL 883N Sportster Iron (2020)<\/td><td>\u00c0 partir de 16,63 \u20ac par mois<\/td><td>\u00c0 partir de 81,43 \u20ac par mois<\/td><\/tr><tr><td>Harley-Davidson 107 FXBB Softail Street Bob (2020)<\/td><td>\u00c0 partir de 16,63 par mois<\/td><td>\u00c0 partir de 106,32 \u20ac par mois<\/td><\/tr><tr><td>Harley-Davidson 1250 Pan America (2021)<\/td><td>\u00c0 partir de 16,63 \u20ac par mois<\/td><td>\u00c0 partir de 115,06 \u20ac par mois<\/td><\/tr><\/tbody><\/table><figcaption class=\"wp-element-caption\">Veuillez noter : Pour le calcul de cette prime, nous avons pris en compte les facteurs suivants : 45 ans, 6 ans de permis moto, 0 accident, garage ferm\u00e9, serrure m\u00e9canique et pas d&rsquo;assurances suppl\u00e9mentaires. (derni\u00e8re mise \u00e0 jour 2-2022)<\/figcaption><\/figure>\n\n\n\n<h2 class=\"wp-block-heading\" id=\"iconisch-amerikaans-merk\">Marque am\u00e9ricaine embl\u00e9matique<\/h2>\n\n\n\n<p>Aujourd\u2019hui, Harley-Davidson est une marque \u00e9tablie dans le monde de la moto. Les deux jeunes ing\u00e9nieurs William Harley et Arthur Davidson ne pouvaient pas l\u2019imaginer lorsqu\u2019ils bricolaient leur premi\u00e8re moto. Avec l\u2019aide du fr\u00e8re de Davidson et d\u2019un immigrant allemand, l\u2019entreprise a connu une croissance r\u00e9guli\u00e8re. La marque n\u2019a vraiment perc\u00e9 que pendant la Seconde Guerre mondiale. \u00c0 cette \u00e9poque, Harley-Davidson devait fournir d\u2019innombrables motos \u00e0 l\u2019arm\u00e9e am\u00e9ricaine. Lorsque l\u2019on poss\u00e8de une si belle moto, on la ch\u00e9rit naturellement. Vous cherchez imm\u00e9diatement la meilleure option pour assurer votre Harley-Davidson. Solo Moto est enti\u00e8rement compos\u00e9 d\u2019amateurs de motos et de motocyclistes. C\u2019est pourquoi nous nous ferons un plaisir de vous aider \u00e0 trouver votre assurance Harley-Davidson id\u00e9ale.<\/p>\n\n\n\n\n<div class=\"wp-block-image\">\n<figure class=\"aligncenter\"><img decoding=\"async\" src=\"https:\/\/solomoto.be\/wp-content\/uploads\/2022\/01\/012A7781_04_INT-300x200.jpg\" alt=\"Harley-Davidson Electra glide\" class=\"wp-image-3175\"\/><\/figure>\n<\/div>\n\n\n<h2 class=\"wp-block-heading\" id=\"diverse-opties-harley-davidson-verzekeren\">Diff\u00e9rentes options d&rsquo;assurance Harley-Davidson<\/h2>\n\n\n\n<p>Vous aimeriez, bien s\u00fbr, pouvoir rouler avec votre Harley-Davdson sans souci d\u00e8s que possible . Avant de pouvoir rouler sans souci, vous devez assurer votre Harley-Davidson. Il est \u00e9galement judicieux de souscrire une assurance au cas o\u00f9 votre moto serait endommag\u00e9e. Cela vous \u00e9vitera de devoir payer des r\u00e9parations !<\/p>\n\n\n\n<p>Comme les motocyclistes, les motos ne sont pas identiques non plus. Il existe diff\u00e9rentes options pour assurer votre Harley-Davidson. Voulez-vous seulement une assurance de base ? Dans ce cas, la garantie responsabilit\u00e9 civile (RC) est suffisante pour couvrir les dommages caus\u00e9s aux tiers. Il est \u00e9galement possible de souscrire une RC + Mini Omnium, une RC + Full Omnium ou une RC + Full Omnium Top. &nbsp;Cela peut prendre un certain temps pour trouver la meilleure assurance pour votre Harley-Davidson.<\/p>\n\n\n<div class=\"wp-block-image\">\n<figure class=\"aligncenter\"><img decoding=\"async\" src=\"https:\/\/solomoto.be\/wp-content\/uploads\/2022\/01\/High-Res-JPG-208629_KN_19GAP_181261_HDI_FN-300x200.jpg\" alt=\" Harley-Davidson street glide special\" class=\"wp-image-3176\"\/><\/figure>\n<\/div>\n\n\n<h2 class=\"wp-block-heading\" id=\"gelijk-online-uw-harley-davidson-verzekeren\">Assurez votre Harley-Davidson en ligne<\/h2>\n\n\n\n<p>Assurer une Harley-Davidson chez Solo Moto peut se faire en quelques minutes. Tout ce que vous avez \u00e0 faire est de nous fournir les don\u00e9es n\u00e9cessaires et r\u00e9pondre \u00e0 quelques questions pour calculer votre prime. Nous vous pr\u00e9senterons ensuite les garanties d\u2019assurances disponibles. Vous pouvez aussi assurer votre Harley-Davidson directement en ligne via Itsme.<\/p>\n\n\n\n<p>Vous ne pouvez pas le faire vous-m\u00eame ou vous souhaitez un peu d\u2019\u2019aide pour trouver l\u2019assurance Harley Davidson sans souci ? Dans ce cas, veuillez nous contacter au 03 808 58 95. Solo Moto est l\u00e0 pour vous aider!<\/p>\n\n\n\n<div class=\"wp-block-columns is-layout-flex wp-container-core-columns-is-layout-9d6595d7 wp-block-columns-is-layout-flex\">\n<div class=\"wp-block-column is-layout-flow wp-block-column-is-layout-flow\">\n<figure class=\"wp-block-image size-large\"><img decoding=\"async\" src=\"https:\/\/solomoto.be\/wp-content\/uploads\/2022\/01\/Harley-Davidson-Softail-Deluxe.jpg\" alt=\"Harley-Davidson Softail Deluxe\" class=\"wp-image-4162\"\/><figcaption class=\"wp-element-caption\">Harley-Davidson Softail Deluxe<\/figcaption><\/figure>\n\n\n\n<figure class=\"wp-block-image size-large\"><img decoding=\"async\" src=\"https:\/\/solomoto.be\/wp-content\/uploads\/2022\/01\/Harley-Davidson-CVO-Road-Glide.jpg\" alt=\"Harley-Davidson CVO Road Glide\" class=\"wp-image-4165\"\/><figcaption class=\"wp-element-caption\">Harley-Davidson CVO Road Glide<\/figcaption><\/figure>\n\n\n\n<figure class=\"wp-block-image size-large\"><img decoding=\"async\" src=\"https:\/\/solomoto.be\/wp-content\/uploads\/2022\/01\/Harley-Davidson-Electra-Glide-Standard.jpg\" alt=\"Harley-Davidson Electra Glide Standard\" class=\"wp-image-4168\"\/><figcaption class=\"wp-element-caption\">Harley-Davidson Electra Glide Standard<\/figcaption><\/figure>\n\n\n\n<figure class=\"wp-block-image size-large\"><img decoding=\"async\" src=\"https:\/\/solomoto.be\/wp-content\/uploads\/2022\/01\/Harley-Davidson-Fat-Boy-30th-Anniversary.jpg\" alt=\"Harley-Davidson Fat Boy 30th Anniversary\" class=\"wp-image-4171\"\/><figcaption class=\"wp-element-caption\">Harley-Davidson Fat Boy 30th Anniversary<\/figcaption><\/figure>\n\n\n\n<figure class=\"wp-block-image size-large\"><img decoding=\"async\" src=\"https:\/\/solomoto.be\/wp-content\/uploads\/2022\/01\/Harley-Davidson-Freewheeler.jpg\" alt=\"Harley-Davidson Freewheeler\" class=\"wp-image-4174\"\/><figcaption class=\"wp-element-caption\">Harley-Davidson Freewheeler<\/figcaption><\/figure>\n\n\n\n<figure class=\"wp-block-image size-large\"><img decoding=\"async\" src=\"https:\/\/solomoto.be\/wp-content\/uploads\/2022\/01\/Harley-Davidson-Iron-883.jpg\" alt=\"Harley-Davidson Iron 883\" class=\"wp-image-4177\"\/><figcaption class=\"wp-element-caption\">Harley-Davidson Iron 883<\/figcaption><\/figure>\n\n\n\n<figure class=\"wp-block-image size-large\"><img decoding=\"async\" src=\"https:\/\/solomoto.be\/wp-content\/uploads\/2022\/01\/Harley-Davidson-Low-Rider-S.jpg\" alt=\"Harley-Davidson Low Rider S\" class=\"wp-image-4180\"\/><figcaption class=\"wp-element-caption\">Harley-Davidson Low Rider S<\/figcaption><\/figure>\n\n\n\n<figure class=\"wp-block-image size-large\"><img decoding=\"async\" src=\"https:\/\/solomoto.be\/wp-content\/uploads\/2022\/01\/Harley-Davidson-Road-Glide-Special.jpg\" alt=\"Harley-Davidson Road Glide Special\" class=\"wp-image-4183\"\/><figcaption class=\"wp-element-caption\">Harley-Davidson Road Glide Special<\/figcaption><\/figure>\n\n\n\n<figure class=\"wp-block-image size-large is-resized\"><img decoding=\"async\" src=\"https:\/\/solomoto.be\/wp-content\/uploads\/2022\/01\/Harley-Davidson-Roadster.jpg\" alt=\"Harley-Davidson Roadster\" class=\"wp-image-4186\" style=\"width:256px;height:170px\"\/><figcaption class=\"wp-element-caption\">Harley-Davidson Roadster<\/figcaption><\/figure>\n\n\n\n<figure class=\"wp-block-image size-large\"><img decoding=\"async\" src=\"https:\/\/solomoto.be\/wp-content\/uploads\/2022\/01\/Harley-Davidson-Sport-Glide.jpg\" alt=\"\" class=\"wp-image-4189\"\/><figcaption class=\"wp-element-caption\">Harley-Davidson Sport Glide<\/figcaption><\/figure>\n\n\n\n<figure class=\"wp-block-image size-large\"><img decoding=\"async\" src=\"https:\/\/solomoto.be\/wp-content\/uploads\/2022\/01\/Harley-Davidson-Sportster-Forty-Eight.jpg\" alt=\"Harley-Davidson Sportster Forty-Eight\" class=\"wp-image-4192\"\/><figcaption class=\"wp-element-caption\">Harley-Davidson Sportster Forty-Eight<\/figcaption><\/figure>\n\n\n\n<figure class=\"wp-block-image size-large\"><img decoding=\"async\" src=\"https:\/\/solomoto.be\/wp-content\/uploads\/2022\/01\/Harley-Davidson-Street-Glide-Special.jpg\" alt=\"Harley-Davidson Street Glide Special\" class=\"wp-image-4195\"\/><figcaption class=\"wp-element-caption\">Harley-Davidson Street Glide Special<\/figcaption><\/figure>\n\n\n\n<figure class=\"wp-block-image size-large is-resized\"><img decoding=\"async\" src=\"https:\/\/solomoto.be\/wp-content\/uploads\/2022\/01\/Harley-Davidson-Superlow.jpg\" alt=\"Harley-Davidson Superlow\" class=\"wp-image-4198\" style=\"width:250px;height:167px\"\/><figcaption class=\"wp-element-caption\">Harley-Davidson Superlow<\/figcaption><\/figure>\n<\/div>\n\n\n\n<div class=\"wp-block-column is-layout-flow wp-block-column-is-layout-flow\">\n<figure class=\"wp-block-image size-large\"><img decoding=\"async\" src=\"https:\/\/solomoto.be\/wp-content\/uploads\/2022\/01\/Harley-Davidson-Breakout-114.jpg\" alt=\"Harley-Davidson Breakout 114\" class=\"wp-image-4163\"\/><figcaption class=\"wp-element-caption\">Harley-Davidson Breakout 114<\/figcaption><\/figure>\n\n\n\n<figure class=\"wp-block-image size-large\"><img decoding=\"async\" src=\"https:\/\/solomoto.be\/wp-content\/uploads\/2022\/01\/Harley-Davidson-CVO-Street-Glide.jpg\" alt=\"Harley-Davidson CVO Street Glide\" class=\"wp-image-4166\"\/><figcaption class=\"wp-element-caption\">Harley-Davidson CVO Street Glide<\/figcaption><\/figure>\n\n\n\n<figure class=\"wp-block-image size-large\"><img decoding=\"async\" src=\"https:\/\/solomoto.be\/wp-content\/uploads\/2022\/01\/Harley-Davidson-Fat-Bob-114.jpg\" alt=\"Harley-Davidson Fat Bob 114\" class=\"wp-image-4169\"\/><figcaption class=\"wp-element-caption\">Harley-Davidson Fat Bob 114<\/figcaption><\/figure>\n\n\n\n<figure class=\"wp-block-image size-large\"><img decoding=\"async\" src=\"https:\/\/solomoto.be\/wp-content\/uploads\/2022\/01\/Harley-Davidson-Fat-Boy-114.jpg\" alt=\"Harley-Davidson Fat Boy 114\" class=\"wp-image-4172\"\/><figcaption class=\"wp-element-caption\">Harley-Davidson Fat Boy 114<\/figcaption><\/figure>\n\n\n\n<figure class=\"wp-block-image size-large\"><img decoding=\"async\" src=\"https:\/\/solomoto.be\/wp-content\/uploads\/2022\/01\/Harley-Davidson-FXDR-114.jpg\" alt=\"Harley-Davidson FXDR 114\" class=\"wp-image-4175\"\/><figcaption class=\"wp-element-caption\">Harley-Davidson FXDR 114<\/figcaption><\/figure>\n\n\n\n<figure class=\"wp-block-image size-large\"><img decoding=\"async\" src=\"https:\/\/solomoto.be\/wp-content\/uploads\/2022\/01\/Harley-Davidson-Iron-1200.jpg\" alt=\"Harley-Davidson Iron 1200\" class=\"wp-image-4178\"\/><figcaption class=\"wp-element-caption\">Harley-Davidson Iron 1200<\/figcaption><\/figure>\n\n\n\n<figure class=\"wp-block-image size-large\"><img decoding=\"async\" src=\"https:\/\/solomoto.be\/wp-content\/uploads\/2022\/01\/Harley-Davidson-Low-Rider.jpg\" alt=\"Harley-Davidson Low Rider\" class=\"wp-image-4181\"\/><figcaption class=\"wp-element-caption\">Harley-Davidson Low Rider<\/figcaption><\/figure>\n\n\n\n<figure class=\"wp-block-image size-large\"><img decoding=\"async\" src=\"https:\/\/solomoto.be\/wp-content\/uploads\/2022\/01\/Harley-Davidson-Road-King-Special.jpg\" alt=\" Harley-Davidson Road King Special\" class=\"wp-image-4184\"\/><figcaption class=\"wp-element-caption\"> Harley-Davidson Road King Special<\/figcaption><\/figure>\n\n\n\n<figure class=\"wp-block-image size-large\"><img decoding=\"async\" src=\"https:\/\/solomoto.be\/wp-content\/uploads\/2022\/01\/Harley-Davidson-Softail-Slim.jpg\" alt=\"Harley-Davidson Softail Slim\" class=\"wp-image-4187\"\/><figcaption class=\"wp-element-caption\">Harley-Davidson Softail Slim<\/figcaption><\/figure>\n\n\n\n<figure class=\"wp-block-image size-large\"><img decoding=\"async\" src=\"https:\/\/solomoto.be\/wp-content\/uploads\/2022\/01\/Harley-Davidson-Sportster-1200-Custom.jpg\" alt=\"\" class=\"wp-image-4190\"\/><figcaption class=\"wp-element-caption\">Harley-Davidson Sportster 1200 Custom<\/figcaption><\/figure>\n\n\n\n<figure class=\"wp-block-image size-large\"><img decoding=\"async\" src=\"https:\/\/solomoto.be\/wp-content\/uploads\/2022\/01\/Harley-Davidson-Street-750.jpg\" alt=\"Harley-Davidson Street 750\" class=\"wp-image-4193\"\/><figcaption class=\"wp-element-caption\">Harley-Davidson Street 750<\/figcaption><\/figure>\n\n\n\n<figure class=\"wp-block-image size-large\"><img decoding=\"async\" src=\"https:\/\/solomoto.be\/wp-content\/uploads\/2022\/01\/Harley-Davidson-Street-Rod.jpg\" alt=\"Harley-Davidson Street Rod\" class=\"wp-image-4196\"\/><figcaption class=\"wp-element-caption\">Harley-Davidson Street Rod<\/figcaption><\/figure>\n\n\n\n<figure class=\"wp-block-image size-large\"><img decoding=\"async\" src=\"https:\/\/solomoto.be\/wp-content\/uploads\/2022\/01\/Harley-Davidson-Tri-Glide.jpg\" alt=\"Harley-Davidson Tri Glide\" class=\"wp-image-4199\"\/><figcaption class=\"wp-element-caption\">Harley-Davidson Tri Glide<\/figcaption><\/figure>\n\n\n\n<figure class=\"wp-block-image size-large\"><img decoding=\"async\" src=\"https:\/\/solomoto.be\/wp-content\/uploads\/2022\/01\/21_ra1250_010_l.jpg\" alt=\"Harley-Davidson 1250 Pan America\" class=\"wp-image-5240\"\/><figcaption class=\"wp-element-caption\">Harley-Davidson 1250 Pan America<\/figcaption><\/figure>\n<\/div>\n\n\n\n<div class=\"wp-block-column is-layout-flow wp-block-column-is-layout-flow\">\n<figure class=\"wp-block-image size-large\"><img decoding=\"async\" src=\"https:\/\/solomoto.be\/wp-content\/uploads\/2022\/01\/Harley-Davidson-CVO-Limited.jpg\" alt=\"Harley-Davidson CVO Limited\" class=\"wp-image-4164\"\/><figcaption class=\"wp-element-caption\">Harley-Davidson CVO Limited<\/figcaption><\/figure>\n\n\n\n<figure class=\"wp-block-image size-large\"><img decoding=\"async\" src=\"https:\/\/solomoto.be\/wp-content\/uploads\/2022\/01\/Harley-Davidson-CVO-Tri-Glide.jpg\" alt=\"Harley-Davidson CVO Tri Glide\" class=\"wp-image-4167\"\/><figcaption class=\"wp-element-caption\">Harley-Davidson CVO Tri Glide<\/figcaption><\/figure>\n\n\n\n<figure class=\"wp-block-image size-large\"><img decoding=\"async\" src=\"https:\/\/solomoto.be\/wp-content\/uploads\/2022\/01\/Harley-Davidson-Fat-Bob.jpg\" alt=\"Harley-Davidson Fat Bob\" class=\"wp-image-4170\"\/><figcaption class=\"wp-element-caption\">Harley-Davidson Fat Bob<\/figcaption><\/figure>\n\n\n\n<figure class=\"wp-block-image size-large\"><img decoding=\"async\" src=\"https:\/\/solomoto.be\/wp-content\/uploads\/2022\/01\/Harley-Davidson-Fat-Boy.jpg\" alt=\"Harley-Davidson Fat Boy\" class=\"wp-image-4173\"\/><figcaption class=\"wp-element-caption\">Harley-Davidson Fat Boy<\/figcaption><\/figure>\n\n\n\n<figure class=\"wp-block-image size-large\"><img decoding=\"async\" src=\"https:\/\/solomoto.be\/wp-content\/uploads\/2022\/01\/Harley-Davidson-Heritage-Classic-114.jpg\" alt=\"Harley-Davidson Heritage Classic\" class=\"wp-image-4176\"\/><figcaption class=\"wp-element-caption\">Harley-Davidson Heritage Classic<\/figcaption><\/figure>\n\n\n\n<figure class=\"wp-block-image size-large\"><img decoding=\"async\" src=\"https:\/\/solomoto.be\/wp-content\/uploads\/2022\/01\/Harley-Davidson-Livewire.jpg\" alt=\"Harley-Davidson LiveWire\" class=\"wp-image-4179\"\/><figcaption class=\"wp-element-caption\">Harley-Davidson LiveWire<\/figcaption><\/figure>\n\n\n\n<figure class=\"wp-block-image size-large\"><img decoding=\"async\" src=\"https:\/\/solomoto.be\/wp-content\/uploads\/2022\/01\/Harley-Davidson-Road-Glide-Limited.jpg\" alt=\"Harley-Davidson Road Glide Limited\" class=\"wp-image-4182\"\/><figcaption class=\"wp-element-caption\">Harley-Davidson Road Glide Limited<\/figcaption><\/figure>\n\n\n\n<figure class=\"wp-block-image size-large\"><img decoding=\"async\" src=\"https:\/\/solomoto.be\/wp-content\/uploads\/2022\/01\/Harley-Davidson-Road-King.jpg\" alt=\"Harley-Davidson Road King\" class=\"wp-image-4185\"\/><figcaption class=\"wp-element-caption\">Harley-Davidson Road King<\/figcaption><\/figure>\n\n\n\n<figure class=\"wp-block-image size-large\"><img decoding=\"async\" src=\"https:\/\/solomoto.be\/wp-content\/uploads\/2022\/01\/Harley-Davidson-Softail-Standard.jpg\" alt=\"Harley-Davidson Softail Standard\" class=\"wp-image-4188\"\/><figcaption class=\"wp-element-caption\">Harley-Davidson Softail Standard<\/figcaption><\/figure>\n\n\n\n<figure class=\"wp-block-image size-large\"><img decoding=\"async\" src=\"https:\/\/solomoto.be\/wp-content\/uploads\/2022\/01\/Harley-Davidson-Sportster-Forty-Eight-Custom.jpg\" alt=\"Harley-Davidson Sportster Forty-Eight Custom\" class=\"wp-image-4191\"\/><figcaption class=\"wp-element-caption\">Harley-Davidson Sportster Forty-Eight Custom<\/figcaption><\/figure>\n\n\n\n<figure class=\"wp-block-image size-large\"><img decoding=\"async\" src=\"https:\/\/solomoto.be\/wp-content\/uploads\/2022\/01\/Harley-Davidson-Street-Bob.jpg\" alt=\"Harley-Davidson Street Bob\" class=\"wp-image-4194\"\/><figcaption class=\"wp-element-caption\">Harley-Davidson Street Bob<\/figcaption><\/figure>\n\n\n\n<figure class=\"wp-block-image size-large is-resized\"><img decoding=\"async\" src=\"https:\/\/solomoto.be\/wp-content\/uploads\/2022\/01\/Harley-Davidson-Superlow-1200T.jpg\" alt=\"Harley-Davidson Superlow 1200T\" class=\"wp-image-4197\" style=\"width:234px;height:155px\"\/><figcaption class=\"wp-element-caption\">Harley-Davidson Superlow 1200T<\/figcaption><\/figure>\n\n\n\n<figure class=\"wp-block-image size-large\"><img decoding=\"async\" src=\"https:\/\/solomoto.be\/wp-content\/uploads\/2022\/01\/Harley-Davidson-Ultra-Limited.jpg\" alt=\"Harley-Davidson Electra Glide Limited\" class=\"wp-image-4200\"\/><figcaption class=\"wp-element-caption\">Harley-Davidson Electra Glide Limited<\/figcaption><\/figure>\n\n\n\n<figure class=\"wp-block-image size-large\"><img decoding=\"async\" src=\"https:\/\/solomoto.be\/wp-content\/uploads\/2022\/01\/RA1250s.jpg\" alt=\"Harley-Davidson Pan America 1250 Pan America Special.\" class=\"wp-image-5241\"\/><figcaption class=\"wp-element-caption\">Harley-Davidson Pan America 1250 Pan America Special.<\/figcaption><\/figure>\n<\/div>\n<\/div>\n","protected":false},"excerpt":{"rendered":"<p>Assurer Harley-Davidson chez Solo Moto Solo Moto trouve la meilleure assurance pour chaque marque ou type de moto. De cette&#8230;<\/p>\n","protected":false},"author":1,"featured_media":8552,"parent":0,"menu_order":0,"comment_status":"closed","ping_status":"closed","template":"","meta":{"_acf_changed":false,"footnotes":""},"class_list":["post-1609","page","type-page","status-publish","has-post-thumbnail","hentry"],"acf":[],"_links":{"self":[{"href":"https:\/\/solomoto.be\/fr\/wp-json\/wp\/v2\/pages\/1609","targetHints":{"allow":["GET"]}}],"collection":[{"href":"https:\/\/solomoto.be\/fr\/wp-json\/wp\/v2\/pages"}],"about":[{"href":"https:\/\/solomoto.be\/fr\/wp-json\/wp\/v2\/types\/page"}],"author":[{"embeddable":true,"href":"https:\/\/solomoto.be\/fr\/wp-json\/wp\/v2\/users\/1"}],"replies":[{"embeddable":true,"href":"https:\/\/solomoto.be\/fr\/wp-json\/wp\/v2\/comments?post=1609"}],"version-history":[{"count":42,"href":"https:\/\/solomoto.be\/fr\/wp-json\/wp\/v2\/pages\/1609\/revisions"}],"predecessor-version":[{"id":9203,"href":"https:\/\/solomoto.be\/fr\/wp-json\/wp\/v2\/pages\/1609\/revisions\/9203"}],"wp:featuredmedia":[{"embeddable":true,"href":"https:\/\/solomoto.be\/fr\/wp-json\/wp\/v2\/media\/8552"}],"wp:attachment":[{"href":"https:\/\/solomoto.be\/fr\/wp-json\/wp\/v2\/media?parent=1609"}],"curies":[{"name":"wp","href":"https:\/\/api.w.org\/{rel}","templated":true}]}}